{"id":9704,"date":"2019-10-07T15:11:32","date_gmt":"2019-10-07T13:11:32","guid":{"rendered":"https:\/\/medizentrum-eckert.de\/hno\/?page_id=9704"},"modified":"2025-11-26T08:48:50","modified_gmt":"2025-11-26T07:48:50","slug":"allergologie-zusatzbezeichnug","status":"publish","type":"page","link":"https:\/\/medizentrum-eckert.de\/hno\/leistungen\/allergologie-zusatzbezeichnug\/","title":{"rendered":"Allergologie (Zusatzbezeichnug)"},"content":{"rendered":"<p>[vc_row type=&#8220;vc_default&#8220; full_width_row=&#8220;true&#8220; bg_type=&#8220;image&#8220; parallax_style=&#8220;vcpb-default&#8220; bg_image_new=&#8220;id^9742|url^https:\/\/medizentrum-eckert.de\/hno\/wp-content\/uploads\/sites\/5\/2019\/10\/hno_landingpage_eckert.jpg|caption^null|alt^null|title^hno_landingpage_eckert|description^null&#8220; bg_image_repeat=&#8220;no-repeat&#8220; bg_override=&#8220;full&#8220; min_height=&#8220;400px&#8220; el_class=&#8220;tg-header-image&#8220;][vc_column][\/vc_column][\/vc_row][vc_row type=&#8220;vc_default&#8220; el_class=&#8220;tg-title-headline-wrapper&#8220;][vc_column][vc_column_text]<\/p>\n<div class=\"wrapper-page-title\">\n<h1 class=\"h1-size\">Allergologie<\/h1>\n<ol class=\"breadcrumbs text-small\">\n<li><a title=\"\" href=\"https:\/\/medizentrum-eckert.de\/kieferorthopaedie\/\" rel=\"v:url\">Start<\/a><\/li>\n<li><a title=\"\" href=\"https:\/\/medizentrum-eckert.de\/kieferorthopaedie\/leistungen\/\" rel=\"v:url\">Leistungen<\/a><\/li>\n<li class=\"current\">Allergologie<\/li>\n<\/ol>\n<\/div>\n<p>[\/vc_column_text][\/vc_column][\/vc_row][vc_row margin_bottom=&#8220;50&#8243;][vc_column][vc_column_text][vc_row][vc_column][vc_column_text]Allergien haben sich in den letzten Jahren zu einer echten Volkskrankheit entwickelt.<br \/>\nUrsache derzeit noch nicht eindeutig feststellbar. Viele der Betroffenen, so die Deutsche Gesellschaft f\u00fcr Allergologie und klinische Immunologie, wissen gar nicht um Ihre Erkrankung.<\/p>\n<p>H\u00e4ufig sind die Beschwerden wie zum Beispiel Niesen oder Brennen der Augen zun\u00e4chst harmlos, verschlimmern sich jedoch \u00fcber die Jahre und f\u00fchren zu einem zunehmenden Leidensdruck, Verlust an Lebensqualit\u00e4t, Ausfallzeiten in Schule, Beruf ebenso wie zu manifesten St\u00f6rungen der Atmung bis hin zum Asthma bronchiale und St\u00f6rungen des Schlafes.<\/p>\n<p>Wir bieten die erfordernde Abkl\u00e4rung allergologischer Erkrankungen der h\u00e4ufigsten Allergene (Baum-und Gr\u00e4serpollen, Hausstaubmilben, Tierhaare und Schimmelpilzsporen). Hierf\u00fcr stehen uns die g\u00e4ngigen Haut- und Provokationstests zur Verf\u00fcgung.<\/p>\n<p>Indivduell wird ein Therapiefahrplan erstellt, dieser sieht im Idealfall die spezifische Immuntherapie, die sogenannte Hyposensibilisierung vor, wenn das betreffende Allergen nicht gemieden werden kann. Auch eine medikament\u00f6se antiallergische Therapie zur Symptomlinderung wird erstellt. Alternativmethoden, soweit m\u00f6glich, werden ganz im Sinne der Leitlinien der Deutschen Gesellschaft f\u00fcr Allergologie und Immunologie und des \u00c4rzteverbandes Deutscher Allergologen im Sinne des ganzheitlichen Therapiekonzeptes gesucht.[\/vc_column_text][\/vc_column][\/vc_row]<\/p>\n","protected":false},"excerpt":{"rendered":"<p>[vc_row type=&#8220;vc_default&#8220; full_width_row=&#8220;true&#8220; bg_type=&#8220;image&#8220; parallax_style=&#8220;vcpb-default&#8220; bg_image_new=&#8220;id^9742|url^https:\/\/medizentrum-eckert.de\/hno\/wp-content\/uploads\/sites\/5\/2019\/10\/hno_landingpage_eckert.jpg|caption^null|alt^null|title^hno_landingpage_eckert|description^null&#8220; bg_image_repeat=&#8220;no-repeat&#8220; bg_override=&#8220;full&#8220; min_height=&#8220;400px&#8220; el_class=&#8220;tg-header-image&#8220;][vc_column][\/vc_column][\/vc_row][vc_row type=&#8220;vc_default&#8220; el_class=&#8220;tg-title-headline-wrapper&#8220;][vc_column][vc_column_text] Allergologie Start Leistungen Allergologie [\/vc_column_text][\/vc_column][\/vc_row][vc_row margin_bottom=&#8220;50&#8243;][vc_column][vc_column_text][vc_row][vc_column][vc_column_text]Allergien haben sich in den letzten Jahren zu einer echten Volkskrankheit entwickelt. Ursache derzeit noch nicht eindeutig feststellbar. Viele der Betroffenen, so die Deutsche Gesellschaft f\u00fcr Allergologie und klinische Immunologie, wissen gar nicht um Ihre Erkrankung. H\u00e4ufig sind&hellip;<\/p>\n","protected":false},"author":1,"featured_media":0,"parent":6132,"menu_order":0,"comment_status":"closed","ping_status":"closed","template":"","meta":[],"yoast_head":"<!-- This site is optimized with the Yoast SEO plugin v20.2.1 - https:\/\/yoast.com\/wordpress\/plugins\/seo\/ -->\n<title>Allergologie (Zusatzbezeichnug) - HNO<\/title>\n<meta name=\"description\" content=\"Allergien haben sich in den letzten Jahren zu einer echten Volkskrankheit entwickelt. Ursache derzeit noch nicht eindeutig feststellbar. Viele der Betroffenen, so die Deutsche Gesellschaft f\u00fcr Allergologie und klinische Immunologie, wissen gar nicht um Ihre Erkrankung.\" \/>\n<meta name=\"robots\" content=\"index, follow, max-snippet:-1, max-image-preview:large, max-video-preview:-1\" \/>\n<link rel=\"canonical\" href=\"https:\/\/medizentrum-eckert.de\/hno\/leistungen\/allergologie-zusatzbezeichnug\/\" \/>\n<meta property=\"og:locale\" content=\"de_DE\" \/>\n<meta property=\"og:type\" content=\"article\" \/>\n<meta property=\"og:title\" content=\"Allergologie (Zusatzbezeichnug) - HNO\" \/>\n<meta property=\"og:description\" content=\"Allergien haben sich in den letzten Jahren zu einer echten Volkskrankheit entwickelt. Ursache derzeit noch nicht eindeutig feststellbar. Viele der Betroffenen, so die Deutsche Gesellschaft f\u00fcr Allergologie und klinische Immunologie, wissen gar nicht um Ihre Erkrankung.\" \/>\n<meta property=\"og:url\" content=\"https:\/\/medizentrum-eckert.de\/hno\/leistungen\/allergologie-zusatzbezeichnug\/\" \/>\n<meta property=\"og:site_name\" content=\"HNO\" \/>\n<meta property=\"article:modified_time\" content=\"2025-11-26T07:48:50+00:00\" \/>\n<meta name=\"twitter:card\" content=\"summary_large_image\" \/>\n<meta name=\"twitter:label1\" content=\"Gesch\u00e4tzte Lesezeit\" \/>\n\t<meta name=\"twitter:data1\" content=\"1\u00a0Minute\" \/>\n<script type=\"application\/ld+json\" class=\"yoast-schema-graph\">{\"@context\":\"https:\/\/schema.org\",\"@graph\":[{\"@type\":\"WebPage\",\"@id\":\"https:\/\/medizentrum-eckert.de\/hno\/leistungen\/allergologie-zusatzbezeichnug\/\",\"url\":\"https:\/\/medizentrum-eckert.de\/hno\/leistungen\/allergologie-zusatzbezeichnug\/\",\"name\":\"Allergologie (Zusatzbezeichnug) - HNO\",\"isPartOf\":{\"@id\":\"https:\/\/medizentrum-eckert.de\/hno\/#website\"},\"datePublished\":\"2019-10-07T13:11:32+00:00\",\"dateModified\":\"2025-11-26T07:48:50+00:00\",\"description\":\"Allergien haben sich in den letzten Jahren zu einer echten Volkskrankheit entwickelt. Ursache derzeit noch nicht eindeutig feststellbar. Viele der Betroffenen, so die Deutsche Gesellschaft f\u00fcr Allergologie und klinische Immunologie, wissen gar nicht um Ihre Erkrankung.\",\"breadcrumb\":{\"@id\":\"https:\/\/medizentrum-eckert.de\/hno\/leistungen\/allergologie-zusatzbezeichnug\/#breadcrumb\"},\"inLanguage\":\"de\",\"potentialAction\":[{\"@type\":\"ReadAction\",\"target\":[\"https:\/\/medizentrum-eckert.de\/hno\/leistungen\/allergologie-zusatzbezeichnug\/\"]}]},{\"@type\":\"BreadcrumbList\",\"@id\":\"https:\/\/medizentrum-eckert.de\/hno\/leistungen\/allergologie-zusatzbezeichnug\/#breadcrumb\",\"itemListElement\":[{\"@type\":\"ListItem\",\"position\":1,\"name\":\"Startseite\",\"item\":\"https:\/\/medizentrum-eckert.de\/hno\/\"},{\"@type\":\"ListItem\",\"position\":2,\"name\":\"Leistungen\",\"item\":\"https:\/\/medizentrum-eckert.de\/hno\/leistungen\/\"},{\"@type\":\"ListItem\",\"position\":3,\"name\":\"Allergologie (Zusatzbezeichnug)\"}]},{\"@type\":\"WebSite\",\"@id\":\"https:\/\/medizentrum-eckert.de\/hno\/#website\",\"url\":\"https:\/\/medizentrum-eckert.de\/hno\/\",\"name\":\"HNO\",\"description\":\"\",\"potentialAction\":[{\"@type\":\"SearchAction\",\"target\":{\"@type\":\"EntryPoint\",\"urlTemplate\":\"https:\/\/medizentrum-eckert.de\/hno\/?s={search_term_string}\"},\"query-input\":\"required name=search_term_string\"}],\"inLanguage\":\"de\"}]}<\/script>\n<!-- \/ Yoast SEO plugin. -->","yoast_head_json":{"title":"Allergologie (Zusatzbezeichnug) - HNO","description":"Allergien haben sich in den letzten Jahren zu einer echten Volkskrankheit entwickelt. Ursache derzeit noch nicht eindeutig feststellbar. Viele der Betroffenen, so die Deutsche Gesellschaft f\u00fcr Allergologie und klinische Immunologie, wissen gar nicht um Ihre Erkrankung.","robots":{"index":"index","follow":"follow","max-snippet":"max-snippet:-1","max-image-preview":"max-image-preview:large","max-video-preview":"max-video-preview:-1"},"canonical":"https:\/\/medizentrum-eckert.de\/hno\/leistungen\/allergologie-zusatzbezeichnug\/","og_locale":"de_DE","og_type":"article","og_title":"Allergologie (Zusatzbezeichnug) - HNO","og_description":"Allergien haben sich in den letzten Jahren zu einer echten Volkskrankheit entwickelt. Ursache derzeit noch nicht eindeutig feststellbar. Viele der Betroffenen, so die Deutsche Gesellschaft f\u00fcr Allergologie und klinische Immunologie, wissen gar nicht um Ihre Erkrankung.","og_url":"https:\/\/medizentrum-eckert.de\/hno\/leistungen\/allergologie-zusatzbezeichnug\/","og_site_name":"HNO","article_modified_time":"2025-11-26T07:48:50+00:00","twitter_card":"summary_large_image","twitter_misc":{"Gesch\u00e4tzte Lesezeit":"1\u00a0Minute"},"schema":{"@context":"https:\/\/schema.org","@graph":[{"@type":"WebPage","@id":"https:\/\/medizentrum-eckert.de\/hno\/leistungen\/allergologie-zusatzbezeichnug\/","url":"https:\/\/medizentrum-eckert.de\/hno\/leistungen\/allergologie-zusatzbezeichnug\/","name":"Allergologie (Zusatzbezeichnug) - HNO","isPartOf":{"@id":"https:\/\/medizentrum-eckert.de\/hno\/#website"},"datePublished":"2019-10-07T13:11:32+00:00","dateModified":"2025-11-26T07:48:50+00:00","description":"Allergien haben sich in den letzten Jahren zu einer echten Volkskrankheit entwickelt. Ursache derzeit noch nicht eindeutig feststellbar. Viele der Betroffenen, so die Deutsche Gesellschaft f\u00fcr Allergologie und klinische Immunologie, wissen gar nicht um Ihre Erkrankung.","breadcrumb":{"@id":"https:\/\/medizentrum-eckert.de\/hno\/leistungen\/allergologie-zusatzbezeichnug\/#breadcrumb"},"inLanguage":"de","potentialAction":[{"@type":"ReadAction","target":["https:\/\/medizentrum-eckert.de\/hno\/leistungen\/allergologie-zusatzbezeichnug\/"]}]},{"@type":"BreadcrumbList","@id":"https:\/\/medizentrum-eckert.de\/hno\/leistungen\/allergologie-zusatzbezeichnug\/#breadcrumb","itemListElement":[{"@type":"ListItem","position":1,"name":"Startseite","item":"https:\/\/medizentrum-eckert.de\/hno\/"},{"@type":"ListItem","position":2,"name":"Leistungen","item":"https:\/\/medizentrum-eckert.de\/hno\/leistungen\/"},{"@type":"ListItem","position":3,"name":"Allergologie (Zusatzbezeichnug)"}]},{"@type":"WebSite","@id":"https:\/\/medizentrum-eckert.de\/hno\/#website","url":"https:\/\/medizentrum-eckert.de\/hno\/","name":"HNO","description":"","potentialAction":[{"@type":"SearchAction","target":{"@type":"EntryPoint","urlTemplate":"https:\/\/medizentrum-eckert.de\/hno\/?s={search_term_string}"},"query-input":"required name=search_term_string"}],"inLanguage":"de"}]}},"_links":{"self":[{"href":"https:\/\/medizentrum-eckert.de\/hno\/wp-json\/wp\/v2\/pages\/9704"}],"collection":[{"href":"https:\/\/medizentrum-eckert.de\/hno\/wp-json\/wp\/v2\/pages"}],"about":[{"href":"https:\/\/medizentrum-eckert.de\/hno\/wp-json\/wp\/v2\/types\/page"}],"author":[{"embeddable":true,"href":"https:\/\/medizentrum-eckert.de\/hno\/wp-json\/wp\/v2\/users\/1"}],"replies":[{"embeddable":true,"href":"https:\/\/medizentrum-eckert.de\/hno\/wp-json\/wp\/v2\/comments?post=9704"}],"version-history":[{"count":8,"href":"https:\/\/medizentrum-eckert.de\/hno\/wp-json\/wp\/v2\/pages\/9704\/revisions"}],"predecessor-version":[{"id":9844,"href":"https:\/\/medizentrum-eckert.de\/hno\/wp-json\/wp\/v2\/pages\/9704\/revisions\/9844"}],"up":[{"embeddable":true,"href":"https:\/\/medizentrum-eckert.de\/hno\/wp-json\/wp\/v2\/pages\/6132"}],"wp:attachment":[{"href":"https:\/\/medizentrum-eckert.de\/hno\/wp-json\/wp\/v2\/media?parent=9704"}],"curies":[{"name":"wp","href":"https:\/\/api.w.org\/{rel}","templated":true}]}}