{"id":9354,"date":"2019-07-23T14:58:58","date_gmt":"2019-07-23T12:58:58","guid":{"rendered":"https:\/\/medizentrum-eckert.de\/hno\/?page_id=9354"},"modified":"2020-01-16T15:39:33","modified_gmt":"2020-01-16T14:39:33","slug":"schlaf-und-atemstoeerungen","status":"publish","type":"page","link":"https:\/\/medizentrum-eckert.de\/hno\/leistungen\/schlaf-und-atemstoeerungen\/","title":{"rendered":"Schlaf- und Atemst\u00f6rungen"},"content":{"rendered":"<p>[vc_row type=&#8220;vc_default&#8220; full_width_row=&#8220;true&#8220; bg_type=&#8220;image&#8220; parallax_style=&#8220;vcpb-default&#8220; bg_image_new=&#8220;id^9742|url^https:\/\/medizentrum-eckert.de\/hno\/wp-content\/uploads\/sites\/5\/2019\/10\/hno_landingpage_eckert.jpg|caption^null|alt^null|title^hno_landingpage_eckert|description^null&#8220; bg_image_repeat=&#8220;no-repeat&#8220; bg_override=&#8220;full&#8220; min_height=&#8220;400px&#8220; el_class=&#8220;tg-header-image&#8220;][vc_column][\/vc_column][\/vc_row][vc_row type=&#8220;vc_default&#8220; el_class=&#8220;tg-title-headline-wrapper&#8220;][vc_column][vc_column_text]<\/p>\n<div class=\"wrapper-page-title\">\n<h1 class=\"h1-size\">Schlaf- und Atemst\u00f6rungen<\/h1>\n<ol class=\"breadcrumbs text-small\">\n<li><a title=\"\" href=\"https:\/\/augenzentrum-eckert.de\/leistungen\/\" rel=\"v:url\">Leistungen<\/a><\/li>\n<li class=\"current\">Schlaf- und Atemst\u00f6rungen<\/li>\n<\/ol>\n<\/div>\n<p>[\/vc_column_text][\/vc_column][\/vc_row][vc_row margin_bottom=&#8220;50&#8243;][vc_column][vc_column_text]Leiden Sie unter einer schlafbezogenen Atemst\u00f6rung?<br \/>\nDiese ist durch eine Vielzahl von Symptomen gekennzeichnet. Ein Hauptsymptom ist ein n\u00e4chtliches Schnarchger\u00e4usch.<\/p>\n<p><strong>SCHNARCHEN:<\/strong><br \/>\nSchnarchen ist ein weit verbreitetes Problem. Etwa 20 % der Erwachsenen schnarchen im Schlaf. Mit zunehmendem Alter erh\u00f6ht sich die Wahrscheinlichkeit zu schnarchen, so dass etwa 60 % der M\u00e4nner und 40 % der Frauen jenseits von 60 schnarchen. Dabei wird die Partnerschaft oft auf eine harte Probe gestellt. Wissenschaftliche Untersuchungen zum \u201ePassivschnarchen\u201c haben belegt, dass der erholsame Schlaf Ihres Partners durch das Schnarchger\u00e4usch empfindlich gest\u00f6rt ist mit langfristigen Folgen f\u00fcr die Gesundheit des Partners.<\/p>\n<p><strong>ENTSTEHUNG DES SCHNARCHENS:<\/strong><br \/>\nSchnarchen entsteht durch eine schlafbezogene Verengung der oberen Atemwege. Diese erstrecken sich von der Nasenspitze bis zum Kehlkopf. Durch eine oder mehrere Verengungen in diesem Bereich muss die lebensnotwendige Atemluft in Richtung Lunge mit h\u00f6herer Geschwindigkeit diese Engstellen passieren, so dass in Verbindung mit Vibrationen der Muskulatur ein h\u00f6rbares Str\u00f6mungsger\u00e4usch der Atemluft, das Schnarchen, entsteht. Diese Engstellen sind h\u00e4ufig genetisch vorgegeben, entstehen aber in der Regel erst durch eine eigentlich physiologische Entspannung der Muskulatur im Schlaf. Aus diesem Grund schnarcht man nur im Schlaf.<\/p>\n<p><strong>ATEMAUSSETZER (APNOEN):<\/strong><br \/>\nSchnarchen ist dar\u00fcber hinaus h\u00e4ufig mit n\u00e4chtlichen Unterbrechungen der Atmung, sogenannten Apnoen verbunden. Ursache der Apnoen ist eine vollst\u00e4ndige oder nahezu vollst\u00e4ndige Verengung der oberen Atemwege. Je nach Anzahl und L\u00e4nge der Atemaussetzer kann dadurch der erholsame Schlaf erheblich beeintr\u00e4chtigt sein, weshalb betroffene Patienten h\u00e4ufig eine Tagesm\u00fcdigkeit beklagen. Weitere Symptome k\u00f6nnen Konzentrationsst\u00f6rungen, Bluthochdruck, Durchschlafst\u00f6rungen, vermehrtes n\u00e4chtliches Wasserlassen und Halsschmerzen sein.[\/vc_column_text][\/vc_column][\/vc_row]<\/p>\n","protected":false},"excerpt":{"rendered":"<p>[vc_row type=&#8220;vc_default&#8220; full_width_row=&#8220;true&#8220; bg_type=&#8220;image&#8220; parallax_style=&#8220;vcpb-default&#8220; bg_image_new=&#8220;id^9742|url^https:\/\/medizentrum-eckert.de\/hno\/wp-content\/uploads\/sites\/5\/2019\/10\/hno_landingpage_eckert.jpg|caption^null|alt^null|title^hno_landingpage_eckert|description^null&#8220; bg_image_repeat=&#8220;no-repeat&#8220; bg_override=&#8220;full&#8220; min_height=&#8220;400px&#8220; el_class=&#8220;tg-header-image&#8220;][vc_column][\/vc_column][\/vc_row][vc_row type=&#8220;vc_default&#8220; el_class=&#8220;tg-title-headline-wrapper&#8220;][vc_column][vc_column_text] Schlaf- und Atemst\u00f6rungen Leistungen Schlaf- und Atemst\u00f6rungen [\/vc_column_text][\/vc_column][\/vc_row][vc_row margin_bottom=&#8220;50&#8243;][vc_column][vc_column_text]Leiden Sie unter einer schlafbezogenen Atemst\u00f6rung? Diese ist durch eine Vielzahl von Symptomen gekennzeichnet. Ein Hauptsymptom ist ein n\u00e4chtliches Schnarchger\u00e4usch. SCHNARCHEN: Schnarchen ist ein weit verbreitetes Problem. Etwa 20 % der Erwachsenen schnarchen im Schlaf.&hellip;<\/p>\n","protected":false},"author":1,"featured_media":0,"parent":6132,"menu_order":0,"comment_status":"closed","ping_status":"closed","template":"","meta":[],"yoast_head":"<!-- This site is optimized with the Yoast SEO plugin v20.2.1 - https:\/\/yoast.com\/wordpress\/plugins\/seo\/ -->\n<title>Schlaf- und Atemst\u00f6rungen - HNO<\/title>\n<meta name=\"robots\" content=\"index, follow, max-snippet:-1, max-image-preview:large, max-video-preview:-1\" \/>\n<link rel=\"canonical\" href=\"https:\/\/medizentrum-eckert.de\/hno\/leistungen\/schlaf-und-atemstoeerungen\/\" \/>\n<meta property=\"og:locale\" content=\"de_DE\" \/>\n<meta property=\"og:type\" content=\"article\" \/>\n<meta property=\"og:title\" content=\"Schlaf- und Atemst\u00f6rungen - HNO\" \/>\n<meta property=\"og:description\" content=\"[vc_row type=&#8220;vc_default&#8220; full_width_row=&#8220;true&#8220; bg_type=&#8220;image&#8220; parallax_style=&#8220;vcpb-default&#8220; bg_image_new=&#8220;id^9742|url^https:\/\/medizentrum-eckert.de\/hno\/wp-content\/uploads\/sites\/5\/2019\/10\/hno_landingpage_eckert.jpg|caption^null|alt^null|title^hno_landingpage_eckert|description^null&#8220; bg_image_repeat=&#8220;no-repeat&#8220; bg_override=&#8220;full&#8220; min_height=&#8220;400px&#8220; el_class=&#8220;tg-header-image&#8220;][vc_column][\/vc_column][\/vc_row][vc_row type=&#8220;vc_default&#8220; el_class=&#8220;tg-title-headline-wrapper&#8220;][vc_column][vc_column_text] Schlaf- und Atemst\u00f6rungen Leistungen Schlaf- und Atemst\u00f6rungen [\/vc_column_text][\/vc_column][\/vc_row][vc_row margin_bottom=&#8220;50&#8243;][vc_column][vc_column_text]Leiden Sie unter einer schlafbezogenen Atemst\u00f6rung? Diese ist durch eine Vielzahl von Symptomen gekennzeichnet. Ein Hauptsymptom ist ein n\u00e4chtliches Schnarchger\u00e4usch. SCHNARCHEN: Schnarchen ist ein weit verbreitetes Problem. Etwa 20 % der Erwachsenen schnarchen im Schlaf.&hellip;\" \/>\n<meta property=\"og:url\" content=\"https:\/\/medizentrum-eckert.de\/hno\/leistungen\/schlaf-und-atemstoeerungen\/\" \/>\n<meta property=\"og:site_name\" content=\"HNO\" \/>\n<meta property=\"article:modified_time\" content=\"2020-01-16T14:39:33+00:00\" \/>\n<meta name=\"twitter:card\" content=\"summary_large_image\" \/>\n<meta name=\"twitter:label1\" content=\"Gesch\u00e4tzte Lesezeit\" \/>\n\t<meta name=\"twitter:data1\" content=\"2\u00a0Minuten\" \/>\n<script type=\"application\/ld+json\" class=\"yoast-schema-graph\">{\"@context\":\"https:\/\/schema.org\",\"@graph\":[{\"@type\":\"WebPage\",\"@id\":\"https:\/\/medizentrum-eckert.de\/hno\/leistungen\/schlaf-und-atemstoeerungen\/\",\"url\":\"https:\/\/medizentrum-eckert.de\/hno\/leistungen\/schlaf-und-atemstoeerungen\/\",\"name\":\"Schlaf- und Atemst\u00f6rungen - HNO\",\"isPartOf\":{\"@id\":\"https:\/\/medizentrum-eckert.de\/hno\/#website\"},\"datePublished\":\"2019-07-23T12:58:58+00:00\",\"dateModified\":\"2020-01-16T14:39:33+00:00\",\"breadcrumb\":{\"@id\":\"https:\/\/medizentrum-eckert.de\/hno\/leistungen\/schlaf-und-atemstoeerungen\/#breadcrumb\"},\"inLanguage\":\"de\",\"potentialAction\":[{\"@type\":\"ReadAction\",\"target\":[\"https:\/\/medizentrum-eckert.de\/hno\/leistungen\/schlaf-und-atemstoeerungen\/\"]}]},{\"@type\":\"BreadcrumbList\",\"@id\":\"https:\/\/medizentrum-eckert.de\/hno\/leistungen\/schlaf-und-atemstoeerungen\/#breadcrumb\",\"itemListElement\":[{\"@type\":\"ListItem\",\"position\":1,\"name\":\"Startseite\",\"item\":\"https:\/\/medizentrum-eckert.de\/hno\/\"},{\"@type\":\"ListItem\",\"position\":2,\"name\":\"Leistungen\",\"item\":\"https:\/\/medizentrum-eckert.de\/hno\/leistungen\/\"},{\"@type\":\"ListItem\",\"position\":3,\"name\":\"Schlaf- und Atemst\u00f6rungen\"}]},{\"@type\":\"WebSite\",\"@id\":\"https:\/\/medizentrum-eckert.de\/hno\/#website\",\"url\":\"https:\/\/medizentrum-eckert.de\/hno\/\",\"name\":\"HNO\",\"description\":\"\",\"potentialAction\":[{\"@type\":\"SearchAction\",\"target\":{\"@type\":\"EntryPoint\",\"urlTemplate\":\"https:\/\/medizentrum-eckert.de\/hno\/?s={search_term_string}\"},\"query-input\":\"required name=search_term_string\"}],\"inLanguage\":\"de\"}]}<\/script>\n<!-- \/ Yoast SEO plugin. -->","yoast_head_json":{"title":"Schlaf- und Atemst\u00f6rungen - HNO","robots":{"index":"index","follow":"follow","max-snippet":"max-snippet:-1","max-image-preview":"max-image-preview:large","max-video-preview":"max-video-preview:-1"},"canonical":"https:\/\/medizentrum-eckert.de\/hno\/leistungen\/schlaf-und-atemstoeerungen\/","og_locale":"de_DE","og_type":"article","og_title":"Schlaf- und Atemst\u00f6rungen - HNO","og_description":"[vc_row type=&#8220;vc_default&#8220; full_width_row=&#8220;true&#8220; bg_type=&#8220;image&#8220; parallax_style=&#8220;vcpb-default&#8220; bg_image_new=&#8220;id^9742|url^https:\/\/medizentrum-eckert.de\/hno\/wp-content\/uploads\/sites\/5\/2019\/10\/hno_landingpage_eckert.jpg|caption^null|alt^null|title^hno_landingpage_eckert|description^null&#8220; bg_image_repeat=&#8220;no-repeat&#8220; bg_override=&#8220;full&#8220; min_height=&#8220;400px&#8220; el_class=&#8220;tg-header-image&#8220;][vc_column][\/vc_column][\/vc_row][vc_row type=&#8220;vc_default&#8220; el_class=&#8220;tg-title-headline-wrapper&#8220;][vc_column][vc_column_text] Schlaf- und Atemst\u00f6rungen Leistungen Schlaf- und Atemst\u00f6rungen [\/vc_column_text][\/vc_column][\/vc_row][vc_row margin_bottom=&#8220;50&#8243;][vc_column][vc_column_text]Leiden Sie unter einer schlafbezogenen Atemst\u00f6rung? Diese ist durch eine Vielzahl von Symptomen gekennzeichnet. Ein Hauptsymptom ist ein n\u00e4chtliches Schnarchger\u00e4usch. SCHNARCHEN: Schnarchen ist ein weit verbreitetes Problem. Etwa 20 % der Erwachsenen schnarchen im Schlaf.&hellip;","og_url":"https:\/\/medizentrum-eckert.de\/hno\/leistungen\/schlaf-und-atemstoeerungen\/","og_site_name":"HNO","article_modified_time":"2020-01-16T14:39:33+00:00","twitter_card":"summary_large_image","twitter_misc":{"Gesch\u00e4tzte Lesezeit":"2\u00a0Minuten"},"schema":{"@context":"https:\/\/schema.org","@graph":[{"@type":"WebPage","@id":"https:\/\/medizentrum-eckert.de\/hno\/leistungen\/schlaf-und-atemstoeerungen\/","url":"https:\/\/medizentrum-eckert.de\/hno\/leistungen\/schlaf-und-atemstoeerungen\/","name":"Schlaf- und Atemst\u00f6rungen - HNO","isPartOf":{"@id":"https:\/\/medizentrum-eckert.de\/hno\/#website"},"datePublished":"2019-07-23T12:58:58+00:00","dateModified":"2020-01-16T14:39:33+00:00","breadcrumb":{"@id":"https:\/\/medizentrum-eckert.de\/hno\/leistungen\/schlaf-und-atemstoeerungen\/#breadcrumb"},"inLanguage":"de","potentialAction":[{"@type":"ReadAction","target":["https:\/\/medizentrum-eckert.de\/hno\/leistungen\/schlaf-und-atemstoeerungen\/"]}]},{"@type":"BreadcrumbList","@id":"https:\/\/medizentrum-eckert.de\/hno\/leistungen\/schlaf-und-atemstoeerungen\/#breadcrumb","itemListElement":[{"@type":"ListItem","position":1,"name":"Startseite","item":"https:\/\/medizentrum-eckert.de\/hno\/"},{"@type":"ListItem","position":2,"name":"Leistungen","item":"https:\/\/medizentrum-eckert.de\/hno\/leistungen\/"},{"@type":"ListItem","position":3,"name":"Schlaf- und Atemst\u00f6rungen"}]},{"@type":"WebSite","@id":"https:\/\/medizentrum-eckert.de\/hno\/#website","url":"https:\/\/medizentrum-eckert.de\/hno\/","name":"HNO","description":"","potentialAction":[{"@type":"SearchAction","target":{"@type":"EntryPoint","urlTemplate":"https:\/\/medizentrum-eckert.de\/hno\/?s={search_term_string}"},"query-input":"required name=search_term_string"}],"inLanguage":"de"}]}},"_links":{"self":[{"href":"https:\/\/medizentrum-eckert.de\/hno\/wp-json\/wp\/v2\/pages\/9354"}],"collection":[{"href":"https:\/\/medizentrum-eckert.de\/hno\/wp-json\/wp\/v2\/pages"}],"about":[{"href":"https:\/\/medizentrum-eckert.de\/hno\/wp-json\/wp\/v2\/types\/page"}],"author":[{"embeddable":true,"href":"https:\/\/medizentrum-eckert.de\/hno\/wp-json\/wp\/v2\/users\/1"}],"replies":[{"embeddable":true,"href":"https:\/\/medizentrum-eckert.de\/hno\/wp-json\/wp\/v2\/comments?post=9354"}],"version-history":[{"count":25,"href":"https:\/\/medizentrum-eckert.de\/hno\/wp-json\/wp\/v2\/pages\/9354\/revisions"}],"predecessor-version":[{"id":9723,"href":"https:\/\/medizentrum-eckert.de\/hno\/wp-json\/wp\/v2\/pages\/9354\/revisions\/9723"}],"up":[{"embeddable":true,"href":"https:\/\/medizentrum-eckert.de\/hno\/wp-json\/wp\/v2\/pages\/6132"}],"wp:attachment":[{"href":"https:\/\/medizentrum-eckert.de\/hno\/wp-json\/wp\/v2\/media?parent=9354"}],"curies":[{"name":"wp","href":"https:\/\/api.w.org\/{rel}","templated":true}]}}