{"id":800,"date":"2016-09-21T21:27:37","date_gmt":"2016-09-21T19:27:37","guid":{"rendered":"http:\/\/wordpress.augenzentrum-eckert.de\/?page_id=800"},"modified":"2016-09-21T21:27:37","modified_gmt":"2016-09-21T19:27:37","slug":"indien-2012","status":"publish","type":"page","link":"https:\/\/medizentrum-eckert.de\/hno\/ueber-uns\/hilfsprojekte\/indien-2012\/","title":{"rendered":"Hilfsprojekt Indien 2012"},"content":{"rendered":"<p>[vc_row][vc_column][vc_column_text]Im Jahr 2012 waren wir f\u00fcr mehrere Wochen im Norden von Indien, in der N\u00e4he des Himalayas.<\/p>\n<p>Das Durchschnittseinkommen eines Inders betr\u00e4gt keine 100 Euro pro Monat. Frauen werden nach wie vor stark benachteiligt. In Indien ist die medizinische Versorgung besonders f\u00fcr die Menschen schlecht, die keinerlei finanzielle Mittel haben.<\/p>\n<p>Armut und schlechtes Sehen sind oft untrennbar miteinander verkn\u00fcpft.<\/p>\n<p>Deshalb haben wir zusammen mit einem Kollegen in Nordindien zumindest einem Teil der Inder das Augenlicht wieder geschenkt und damit den Weg zur\u00fcck in ein Arbeitsleben geebnet.[\/vc_column_text][\/vc_column][\/vc_row][vc_row][vc_column][vc_masonry_media_grid grid_id=&#8220;vc_gid:1478185899437-d19c7501-705d-1&#8243; include=&#8220;803,804,805,806,807,808,809,810,811,820,821,822,823,824,825,826&#8243;][\/vc_column][\/vc_row]<\/p>\n","protected":false},"excerpt":{"rendered":"<p>[vc_row][vc_column][vc_column_text]Im Jahr 2012 waren wir f\u00fcr mehrere Wochen im Norden von Indien, in der N\u00e4he des Himalayas. Das Durchschnittseinkommen eines Inders betr\u00e4gt keine 100 Euro pro Monat. Frauen werden nach wie vor stark benachteiligt. In Indien ist die medizinische Versorgung besonders f\u00fcr die Menschen schlecht, die keinerlei finanzielle Mittel haben. Armut und schlechtes Sehen sind&hellip;<\/p>\n","protected":false},"author":1,"featured_media":0,"parent":114,"menu_order":0,"comment_status":"closed","ping_status":"closed","template":"","meta":[],"yoast_head":"<!-- This site is optimized with the Yoast SEO plugin v20.2.1 - https:\/\/yoast.com\/wordpress\/plugins\/seo\/ -->\n<title>Hilfsprojekt Indien 2012 - HNO<\/title>\n<meta name=\"robots\" content=\"index, follow, max-snippet:-1, max-image-preview:large, max-video-preview:-1\" \/>\n<link rel=\"canonical\" href=\"https:\/\/medizentrum-eckert.de\/hno\/ueber-uns\/hilfsprojekte\/indien-2012\/\" \/>\n<meta property=\"og:locale\" content=\"de_DE\" \/>\n<meta property=\"og:type\" content=\"article\" \/>\n<meta property=\"og:title\" content=\"Hilfsprojekt Indien 2012 - HNO\" \/>\n<meta property=\"og:description\" content=\"[vc_row][vc_column][vc_column_text]Im Jahr 2012 waren wir f\u00fcr mehrere Wochen im Norden von Indien, in der N\u00e4he des Himalayas. Das Durchschnittseinkommen eines Inders betr\u00e4gt keine 100 Euro pro Monat. Frauen werden nach wie vor stark benachteiligt. In Indien ist die medizinische Versorgung besonders f\u00fcr die Menschen schlecht, die keinerlei finanzielle Mittel haben. Armut und schlechtes Sehen sind&hellip;\" \/>\n<meta property=\"og:url\" content=\"https:\/\/medizentrum-eckert.de\/hno\/ueber-uns\/hilfsprojekte\/indien-2012\/\" \/>\n<meta property=\"og:site_name\" content=\"HNO\" \/>\n<meta name=\"twitter:card\" content=\"summary_large_image\" \/>\n<meta name=\"twitter:label1\" content=\"Gesch\u00e4tzte Lesezeit\" \/>\n\t<meta name=\"twitter:data1\" content=\"1\u00a0Minute\" \/>\n<script type=\"application\/ld+json\" class=\"yoast-schema-graph\">{\"@context\":\"https:\/\/schema.org\",\"@graph\":[{\"@type\":\"WebPage\",\"@id\":\"https:\/\/medizentrum-eckert.de\/hno\/ueber-uns\/hilfsprojekte\/indien-2012\/\",\"url\":\"https:\/\/medizentrum-eckert.de\/hno\/ueber-uns\/hilfsprojekte\/indien-2012\/\",\"name\":\"Hilfsprojekt Indien 2012 - HNO\",\"isPartOf\":{\"@id\":\"https:\/\/medizentrum-eckert.de\/hno\/#website\"},\"datePublished\":\"2016-09-21T19:27:37+00:00\",\"dateModified\":\"2016-09-21T19:27:37+00:00\",\"breadcrumb\":{\"@id\":\"https:\/\/medizentrum-eckert.de\/hno\/ueber-uns\/hilfsprojekte\/indien-2012\/#breadcrumb\"},\"inLanguage\":\"de\",\"potentialAction\":[{\"@type\":\"ReadAction\",\"target\":[\"https:\/\/medizentrum-eckert.de\/hno\/ueber-uns\/hilfsprojekte\/indien-2012\/\"]}]},{\"@type\":\"BreadcrumbList\",\"@id\":\"https:\/\/medizentrum-eckert.de\/hno\/ueber-uns\/hilfsprojekte\/indien-2012\/#breadcrumb\",\"itemListElement\":[{\"@type\":\"ListItem\",\"position\":1,\"name\":\"Startseite\",\"item\":\"https:\/\/medizentrum-eckert.de\/hno\/\"},{\"@type\":\"ListItem\",\"position\":2,\"name\":\"\u00dcber uns\",\"item\":\"https:\/\/medizentrum-eckert.de\/hno\/ueber-uns\/\"},{\"@type\":\"ListItem\",\"position\":3,\"name\":\"Hilfsprojekte\",\"item\":\"https:\/\/medizentrum-eckert.de\/hno\/ueber-uns\/hilfsprojekte\/\"},{\"@type\":\"ListItem\",\"position\":4,\"name\":\"Hilfsprojekt Indien 2012\"}]},{\"@type\":\"WebSite\",\"@id\":\"https:\/\/medizentrum-eckert.de\/hno\/#website\",\"url\":\"https:\/\/medizentrum-eckert.de\/hno\/\",\"name\":\"HNO\",\"description\":\"\",\"potentialAction\":[{\"@type\":\"SearchAction\",\"target\":{\"@type\":\"EntryPoint\",\"urlTemplate\":\"https:\/\/medizentrum-eckert.de\/hno\/?s={search_term_string}\"},\"query-input\":\"required name=search_term_string\"}],\"inLanguage\":\"de\"}]}<\/script>\n<!-- \/ Yoast SEO plugin. -->","yoast_head_json":{"title":"Hilfsprojekt Indien 2012 - HNO","robots":{"index":"index","follow":"follow","max-snippet":"max-snippet:-1","max-image-preview":"max-image-preview:large","max-video-preview":"max-video-preview:-1"},"canonical":"https:\/\/medizentrum-eckert.de\/hno\/ueber-uns\/hilfsprojekte\/indien-2012\/","og_locale":"de_DE","og_type":"article","og_title":"Hilfsprojekt Indien 2012 - HNO","og_description":"[vc_row][vc_column][vc_column_text]Im Jahr 2012 waren wir f\u00fcr mehrere Wochen im Norden von Indien, in der N\u00e4he des Himalayas. Das Durchschnittseinkommen eines Inders betr\u00e4gt keine 100 Euro pro Monat. Frauen werden nach wie vor stark benachteiligt. In Indien ist die medizinische Versorgung besonders f\u00fcr die Menschen schlecht, die keinerlei finanzielle Mittel haben. Armut und schlechtes Sehen sind&hellip;","og_url":"https:\/\/medizentrum-eckert.de\/hno\/ueber-uns\/hilfsprojekte\/indien-2012\/","og_site_name":"HNO","twitter_card":"summary_large_image","twitter_misc":{"Gesch\u00e4tzte Lesezeit":"1\u00a0Minute"},"schema":{"@context":"https:\/\/schema.org","@graph":[{"@type":"WebPage","@id":"https:\/\/medizentrum-eckert.de\/hno\/ueber-uns\/hilfsprojekte\/indien-2012\/","url":"https:\/\/medizentrum-eckert.de\/hno\/ueber-uns\/hilfsprojekte\/indien-2012\/","name":"Hilfsprojekt Indien 2012 - HNO","isPartOf":{"@id":"https:\/\/medizentrum-eckert.de\/hno\/#website"},"datePublished":"2016-09-21T19:27:37+00:00","dateModified":"2016-09-21T19:27:37+00:00","breadcrumb":{"@id":"https:\/\/medizentrum-eckert.de\/hno\/ueber-uns\/hilfsprojekte\/indien-2012\/#breadcrumb"},"inLanguage":"de","potentialAction":[{"@type":"ReadAction","target":["https:\/\/medizentrum-eckert.de\/hno\/ueber-uns\/hilfsprojekte\/indien-2012\/"]}]},{"@type":"BreadcrumbList","@id":"https:\/\/medizentrum-eckert.de\/hno\/ueber-uns\/hilfsprojekte\/indien-2012\/#breadcrumb","itemListElement":[{"@type":"ListItem","position":1,"name":"Startseite","item":"https:\/\/medizentrum-eckert.de\/hno\/"},{"@type":"ListItem","position":2,"name":"\u00dcber uns","item":"https:\/\/medizentrum-eckert.de\/hno\/ueber-uns\/"},{"@type":"ListItem","position":3,"name":"Hilfsprojekte","item":"https:\/\/medizentrum-eckert.de\/hno\/ueber-uns\/hilfsprojekte\/"},{"@type":"ListItem","position":4,"name":"Hilfsprojekt Indien 2012"}]},{"@type":"WebSite","@id":"https:\/\/medizentrum-eckert.de\/hno\/#website","url":"https:\/\/medizentrum-eckert.de\/hno\/","name":"HNO","description":"","potentialAction":[{"@type":"SearchAction","target":{"@type":"EntryPoint","urlTemplate":"https:\/\/medizentrum-eckert.de\/hno\/?s={search_term_string}"},"query-input":"required name=search_term_string"}],"inLanguage":"de"}]}},"_links":{"self":[{"href":"https:\/\/medizentrum-eckert.de\/hno\/wp-json\/wp\/v2\/pages\/800"}],"collection":[{"href":"https:\/\/medizentrum-eckert.de\/hno\/wp-json\/wp\/v2\/pages"}],"about":[{"href":"https:\/\/medizentrum-eckert.de\/hno\/wp-json\/wp\/v2\/types\/page"}],"author":[{"embeddable":true,"href":"https:\/\/medizentrum-eckert.de\/hno\/wp-json\/wp\/v2\/users\/1"}],"replies":[{"embeddable":true,"href":"https:\/\/medizentrum-eckert.de\/hno\/wp-json\/wp\/v2\/comments?post=800"}],"version-history":[{"count":0,"href":"https:\/\/medizentrum-eckert.de\/hno\/wp-json\/wp\/v2\/pages\/800\/revisions"}],"up":[{"embeddable":true,"href":"https:\/\/medizentrum-eckert.de\/hno\/wp-json\/wp\/v2\/pages\/114"}],"wp:attachment":[{"href":"https:\/\/medizentrum-eckert.de\/hno\/wp-json\/wp\/v2\/media?parent=800"}],"curies":[{"name":"wp","href":"https:\/\/api.w.org\/{rel}","templated":true}]}}