{"id":7303,"date":"2018-06-13T12:00:58","date_gmt":"2018-06-13T10:00:58","guid":{"rendered":"https:\/\/augenzentrum-eckert.de\/?page_id=7303"},"modified":"2018-06-13T12:00:58","modified_gmt":"2018-06-13T10:00:58","slug":"einwilligungserklaerung","status":"publish","type":"page","link":"https:\/\/medizentrum-eckert.de\/hno\/info\/einwilligungserklaerung\/","title":{"rendered":"Einwilligungserkl\u00e4rung"},"content":{"rendered":"<p>[vc_row][vc_column][vc_column_text css=&#8220;.vc_custom_1528883976139{margin-bottom: 24px !important;}&#8220;]<\/p>\n<h2>Einwilligungserkl\u00e4rung zur Erhebung \/ \u00dcbermittlung von Patientendaten<\/h2>\n<p>[\/vc_column_text][vc_row_inner][vc_column_inner][vc_column_text]Der Schutz Ihrer pers\u00f6nlichen Daten ist uns besonders wichtig. Daher geben wir Ihre Behandlungsdaten und Befunde an andere \u00c4rzte nur mit Ihrer ausdr\u00fccklichen Zustimmung weiter. Ebenso erhalten wir Ihre Behandlungsdaten und Befunde von anderen \u00c4rzten auch nur, wenn Sie dem zugestimmt haben.<\/p>\n<p>Folgend finden Sie daher unsere Einwilligungserkl\u00e4rung zur Erhebung \/ \u00dcbermittlung von Patientendaten. Sie k\u00f6nnen die Erkl\u00e4rung bereits zu Hause ausdrucken und Sie unterschrieben bei Ihrem Besuch in einer unserer Praxen vorlegen.[\/vc_column_text][vc_btn title=&#8220;zur Einwilligungserkl\u00e4rung&#8220; style=&#8220;flat&#8220; shape=&#8220;round&#8220; color=&#8220;blue&#8220; size=&#8220;xs&#8220; i_icon_fontawesome=&#8220;fa fa-file-pdf-o&#8220; add_icon=&#8220;true&#8220; link=&#8220;url:https%3A%2F%2Faugenzentrum-eckert.de%2Fwp-content%2Fuploads%2F2018%2F06%2Feinwilligungserklaerung-patienten-datenerhebung.pdf|title:PDF-Download%20unserer%20Einwilligungserkl%C3%A4rung%20zur%20Erhebung%20%2F%20%C3%9Cbermittlung%20von%20Patientendaten|target:%20_blank|&#8220;][\/vc_column_inner][\/vc_row_inner][vc_separator align=&#8220;align_left&#8220;][\/vc_column][\/vc_row]<\/p>\n","protected":false},"excerpt":{"rendered":"<p>[vc_row][vc_column][vc_column_text css=&#8220;.vc_custom_1528883976139{margin-bottom: 24px !important;}&#8220;] Einwilligungserkl\u00e4rung zur Erhebung \/ \u00dcbermittlung von Patientendaten [\/vc_column_text][vc_row_inner][vc_column_inner][vc_column_text]Der Schutz Ihrer pers\u00f6nlichen Daten ist uns besonders wichtig. Daher geben wir Ihre Behandlungsdaten und Befunde an andere \u00c4rzte nur mit Ihrer ausdr\u00fccklichen Zustimmung weiter. Ebenso erhalten wir Ihre Behandlungsdaten und Befunde von anderen \u00c4rzten auch nur, wenn Sie dem zugestimmt haben. Folgend finden&hellip;<\/p>\n","protected":false},"author":1,"featured_media":0,"parent":16,"menu_order":0,"comment_status":"closed","ping_status":"closed","template":"","meta":[],"yoast_head":"<!-- This site is optimized with the Yoast SEO plugin v20.2.1 - https:\/\/yoast.com\/wordpress\/plugins\/seo\/ -->\n<title>Einwilligungserkl\u00e4rung - HNO<\/title>\n<meta name=\"description\" content=\"Der Schutz Ihrer pers\u00f6nlichen Daten ist uns besonders wichtig. Daher geben wir Ihre Behandlungsdaten und Befunde an andere \u00c4rzte nur mit Ihrer ausdr\u00fccklichen Zustimmung weiter. Ebenso erhalten wir Ihre Behandlungsdaten und Befunde von anderen \u00c4rzten auch nur, wenn Sie dem zugestimmt haben.\" \/>\n<meta name=\"robots\" content=\"index, follow, max-snippet:-1, max-image-preview:large, max-video-preview:-1\" \/>\n<link rel=\"canonical\" href=\"https:\/\/medizentrum-eckert.de\/hno\/info\/einwilligungserklaerung\/\" \/>\n<meta property=\"og:locale\" content=\"de_DE\" \/>\n<meta property=\"og:type\" content=\"article\" \/>\n<meta property=\"og:title\" content=\"Einwilligungserkl\u00e4rung - HNO\" \/>\n<meta property=\"og:description\" content=\"Der Schutz Ihrer pers\u00f6nlichen Daten ist uns besonders wichtig. Daher geben wir Ihre Behandlungsdaten und Befunde an andere \u00c4rzte nur mit Ihrer ausdr\u00fccklichen Zustimmung weiter. Ebenso erhalten wir Ihre Behandlungsdaten und Befunde von anderen \u00c4rzten auch nur, wenn Sie dem zugestimmt haben.\" \/>\n<meta property=\"og:url\" content=\"https:\/\/medizentrum-eckert.de\/hno\/info\/einwilligungserklaerung\/\" \/>\n<meta property=\"og:site_name\" content=\"HNO\" \/>\n<meta name=\"twitter:card\" content=\"summary_large_image\" \/>\n<meta name=\"twitter:label1\" content=\"Gesch\u00e4tzte Lesezeit\" \/>\n\t<meta name=\"twitter:data1\" content=\"1\u00a0Minute\" \/>\n<script type=\"application\/ld+json\" class=\"yoast-schema-graph\">{\"@context\":\"https:\/\/schema.org\",\"@graph\":[{\"@type\":\"WebPage\",\"@id\":\"https:\/\/medizentrum-eckert.de\/hno\/info\/einwilligungserklaerung\/\",\"url\":\"https:\/\/medizentrum-eckert.de\/hno\/info\/einwilligungserklaerung\/\",\"name\":\"Einwilligungserkl\u00e4rung - HNO\",\"isPartOf\":{\"@id\":\"https:\/\/medizentrum-eckert.de\/hno\/#website\"},\"datePublished\":\"2018-06-13T10:00:58+00:00\",\"dateModified\":\"2018-06-13T10:00:58+00:00\",\"description\":\"Der Schutz Ihrer pers\u00f6nlichen Daten ist uns besonders wichtig. Daher geben wir Ihre Behandlungsdaten und Befunde an andere \u00c4rzte nur mit Ihrer ausdr\u00fccklichen Zustimmung weiter. Ebenso erhalten wir Ihre Behandlungsdaten und Befunde von anderen \u00c4rzten auch nur, wenn Sie dem zugestimmt haben.\",\"breadcrumb\":{\"@id\":\"https:\/\/medizentrum-eckert.de\/hno\/info\/einwilligungserklaerung\/#breadcrumb\"},\"inLanguage\":\"de\",\"potentialAction\":[{\"@type\":\"ReadAction\",\"target\":[\"https:\/\/medizentrum-eckert.de\/hno\/info\/einwilligungserklaerung\/\"]}]},{\"@type\":\"BreadcrumbList\",\"@id\":\"https:\/\/medizentrum-eckert.de\/hno\/info\/einwilligungserklaerung\/#breadcrumb\",\"itemListElement\":[{\"@type\":\"ListItem\",\"position\":1,\"name\":\"Startseite\",\"item\":\"https:\/\/medizentrum-eckert.de\/hno\/\"},{\"@type\":\"ListItem\",\"position\":2,\"name\":\"Info\",\"item\":\"https:\/\/medizentrum-eckert.de\/hno\/info\/\"},{\"@type\":\"ListItem\",\"position\":3,\"name\":\"Einwilligungserkl\u00e4rung\"}]},{\"@type\":\"WebSite\",\"@id\":\"https:\/\/medizentrum-eckert.de\/hno\/#website\",\"url\":\"https:\/\/medizentrum-eckert.de\/hno\/\",\"name\":\"HNO\",\"description\":\"\",\"potentialAction\":[{\"@type\":\"SearchAction\",\"target\":{\"@type\":\"EntryPoint\",\"urlTemplate\":\"https:\/\/medizentrum-eckert.de\/hno\/?s={search_term_string}\"},\"query-input\":\"required name=search_term_string\"}],\"inLanguage\":\"de\"}]}<\/script>\n<!-- \/ Yoast SEO plugin. -->","yoast_head_json":{"title":"Einwilligungserkl\u00e4rung - HNO","description":"Der Schutz Ihrer pers\u00f6nlichen Daten ist uns besonders wichtig. Daher geben wir Ihre Behandlungsdaten und Befunde an andere \u00c4rzte nur mit Ihrer ausdr\u00fccklichen Zustimmung weiter. Ebenso erhalten wir Ihre Behandlungsdaten und Befunde von anderen \u00c4rzten auch nur, wenn Sie dem zugestimmt haben.","robots":{"index":"index","follow":"follow","max-snippet":"max-snippet:-1","max-image-preview":"max-image-preview:large","max-video-preview":"max-video-preview:-1"},"canonical":"https:\/\/medizentrum-eckert.de\/hno\/info\/einwilligungserklaerung\/","og_locale":"de_DE","og_type":"article","og_title":"Einwilligungserkl\u00e4rung - HNO","og_description":"Der Schutz Ihrer pers\u00f6nlichen Daten ist uns besonders wichtig. Daher geben wir Ihre Behandlungsdaten und Befunde an andere \u00c4rzte nur mit Ihrer ausdr\u00fccklichen Zustimmung weiter. Ebenso erhalten wir Ihre Behandlungsdaten und Befunde von anderen \u00c4rzten auch nur, wenn Sie dem zugestimmt haben.","og_url":"https:\/\/medizentrum-eckert.de\/hno\/info\/einwilligungserklaerung\/","og_site_name":"HNO","twitter_card":"summary_large_image","twitter_misc":{"Gesch\u00e4tzte Lesezeit":"1\u00a0Minute"},"schema":{"@context":"https:\/\/schema.org","@graph":[{"@type":"WebPage","@id":"https:\/\/medizentrum-eckert.de\/hno\/info\/einwilligungserklaerung\/","url":"https:\/\/medizentrum-eckert.de\/hno\/info\/einwilligungserklaerung\/","name":"Einwilligungserkl\u00e4rung - HNO","isPartOf":{"@id":"https:\/\/medizentrum-eckert.de\/hno\/#website"},"datePublished":"2018-06-13T10:00:58+00:00","dateModified":"2018-06-13T10:00:58+00:00","description":"Der Schutz Ihrer pers\u00f6nlichen Daten ist uns besonders wichtig. Daher geben wir Ihre Behandlungsdaten und Befunde an andere \u00c4rzte nur mit Ihrer ausdr\u00fccklichen Zustimmung weiter. Ebenso erhalten wir Ihre Behandlungsdaten und Befunde von anderen \u00c4rzten auch nur, wenn Sie dem zugestimmt haben.","breadcrumb":{"@id":"https:\/\/medizentrum-eckert.de\/hno\/info\/einwilligungserklaerung\/#breadcrumb"},"inLanguage":"de","potentialAction":[{"@type":"ReadAction","target":["https:\/\/medizentrum-eckert.de\/hno\/info\/einwilligungserklaerung\/"]}]},{"@type":"BreadcrumbList","@id":"https:\/\/medizentrum-eckert.de\/hno\/info\/einwilligungserklaerung\/#breadcrumb","itemListElement":[{"@type":"ListItem","position":1,"name":"Startseite","item":"https:\/\/medizentrum-eckert.de\/hno\/"},{"@type":"ListItem","position":2,"name":"Info","item":"https:\/\/medizentrum-eckert.de\/hno\/info\/"},{"@type":"ListItem","position":3,"name":"Einwilligungserkl\u00e4rung"}]},{"@type":"WebSite","@id":"https:\/\/medizentrum-eckert.de\/hno\/#website","url":"https:\/\/medizentrum-eckert.de\/hno\/","name":"HNO","description":"","potentialAction":[{"@type":"SearchAction","target":{"@type":"EntryPoint","urlTemplate":"https:\/\/medizentrum-eckert.de\/hno\/?s={search_term_string}"},"query-input":"required name=search_term_string"}],"inLanguage":"de"}]}},"_links":{"self":[{"href":"https:\/\/medizentrum-eckert.de\/hno\/wp-json\/wp\/v2\/pages\/7303"}],"collection":[{"href":"https:\/\/medizentrum-eckert.de\/hno\/wp-json\/wp\/v2\/pages"}],"about":[{"href":"https:\/\/medizentrum-eckert.de\/hno\/wp-json\/wp\/v2\/types\/page"}],"author":[{"embeddable":true,"href":"https:\/\/medizentrum-eckert.de\/hno\/wp-json\/wp\/v2\/users\/1"}],"replies":[{"embeddable":true,"href":"https:\/\/medizentrum-eckert.de\/hno\/wp-json\/wp\/v2\/comments?post=7303"}],"version-history":[{"count":0,"href":"https:\/\/medizentrum-eckert.de\/hno\/wp-json\/wp\/v2\/pages\/7303\/revisions"}],"up":[{"embeddable":true,"href":"https:\/\/medizentrum-eckert.de\/hno\/wp-json\/wp\/v2\/pages\/16"}],"wp:attachment":[{"href":"https:\/\/medizentrum-eckert.de\/hno\/wp-json\/wp\/v2\/media?parent=7303"}],"curies":[{"name":"wp","href":"https:\/\/api.w.org\/{rel}","templated":true}]}}