{"id":6131,"date":"2016-09-14T15:14:17","date_gmt":"2016-09-14T13:14:17","guid":{"rendered":"http:\/\/wordpress.augenzentrum-eckert.de\/?page_id=8"},"modified":"2020-01-16T15:37:36","modified_gmt":"2020-01-16T14:37:36","slug":"startseite","status":"publish","type":"page","link":"https:\/\/medizentrum-eckert.de\/hno\/","title":{"rendered":"Startseite"},"content":{"rendered":"<p>[vc_row css=&#8220;.vc_custom_1474886925056{margin-bottom: 50px !important;}&#8220;][vc_column width=&#8220;1\/2&#8243;][vc_column_text]<\/p>\n<h2 class=\"willkommen\">WILLKOMMEN<br \/>\nim HNO-Zentrum Eckert!<\/h2>\n<p>[\/vc_column_text][vc_column_text]Die Medizentren Eckert sind ein Verbund mehrerer Praxen unterschiedlichster Fachrichtungen im s\u00fcddeutschen Raum.<\/p>\n<p>Ab dem 1. Januar 2020 sind wir auch im Bereich der Hals-, Nasen- Ohrenheilkunde f\u00fcr Sie da!<br \/>\nBesuchen Sie uns gerne in unserer Praxis in Reutlingen. Unsere erfahrenen Fach\u00e4rzte stehen Ihnen stets zur Seite und sind gerne f\u00fcr SIE da!<\/p>\n<p>[\/vc_column_text][vc_widget_sidebar show_bg=&#8220;false&#8220; sidebar_id=&#8220;sidebar_3&#8243; el_class=&#8220;wrapper-suche-startseite&#8220;][\/vc_column][vc_column width=&#8220;1\/2&#8243;][vc_column_text]Im Bereich der HNO bieten wir Ihnen stets die bestm\u00f6gliche Behandlung. In allen Praxen kommen hochmoderne Ger\u00e4te zum Einsatz.[\/vc_column_text][\/vc_column][\/vc_row][vc_row css=&#8220;.vc_custom_1474894757385{margin-bottom: 50px !important;}&#8220;][vc_column][vc_separator][\/vc_column][\/vc_row][vc_row type=&#8220;vc_default&#8220; equal_height=&#8220;yes&#8220; el_class=&#8220;dreiteiler-mit-border&#8220; css=&#8220;.vc_custom_1474895210599{margin-bottom: 35px !important;}&#8220;][vc_column width=&#8220;1\/2&#8243; css=&#8220;.vc_custom_1473871676855{border-radius: 2px !important;}&#8220; el_class=&#8220;bin-ich-geeignet-wrapper&#8220;][vc_column_text css=&#8220;.vc_custom_1570453039417{margin-bottom: 7px !important;}&#8220;]<\/p>\n<h3>Unsere Leistungen<\/h3>\n<p>[\/vc_column_text][vc_column_text el_class=&#8220;mobile-margin-bottom-15&#8243;]In unserer HNO-Praxis bieten wir Ihnen die HNO-Heilkunde nach neuesten Verfahren und Leitlinien unter Verwendung einer modernen apparativen Ausstattung an.<\/p>\n<p>Zu unserem therapeutischen Konzept geh\u00f6rt neben der allgemeinen schulmedizinischen Behandlung auch die Kombination mit alternativen Verfahren.[\/vc_column_text]<div class=\"uavc-list-icon uavc-list-icon-wrapper ult-adjust-bottom-margin geeignet-liste mobile-margin-bottom-15  \"><ul class=\"uavc-list\"><li><div class=\"uavc-list-content\" id=\"list-icon-wrap-5098\">\n<div class=\"uavc-list-icon  \" data-animation=\"\" data-animation-delay=\"03\" style=\"margin-right:5px;\"><div class=\"ult-just-icon-wrapper  \"><div class=\"align-icon\" style=\"text-align:center;\">\n<div class=\"aio-icon none \"  style=\"color:#0064ad;font-size:17px;display:inline-block;\">\n\t<i class=\"Defaults-chevron-circle-right\"><\/i>\n<\/div><\/div><\/div>\n<\/div><span  data-ultimate-target='#list-icon-wrap-5098 .uavc-list-desc'  data-responsive-json-new='{\"font-size\":\"\",\"line-height\":\"\"}'  class=\"uavc-list-desc ult-responsive\" style=\"\"><a title=\"Kurzsichtigkeit - unscharfes Sehen in die Ferne\" href=\"https:\/\/medizentrum-eckert.de\" target=\"_blank\" rel=\"noopener noreferrer\"><strong>Verschiedene Fachrichtungen im Medizentrum Eckert<\/strong><br \/>\n<\/a><\/span><\/div><\/li><\/ul><\/div>[\/vc_column][vc_column width=&#8220;1\/2&#8243; css=&#8220;.vc_custom_1474896135987{border-right-width: 1px !important;border-left-width: 1px !important;border-left-color: #e5e5e5 !important;border-left-style: solid !important;border-right-color: #e5e5e5 !important;border-right-style: solid !important;border-radius: 1px !important;}&#8220; el_class=&#8220;infoabende-wrapper remove-border-right-mobile remove-border-left-mobile&#8220;][vc_column_text css=&#8220;.vc_custom_1474880879546{margin-bottom: 7px !important;}&#8220;]<\/p>\n<h3>Infoabende<\/h3>\n<p>[\/vc_column_text][vc_column_text el_class=&#8220;mobile-margin-bottom-15&#8243;]Informieren Sie sich \u00fcber unsere Behandlungsmethoden und stellen Sie all Ihre Fragen. Melden Sie sich einfach kostenfrei an.[\/vc_column_text][vc_column_text el_class=&#8220;mobile-margin-bottom-15&#8243;]Keine  Veranstaltungen[\/vc_column_text][vc_btn title=&#8220;Mehr Termine &amp; Anmeldung&#8220; style=&#8220;flat&#8220; shape=&#8220;round&#8220; size=&#8220;xs&#8220; i_align=&#8220;right&#8220; i_icon_fontawesome=&#8220;fa fa-chevron-right&#8220; add_icon=&#8220;true&#8220; link=&#8220;url:https%3A%2F%2Fmedizentrum-eckert.de%2Fkieferorthopaedie%2Finfo%2Finfoabende%2F|title:Weitere%20Infoabende%20anzeigen||&#8220; css=&#8220;.vc_custom_1563892533648{margin-bottom: 0px !important;}&#8220;][\/vc_column][\/vc_row][vc_row css=&#8220;.vc_custom_1474894785223{margin-bottom: 50px !important;}&#8220;][vc_column][vc_separator][\/vc_column][\/vc_row][vc_row type=&#8220;vc_default&#8220; equal_height=&#8220;yes&#8220; css=&#8220;.vc_custom_1474895227598{margin-bottom: 35px !important;}&#8220;][vc_column width=&#8220;1\/2&#8243; css=&#8220;.vc_custom_1474899108570{border-right-width: 1px !important;border-right-color: #e5e5e5 !important;border-right-style: solid !important;}&#8220; el_class=&#8220;mobile-margin-bottom-50&#8243;][vc_column_text css=&#8220;.vc_custom_1570453559800{margin-bottom: 15px !important;}&#8220;]<\/p>\n<h3>Unsere Praxis<\/h3>\n<p>[\/vc_column_text][vc_column_text]Ein extrem angenehmes, freundliches sowie harmonisches Arbeitsklima ist f\u00fcr uns eine Selbstverst\u00e4ndlichkeit. Wir lieben unsere Arbeit mit Kindern, Jugendlichen und erwachsenen Patienten.<\/p>\n<p>Wir freuen uns auf SIE![\/vc_column_text][vc_btn title=&#8220;Mehr&#8220; style=&#8220;flat&#8220; shape=&#8220;round&#8220; size=&#8220;xs&#8220; i_align=&#8220;right&#8220; i_icon_fontawesome=&#8220;fa fa-chevron-right&#8220; add_icon=&#8220;true&#8220; link=&#8220;url:https%3A%2F%2Fmedizentrum-eckert.de%2Fhno%2Fueber-uns%2F|title:%C3%9Cber%20uns||&#8220; css=&#8220;.vc_custom_1571160338518{margin-bottom: 0px !important;}&#8220;][\/vc_column][vc_column width=&#8220;1\/2&#8243;][vc_column_text css=&#8220;.vc_custom_1570459780197{margin-bottom: 15px !important;}&#8220;]<\/p>\n<h3>HNO-Zentrum Eckert: Standorte<\/h3>\n<p>[\/vc_column_text][vc_column_text css=&#8220;.vc_custom_1579185318218{margin-bottom: 15px !important;}&#8220;]Unsere Praxen orientieren sich an einem hohen Qualit\u00e4tsstandard, der Ihnen dank moderner Austattung und qualifiziertem Personal die bestm\u00f6gliche Behandlung garantiert.<\/p>\n<p>Unser HNO-Zentrum befindet sich derzeit in Reutlingen. Hier sind wir ab dem 1. Januar 2020 f\u00fcr Sie da.[\/vc_column_text][vc_btn title=&#8220;Alle Standorte&#8220; style=&#8220;flat&#8220; shape=&#8220;round&#8220; size=&#8220;xs&#8220; i_align=&#8220;right&#8220; i_icon_fontawesome=&#8220;fa fa-chevron-right&#8220; add_icon=&#8220;true&#8220; link=&#8220;url:https%3A%2F%2Fmedizentrum-eckert.de%2Fhno%2Fstandorte%2F|title:Alle%20Standorte%20anzeigen||&#8220;][\/vc_column][\/vc_row][vc_row css=&#8220;.vc_custom_1474894802317{margin-bottom: 50px !important;}&#8220;][vc_column][vc_separator][\/vc_column][\/vc_row]<\/p>\n","protected":false},"excerpt":{"rendered":"<p>[vc_row css=&#8220;.vc_custom_1474886925056{margin-bottom: 50px !important;}&#8220;][vc_column width=&#8220;1\/2&#8243;][vc_column_text] WILLKOMMEN im HNO-Zentrum Eckert! [\/vc_column_text][vc_column_text]Die Medizentren Eckert sind ein Verbund mehrerer Praxen unterschiedlichster Fachrichtungen im s\u00fcddeutschen Raum. Ab dem 1. Januar 2020 sind wir auch im Bereich der Hals-, Nasen- Ohrenheilkunde f\u00fcr Sie da! Besuchen Sie uns gerne in unserer Praxis in Reutlingen. Unsere erfahrenen Fach\u00e4rzte stehen Ihnen stets zur&hellip;<\/p>\n","protected":false},"author":1,"featured_media":0,"parent":0,"menu_order":0,"comment_status":"closed","ping_status":"closed","template":"","meta":[],"yoast_head":"<!-- This site is optimized with the Yoast SEO plugin v20.2.1 - https:\/\/yoast.com\/wordpress\/plugins\/seo\/ -->\n<title>HNO-Zentrum Eckert - Medizentrum Eckert<\/title>\n<meta name=\"description\" content=\"Hals-, Nasen, Ohrenarzt \u2713 HNO \u2713 Moderne Behandlungsmethoden \u2713 schnelle Terminvergabe \u2713\" \/>\n<meta name=\"robots\" content=\"index, follow, max-snippet:-1, max-image-preview:large, max-video-preview:-1\" \/>\n<link rel=\"canonical\" href=\"https:\/\/medizentrum-eckert.de\/hno\/\" \/>\n<meta property=\"og:locale\" content=\"de_DE\" \/>\n<meta property=\"og:type\" content=\"article\" \/>\n<meta property=\"og:title\" content=\"HNO-Zentrum Eckert - Medizentrum Eckert\" \/>\n<meta property=\"og:description\" content=\"Hals-, Nasen, Ohrenarzt \u2713 HNO \u2713 Moderne Behandlungsmethoden \u2713 schnelle Terminvergabe \u2713\" \/>\n<meta property=\"og:url\" content=\"https:\/\/medizentrum-eckert.de\/hno\/\" \/>\n<meta property=\"og:site_name\" content=\"HNO\" \/>\n<meta property=\"article:modified_time\" content=\"2020-01-16T14:37:36+00:00\" \/>\n<meta name=\"twitter:card\" content=\"summary_large_image\" \/>\n<meta name=\"twitter:label1\" content=\"Gesch\u00e4tzte Lesezeit\" \/>\n\t<meta name=\"twitter:data1\" content=\"3\u00a0Minuten\" \/>\n<script type=\"application\/ld+json\" class=\"yoast-schema-graph\">{\"@context\":\"https:\/\/schema.org\",\"@graph\":[{\"@type\":\"WebPage\",\"@id\":\"https:\/\/medizentrum-eckert.de\/hno\/\",\"url\":\"https:\/\/medizentrum-eckert.de\/hno\/\",\"name\":\"HNO-Zentrum Eckert - Medizentrum Eckert\",\"isPartOf\":{\"@id\":\"https:\/\/medizentrum-eckert.de\/hno\/#website\"},\"datePublished\":\"2016-09-14T13:14:17+00:00\",\"dateModified\":\"2020-01-16T14:37:36+00:00\",\"description\":\"Hals-, Nasen, Ohrenarzt \u2713 HNO \u2713 Moderne Behandlungsmethoden \u2713 schnelle Terminvergabe \u2713\",\"breadcrumb\":{\"@id\":\"https:\/\/medizentrum-eckert.de\/hno\/#breadcrumb\"},\"inLanguage\":\"de\",\"potentialAction\":[{\"@type\":\"ReadAction\",\"target\":[\"https:\/\/medizentrum-eckert.de\/hno\/\"]}]},{\"@type\":\"BreadcrumbList\",\"@id\":\"https:\/\/medizentrum-eckert.de\/hno\/#breadcrumb\",\"itemListElement\":[{\"@type\":\"ListItem\",\"position\":1,\"name\":\"Startseite\",\"item\":\"https:\/\/medizentrum-eckert.de\/hno\/\"},{\"@type\":\"ListItem\",\"position\":2,\"name\":\"Startseite\"}]},{\"@type\":\"WebSite\",\"@id\":\"https:\/\/medizentrum-eckert.de\/hno\/#website\",\"url\":\"https:\/\/medizentrum-eckert.de\/hno\/\",\"name\":\"HNO\",\"description\":\"\",\"potentialAction\":[{\"@type\":\"SearchAction\",\"target\":{\"@type\":\"EntryPoint\",\"urlTemplate\":\"https:\/\/medizentrum-eckert.de\/hno\/?s={search_term_string}\"},\"query-input\":\"required name=search_term_string\"}],\"inLanguage\":\"de\"}]}<\/script>\n<!-- \/ Yoast SEO plugin. -->","yoast_head_json":{"title":"HNO-Zentrum Eckert - Medizentrum Eckert","description":"Hals-, Nasen, Ohrenarzt \u2713 HNO \u2713 Moderne Behandlungsmethoden \u2713 schnelle Terminvergabe \u2713","robots":{"index":"index","follow":"follow","max-snippet":"max-snippet:-1","max-image-preview":"max-image-preview:large","max-video-preview":"max-video-preview:-1"},"canonical":"https:\/\/medizentrum-eckert.de\/hno\/","og_locale":"de_DE","og_type":"article","og_title":"HNO-Zentrum Eckert - Medizentrum Eckert","og_description":"Hals-, Nasen, Ohrenarzt \u2713 HNO \u2713 Moderne Behandlungsmethoden \u2713 schnelle Terminvergabe \u2713","og_url":"https:\/\/medizentrum-eckert.de\/hno\/","og_site_name":"HNO","article_modified_time":"2020-01-16T14:37:36+00:00","twitter_card":"summary_large_image","twitter_misc":{"Gesch\u00e4tzte Lesezeit":"3\u00a0Minuten"},"schema":{"@context":"https:\/\/schema.org","@graph":[{"@type":"WebPage","@id":"https:\/\/medizentrum-eckert.de\/hno\/","url":"https:\/\/medizentrum-eckert.de\/hno\/","name":"HNO-Zentrum Eckert - Medizentrum Eckert","isPartOf":{"@id":"https:\/\/medizentrum-eckert.de\/hno\/#website"},"datePublished":"2016-09-14T13:14:17+00:00","dateModified":"2020-01-16T14:37:36+00:00","description":"Hals-, Nasen, Ohrenarzt \u2713 HNO \u2713 Moderne Behandlungsmethoden \u2713 schnelle Terminvergabe \u2713","breadcrumb":{"@id":"https:\/\/medizentrum-eckert.de\/hno\/#breadcrumb"},"inLanguage":"de","potentialAction":[{"@type":"ReadAction","target":["https:\/\/medizentrum-eckert.de\/hno\/"]}]},{"@type":"BreadcrumbList","@id":"https:\/\/medizentrum-eckert.de\/hno\/#breadcrumb","itemListElement":[{"@type":"ListItem","position":1,"name":"Startseite","item":"https:\/\/medizentrum-eckert.de\/hno\/"},{"@type":"ListItem","position":2,"name":"Startseite"}]},{"@type":"WebSite","@id":"https:\/\/medizentrum-eckert.de\/hno\/#website","url":"https:\/\/medizentrum-eckert.de\/hno\/","name":"HNO","description":"","potentialAction":[{"@type":"SearchAction","target":{"@type":"EntryPoint","urlTemplate":"https:\/\/medizentrum-eckert.de\/hno\/?s={search_term_string}"},"query-input":"required name=search_term_string"}],"inLanguage":"de"}]}},"_links":{"self":[{"href":"https:\/\/medizentrum-eckert.de\/hno\/wp-json\/wp\/v2\/pages\/6131"}],"collection":[{"href":"https:\/\/medizentrum-eckert.de\/hno\/wp-json\/wp\/v2\/pages"}],"about":[{"href":"https:\/\/medizentrum-eckert.de\/hno\/wp-json\/wp\/v2\/types\/page"}],"author":[{"embeddable":true,"href":"https:\/\/medizentrum-eckert.de\/hno\/wp-json\/wp\/v2\/users\/1"}],"replies":[{"embeddable":true,"href":"https:\/\/medizentrum-eckert.de\/hno\/wp-json\/wp\/v2\/comments?post=6131"}],"version-history":[{"count":44,"href":"https:\/\/medizentrum-eckert.de\/hno\/wp-json\/wp\/v2\/pages\/6131\/revisions"}],"predecessor-version":[{"id":9786,"href":"https:\/\/medizentrum-eckert.de\/hno\/wp-json\/wp\/v2\/pages\/6131\/revisions\/9786"}],"wp:attachment":[{"href":"https:\/\/medizentrum-eckert.de\/hno\/wp-json\/wp\/v2\/media?parent=6131"}],"curies":[{"name":"wp","href":"https:\/\/api.w.org\/{rel}","templated":true}]}}