{"id":38,"date":"2016-09-14T15:29:39","date_gmt":"2016-09-14T13:29:39","guid":{"rendered":"http:\/\/wordpress.augenzentrum-eckert.de\/?page_id=38"},"modified":"2019-10-15T19:50:10","modified_gmt":"2019-10-15T17:50:10","slug":"praevention","status":"publish","type":"page","link":"https:\/\/medizentrum-eckert.de\/hno\/leistungen\/praevention\/","title":{"rendered":"Nasendurchg\u00e4ngigkeitsmessungen (Rhinomanometrie)"},"content":{"rendered":"<p>[vc_row type=&#8220;vc_default&#8220; full_width_row=&#8220;true&#8220; bg_type=&#8220;image&#8220; parallax_style=&#8220;vcpb-default&#8220; bg_image_new=&#8220;id^9742|url^https:\/\/medizentrum-eckert.de\/hno\/wp-content\/uploads\/sites\/5\/2019\/10\/hno_landingpage_eckert.jpg|caption^null|alt^null|title^hno_landingpage_eckert|description^null&#8220; bg_image_repeat=&#8220;no-repeat&#8220; bg_override=&#8220;full&#8220; min_height=&#8220;400px&#8220; el_class=&#8220;tg-header-image&#8220;][vc_column][\/vc_column][\/vc_row][vc_row type=&#8220;vc_default&#8220; el_class=&#8220;tg-title-headline-wrapper&#8220;][vc_column][vc_column_text]<\/p>\n<div class=\"wrapper-page-title\">\n<h1 class=\"h1-size\">Nasendurchg\u00e4ngigkeitsmessungen (Rhinomanometrie)<\/h1>\n<ol class=\"breadcrumbs text-small\">\n<li><a title=\"\" href=\"https:\/\/medizentrum-eckert.de\/kieferorthopaedie\/\" rel=\"v:url\">Start<\/a><\/li>\n<li><a title=\"\" href=\"https:\/\/medizentrum-eckert.de\/kieferorthopaedie\/leistungen\/\" rel=\"v:url\">Leistungen<\/a><\/li>\n<li class=\"current\">Nasendurchg\u00e4ngigkeitsmessungen (Rhinomanometrie)<\/li>\n<\/ol>\n<\/div>\n<p>[\/vc_column_text][\/vc_column][\/vc_row][vc_row margin_bottom=&#8220;50&#8243;][vc_column][vc_column_text]<span style=\"font-family: Arial; font-size: small;\">Rhinomanometrie bezeichnet ein Messverfahren des Volumenstroms, der durch die Nasenhaupth\u00f6hle (d. h. von den Nasenklappen bis zu den hinteren Nasen\u00f6ffnungen) flie\u00dft. Die Messung <\/span><span style=\"font-family: arial,helvetica,sans-serif; font-size: small;\">liefert objektive Messdaten \u00fcber den Grad der nasalen Durchg\u00e4ngigkeit bzw. Obstruktion.<br \/>\n<\/span><span style=\"font-family: Arial; font-size: small;\">Bei der Rhinomanometrie wird die Druckdifferenz zwischen dem Naseneingang und dem Nasenrachenraum, je bei der Ein- und Ausatmung gemessen. Dabei wird mit einer Gesichtsmaske die Str\u00f6mungsgeschwindigkeit berechnet.<\/span><span style=\"font-family: Arial; font-size: small;\"> Die Messergebnisse werden in ml\/s (Luftstrom\/Zeit = Flow) angegeben. <span style=\"font-family: arial,helvetica,sans-serif; font-size: small;\">Als\u00a0<b>aktive anteriore Rhinomanometrie<\/b>\u00a0bezeichnet man das Messverfahren des Eigenstromverfahrens, bei dem eine Nasen\u00f6ffnung mit einer Messsonde verschlossen wird (Druckmessung), w\u00e4hrend der Patient durch die andere Nasen\u00f6ffnung \u00fcber eine Gesichtsmaske\u00a0<\/span><span style=\"font-family: arial,helvetica,sans-serif; font-size: small;\">selbstst\u00e4ndig atmet.<\/span><\/span><\/p>\n<p><span style=\"font-family: Arial; font-size: small;\">Rhinomanometrie wird zur \u00dcberpr\u00fcfung der Funktion der Nase im Atemsystem sowie <\/span><span style=\"font-family: Arial; font-size: small;\">Behinderung der Nasenatmung angewendet.<\/span><\/p>\n<p>[\/vc_column_text][\/vc_column][\/vc_row]<\/p>\n","protected":false},"excerpt":{"rendered":"<p>[vc_row type=&#8220;vc_default&#8220; full_width_row=&#8220;true&#8220; bg_type=&#8220;image&#8220; parallax_style=&#8220;vcpb-default&#8220; bg_image_new=&#8220;id^9742|url^https:\/\/medizentrum-eckert.de\/hno\/wp-content\/uploads\/sites\/5\/2019\/10\/hno_landingpage_eckert.jpg|caption^null|alt^null|title^hno_landingpage_eckert|description^null&#8220; bg_image_repeat=&#8220;no-repeat&#8220; bg_override=&#8220;full&#8220; min_height=&#8220;400px&#8220; el_class=&#8220;tg-header-image&#8220;][vc_column][\/vc_column][\/vc_row][vc_row type=&#8220;vc_default&#8220; el_class=&#8220;tg-title-headline-wrapper&#8220;][vc_column][vc_column_text] Nasendurchg\u00e4ngigkeitsmessungen (Rhinomanometrie) Start Leistungen Nasendurchg\u00e4ngigkeitsmessungen (Rhinomanometrie) [\/vc_column_text][\/vc_column][\/vc_row][vc_row margin_bottom=&#8220;50&#8243;][vc_column][vc_column_text]Rhinomanometrie bezeichnet ein Messverfahren des Volumenstroms, der durch die Nasenhaupth\u00f6hle (d. h. von den Nasenklappen bis zu den hinteren Nasen\u00f6ffnungen) flie\u00dft. Die Messung liefert objektive Messdaten \u00fcber den Grad der nasalen Durchg\u00e4ngigkeit bzw. Obstruktion. Bei der&hellip;<\/p>\n","protected":false},"author":1,"featured_media":0,"parent":6132,"menu_order":0,"comment_status":"closed","ping_status":"closed","template":"","meta":[],"yoast_head":"<!-- This site is optimized with the Yoast SEO plugin v20.2.1 - https:\/\/yoast.com\/wordpress\/plugins\/seo\/ -->\n<title>HNO Eckert - Rhinomanometrie<\/title>\n<meta name=\"description\" content=\"Rhinomanometrie bezeichnet ein Messverfahren des Volumenstroms, der durch die Nasenhaupth\u00f6hle (d. h. von den Nasenklappen bis zu den hinteren Nasen\u00f6ffnungen) flie\u00dft.\" \/>\n<meta name=\"robots\" content=\"index, follow, max-snippet:-1, max-image-preview:large, max-video-preview:-1\" \/>\n<link rel=\"canonical\" href=\"https:\/\/medizentrum-eckert.de\/hno\/leistungen\/praevention\/\" \/>\n<meta property=\"og:locale\" content=\"de_DE\" \/>\n<meta property=\"og:type\" content=\"article\" \/>\n<meta property=\"og:title\" content=\"HNO Eckert - Rhinomanometrie\" \/>\n<meta property=\"og:description\" content=\"Rhinomanometrie bezeichnet ein Messverfahren des Volumenstroms, der durch die Nasenhaupth\u00f6hle (d. h. von den Nasenklappen bis zu den hinteren Nasen\u00f6ffnungen) flie\u00dft.\" \/>\n<meta property=\"og:url\" content=\"https:\/\/medizentrum-eckert.de\/hno\/leistungen\/praevention\/\" \/>\n<meta property=\"og:site_name\" content=\"HNO\" \/>\n<meta property=\"article:modified_time\" content=\"2019-10-15T17:50:10+00:00\" \/>\n<meta name=\"twitter:card\" content=\"summary_large_image\" \/>\n<meta name=\"twitter:label1\" content=\"Gesch\u00e4tzte Lesezeit\" \/>\n\t<meta name=\"twitter:data1\" content=\"1\u00a0Minute\" \/>\n<script type=\"application\/ld+json\" class=\"yoast-schema-graph\">{\"@context\":\"https:\/\/schema.org\",\"@graph\":[{\"@type\":\"WebPage\",\"@id\":\"https:\/\/medizentrum-eckert.de\/hno\/leistungen\/praevention\/\",\"url\":\"https:\/\/medizentrum-eckert.de\/hno\/leistungen\/praevention\/\",\"name\":\"HNO Eckert - Rhinomanometrie\",\"isPartOf\":{\"@id\":\"https:\/\/medizentrum-eckert.de\/hno\/#website\"},\"datePublished\":\"2016-09-14T13:29:39+00:00\",\"dateModified\":\"2019-10-15T17:50:10+00:00\",\"description\":\"Rhinomanometrie bezeichnet ein Messverfahren des Volumenstroms, der durch die Nasenhaupth\u00f6hle (d. h. von den Nasenklappen bis zu den hinteren Nasen\u00f6ffnungen) flie\u00dft.\",\"breadcrumb\":{\"@id\":\"https:\/\/medizentrum-eckert.de\/hno\/leistungen\/praevention\/#breadcrumb\"},\"inLanguage\":\"de\",\"potentialAction\":[{\"@type\":\"ReadAction\",\"target\":[\"https:\/\/medizentrum-eckert.de\/hno\/leistungen\/praevention\/\"]}]},{\"@type\":\"BreadcrumbList\",\"@id\":\"https:\/\/medizentrum-eckert.de\/hno\/leistungen\/praevention\/#breadcrumb\",\"itemListElement\":[{\"@type\":\"ListItem\",\"position\":1,\"name\":\"Startseite\",\"item\":\"https:\/\/medizentrum-eckert.de\/hno\/\"},{\"@type\":\"ListItem\",\"position\":2,\"name\":\"Leistungen\",\"item\":\"https:\/\/medizentrum-eckert.de\/hno\/leistungen\/\"},{\"@type\":\"ListItem\",\"position\":3,\"name\":\"Nasendurchg\u00e4ngigkeitsmessungen (Rhinomanometrie)\"}]},{\"@type\":\"WebSite\",\"@id\":\"https:\/\/medizentrum-eckert.de\/hno\/#website\",\"url\":\"https:\/\/medizentrum-eckert.de\/hno\/\",\"name\":\"HNO\",\"description\":\"\",\"potentialAction\":[{\"@type\":\"SearchAction\",\"target\":{\"@type\":\"EntryPoint\",\"urlTemplate\":\"https:\/\/medizentrum-eckert.de\/hno\/?s={search_term_string}\"},\"query-input\":\"required name=search_term_string\"}],\"inLanguage\":\"de\"}]}<\/script>\n<!-- \/ Yoast SEO plugin. -->","yoast_head_json":{"title":"HNO Eckert - Rhinomanometrie","description":"Rhinomanometrie bezeichnet ein Messverfahren des Volumenstroms, der durch die Nasenhaupth\u00f6hle (d. h. von den Nasenklappen bis zu den hinteren Nasen\u00f6ffnungen) flie\u00dft.","robots":{"index":"index","follow":"follow","max-snippet":"max-snippet:-1","max-image-preview":"max-image-preview:large","max-video-preview":"max-video-preview:-1"},"canonical":"https:\/\/medizentrum-eckert.de\/hno\/leistungen\/praevention\/","og_locale":"de_DE","og_type":"article","og_title":"HNO Eckert - Rhinomanometrie","og_description":"Rhinomanometrie bezeichnet ein Messverfahren des Volumenstroms, der durch die Nasenhaupth\u00f6hle (d. h. von den Nasenklappen bis zu den hinteren Nasen\u00f6ffnungen) flie\u00dft.","og_url":"https:\/\/medizentrum-eckert.de\/hno\/leistungen\/praevention\/","og_site_name":"HNO","article_modified_time":"2019-10-15T17:50:10+00:00","twitter_card":"summary_large_image","twitter_misc":{"Gesch\u00e4tzte Lesezeit":"1\u00a0Minute"},"schema":{"@context":"https:\/\/schema.org","@graph":[{"@type":"WebPage","@id":"https:\/\/medizentrum-eckert.de\/hno\/leistungen\/praevention\/","url":"https:\/\/medizentrum-eckert.de\/hno\/leistungen\/praevention\/","name":"HNO Eckert - Rhinomanometrie","isPartOf":{"@id":"https:\/\/medizentrum-eckert.de\/hno\/#website"},"datePublished":"2016-09-14T13:29:39+00:00","dateModified":"2019-10-15T17:50:10+00:00","description":"Rhinomanometrie bezeichnet ein Messverfahren des Volumenstroms, der durch die Nasenhaupth\u00f6hle (d. h. von den Nasenklappen bis zu den hinteren Nasen\u00f6ffnungen) flie\u00dft.","breadcrumb":{"@id":"https:\/\/medizentrum-eckert.de\/hno\/leistungen\/praevention\/#breadcrumb"},"inLanguage":"de","potentialAction":[{"@type":"ReadAction","target":["https:\/\/medizentrum-eckert.de\/hno\/leistungen\/praevention\/"]}]},{"@type":"BreadcrumbList","@id":"https:\/\/medizentrum-eckert.de\/hno\/leistungen\/praevention\/#breadcrumb","itemListElement":[{"@type":"ListItem","position":1,"name":"Startseite","item":"https:\/\/medizentrum-eckert.de\/hno\/"},{"@type":"ListItem","position":2,"name":"Leistungen","item":"https:\/\/medizentrum-eckert.de\/hno\/leistungen\/"},{"@type":"ListItem","position":3,"name":"Nasendurchg\u00e4ngigkeitsmessungen (Rhinomanometrie)"}]},{"@type":"WebSite","@id":"https:\/\/medizentrum-eckert.de\/hno\/#website","url":"https:\/\/medizentrum-eckert.de\/hno\/","name":"HNO","description":"","potentialAction":[{"@type":"SearchAction","target":{"@type":"EntryPoint","urlTemplate":"https:\/\/medizentrum-eckert.de\/hno\/?s={search_term_string}"},"query-input":"required name=search_term_string"}],"inLanguage":"de"}]}},"_links":{"self":[{"href":"https:\/\/medizentrum-eckert.de\/hno\/wp-json\/wp\/v2\/pages\/38"}],"collection":[{"href":"https:\/\/medizentrum-eckert.de\/hno\/wp-json\/wp\/v2\/pages"}],"about":[{"href":"https:\/\/medizentrum-eckert.de\/hno\/wp-json\/wp\/v2\/types\/page"}],"author":[{"embeddable":true,"href":"https:\/\/medizentrum-eckert.de\/hno\/wp-json\/wp\/v2\/users\/1"}],"replies":[{"embeddable":true,"href":"https:\/\/medizentrum-eckert.de\/hno\/wp-json\/wp\/v2\/comments?post=38"}],"version-history":[{"count":21,"href":"https:\/\/medizentrum-eckert.de\/hno\/wp-json\/wp\/v2\/pages\/38\/revisions"}],"predecessor-version":[{"id":9711,"href":"https:\/\/medizentrum-eckert.de\/hno\/wp-json\/wp\/v2\/pages\/38\/revisions\/9711"}],"up":[{"embeddable":true,"href":"https:\/\/medizentrum-eckert.de\/hno\/wp-json\/wp\/v2\/pages\/6132"}],"wp:attachment":[{"href":"https:\/\/medizentrum-eckert.de\/hno\/wp-json\/wp\/v2\/media?parent=38"}],"curies":[{"name":"wp","href":"https:\/\/api.w.org\/{rel}","templated":true}]}}