{"id":3378,"date":"2017-03-01T10:55:23","date_gmt":"2017-03-01T09:55:23","guid":{"rendered":"https:\/\/augenzentrum-eckert.de\/?page_id=3378"},"modified":"2020-01-16T15:41:38","modified_gmt":"2020-01-16T14:41:38","slug":"philosophie-und-anspruch","status":"publish","type":"page","link":"https:\/\/medizentrum-eckert.de\/hno\/ueber-uns\/philosophie-und-anspruch\/","title":{"rendered":"Philosophie und Anspruch"},"content":{"rendered":"<p>[vc_row margin_top=&#8220;40&#8243;][vc_column][vc_column_text]<\/p>\n<h2>Unsere Philosophie\u2026<\/h2>\n<p>[\/vc_column_text][vc_column_text]Der Patient steht f\u00fcr uns immer im Mittelpunkt! Wir bieten diesem ein umfassendes Leistungsspektrum der modernen, konservativen HNO-Heilkunde in Diagnostik und Therapie. Wir sehen unsere St\u00e4rken insbesondere in der ganzheitlichen Erfassung von HNO \u2013 Krankheiten.<\/p>\n<p>Wir nehmen uns viel Zeit f\u00fcr Sie und Ihre Fragen und Anliegen. Denn nur wenn wir Ihre pers\u00f6nlichen W\u00fcnsche und Ziele kennen, k\u00f6nnen wir gemeinsam mit Ihnen die f\u00fcr Sie optimale Therapie entwickeln.<\/p>\n<p>[\/vc_column_text][vc_column_text]<\/p>\n<h2>Unser Anspruch&#8230;<\/h2>\n<p>[\/vc_column_text][vc_column_text]Der Anspruch unserer Arbeit ist nicht stehen zu bleiben, sondern Sie stets mit modernsten Behandlungsmethoden zu versorgen.<\/p>\n<p>Wir m\u00f6chten zudem, dass Sie \u00fcber Ihre Behandlung vollst\u00e4ndig aufgekl\u00e4rt werden, denn nur so kann eine wirkungsvolle medizinische Versorgung erfolgen.[\/vc_column_text][\/vc_column][\/vc_row]<\/p>\n","protected":false},"excerpt":{"rendered":"<p>[vc_row margin_top=&#8220;40&#8243;][vc_column][vc_column_text] Unsere Philosophie\u2026 [\/vc_column_text][vc_column_text]Der Patient steht f\u00fcr uns immer im Mittelpunkt! Wir bieten diesem ein umfassendes Leistungsspektrum der modernen, konservativen HNO-Heilkunde in Diagnostik und Therapie. Wir sehen unsere St\u00e4rken insbesondere in der ganzheitlichen Erfassung von HNO \u2013 Krankheiten. Wir nehmen uns viel Zeit f\u00fcr Sie und Ihre Fragen und Anliegen. Denn nur wenn wir&hellip;<\/p>\n","protected":false},"author":1,"featured_media":0,"parent":18,"menu_order":0,"comment_status":"closed","ping_status":"closed","template":"","meta":[],"yoast_head":"<!-- This site is optimized with the Yoast SEO plugin v20.2.1 - https:\/\/yoast.com\/wordpress\/plugins\/seo\/ -->\n<title>Philosophie und Anspruch - HNO<\/title>\n<meta name=\"robots\" content=\"index, follow, max-snippet:-1, max-image-preview:large, max-video-preview:-1\" \/>\n<link rel=\"canonical\" href=\"https:\/\/medizentrum-eckert.de\/hno\/ueber-uns\/philosophie-und-anspruch\/\" \/>\n<meta property=\"og:locale\" content=\"de_DE\" \/>\n<meta property=\"og:type\" content=\"article\" \/>\n<meta property=\"og:title\" content=\"Philosophie und Anspruch - HNO\" \/>\n<meta property=\"og:description\" content=\"[vc_row margin_top=&#8220;40&#8243;][vc_column][vc_column_text] Unsere Philosophie\u2026 [\/vc_column_text][vc_column_text]Der Patient steht f\u00fcr uns immer im Mittelpunkt! Wir bieten diesem ein umfassendes Leistungsspektrum der modernen, konservativen HNO-Heilkunde in Diagnostik und Therapie. Wir sehen unsere St\u00e4rken insbesondere in der ganzheitlichen Erfassung von HNO \u2013 Krankheiten. Wir nehmen uns viel Zeit f\u00fcr Sie und Ihre Fragen und Anliegen. Denn nur wenn wir&hellip;\" \/>\n<meta property=\"og:url\" content=\"https:\/\/medizentrum-eckert.de\/hno\/ueber-uns\/philosophie-und-anspruch\/\" \/>\n<meta property=\"og:site_name\" content=\"HNO\" \/>\n<meta property=\"article:modified_time\" content=\"2020-01-16T14:41:38+00:00\" \/>\n<meta name=\"twitter:card\" content=\"summary_large_image\" \/>\n<meta name=\"twitter:label1\" content=\"Gesch\u00e4tzte Lesezeit\" \/>\n\t<meta name=\"twitter:data1\" content=\"1\u00a0Minute\" \/>\n<script type=\"application\/ld+json\" class=\"yoast-schema-graph\">{\"@context\":\"https:\/\/schema.org\",\"@graph\":[{\"@type\":\"WebPage\",\"@id\":\"https:\/\/medizentrum-eckert.de\/hno\/ueber-uns\/philosophie-und-anspruch\/\",\"url\":\"https:\/\/medizentrum-eckert.de\/hno\/ueber-uns\/philosophie-und-anspruch\/\",\"name\":\"Philosophie und Anspruch - HNO\",\"isPartOf\":{\"@id\":\"https:\/\/medizentrum-eckert.de\/hno\/#website\"},\"datePublished\":\"2017-03-01T09:55:23+00:00\",\"dateModified\":\"2020-01-16T14:41:38+00:00\",\"breadcrumb\":{\"@id\":\"https:\/\/medizentrum-eckert.de\/hno\/ueber-uns\/philosophie-und-anspruch\/#breadcrumb\"},\"inLanguage\":\"de\",\"potentialAction\":[{\"@type\":\"ReadAction\",\"target\":[\"https:\/\/medizentrum-eckert.de\/hno\/ueber-uns\/philosophie-und-anspruch\/\"]}]},{\"@type\":\"BreadcrumbList\",\"@id\":\"https:\/\/medizentrum-eckert.de\/hno\/ueber-uns\/philosophie-und-anspruch\/#breadcrumb\",\"itemListElement\":[{\"@type\":\"ListItem\",\"position\":1,\"name\":\"Startseite\",\"item\":\"https:\/\/medizentrum-eckert.de\/hno\/\"},{\"@type\":\"ListItem\",\"position\":2,\"name\":\"\u00dcber uns\",\"item\":\"https:\/\/medizentrum-eckert.de\/hno\/ueber-uns\/\"},{\"@type\":\"ListItem\",\"position\":3,\"name\":\"Philosophie und Anspruch\"}]},{\"@type\":\"WebSite\",\"@id\":\"https:\/\/medizentrum-eckert.de\/hno\/#website\",\"url\":\"https:\/\/medizentrum-eckert.de\/hno\/\",\"name\":\"HNO\",\"description\":\"\",\"potentialAction\":[{\"@type\":\"SearchAction\",\"target\":{\"@type\":\"EntryPoint\",\"urlTemplate\":\"https:\/\/medizentrum-eckert.de\/hno\/?s={search_term_string}\"},\"query-input\":\"required name=search_term_string\"}],\"inLanguage\":\"de\"}]}<\/script>\n<!-- \/ Yoast SEO plugin. -->","yoast_head_json":{"title":"Philosophie und Anspruch - HNO","robots":{"index":"index","follow":"follow","max-snippet":"max-snippet:-1","max-image-preview":"max-image-preview:large","max-video-preview":"max-video-preview:-1"},"canonical":"https:\/\/medizentrum-eckert.de\/hno\/ueber-uns\/philosophie-und-anspruch\/","og_locale":"de_DE","og_type":"article","og_title":"Philosophie und Anspruch - HNO","og_description":"[vc_row margin_top=&#8220;40&#8243;][vc_column][vc_column_text] Unsere Philosophie\u2026 [\/vc_column_text][vc_column_text]Der Patient steht f\u00fcr uns immer im Mittelpunkt! Wir bieten diesem ein umfassendes Leistungsspektrum der modernen, konservativen HNO-Heilkunde in Diagnostik und Therapie. Wir sehen unsere St\u00e4rken insbesondere in der ganzheitlichen Erfassung von HNO \u2013 Krankheiten. Wir nehmen uns viel Zeit f\u00fcr Sie und Ihre Fragen und Anliegen. Denn nur wenn wir&hellip;","og_url":"https:\/\/medizentrum-eckert.de\/hno\/ueber-uns\/philosophie-und-anspruch\/","og_site_name":"HNO","article_modified_time":"2020-01-16T14:41:38+00:00","twitter_card":"summary_large_image","twitter_misc":{"Gesch\u00e4tzte Lesezeit":"1\u00a0Minute"},"schema":{"@context":"https:\/\/schema.org","@graph":[{"@type":"WebPage","@id":"https:\/\/medizentrum-eckert.de\/hno\/ueber-uns\/philosophie-und-anspruch\/","url":"https:\/\/medizentrum-eckert.de\/hno\/ueber-uns\/philosophie-und-anspruch\/","name":"Philosophie und Anspruch - HNO","isPartOf":{"@id":"https:\/\/medizentrum-eckert.de\/hno\/#website"},"datePublished":"2017-03-01T09:55:23+00:00","dateModified":"2020-01-16T14:41:38+00:00","breadcrumb":{"@id":"https:\/\/medizentrum-eckert.de\/hno\/ueber-uns\/philosophie-und-anspruch\/#breadcrumb"},"inLanguage":"de","potentialAction":[{"@type":"ReadAction","target":["https:\/\/medizentrum-eckert.de\/hno\/ueber-uns\/philosophie-und-anspruch\/"]}]},{"@type":"BreadcrumbList","@id":"https:\/\/medizentrum-eckert.de\/hno\/ueber-uns\/philosophie-und-anspruch\/#breadcrumb","itemListElement":[{"@type":"ListItem","position":1,"name":"Startseite","item":"https:\/\/medizentrum-eckert.de\/hno\/"},{"@type":"ListItem","position":2,"name":"\u00dcber uns","item":"https:\/\/medizentrum-eckert.de\/hno\/ueber-uns\/"},{"@type":"ListItem","position":3,"name":"Philosophie und Anspruch"}]},{"@type":"WebSite","@id":"https:\/\/medizentrum-eckert.de\/hno\/#website","url":"https:\/\/medizentrum-eckert.de\/hno\/","name":"HNO","description":"","potentialAction":[{"@type":"SearchAction","target":{"@type":"EntryPoint","urlTemplate":"https:\/\/medizentrum-eckert.de\/hno\/?s={search_term_string}"},"query-input":"required name=search_term_string"}],"inLanguage":"de"}]}},"_links":{"self":[{"href":"https:\/\/medizentrum-eckert.de\/hno\/wp-json\/wp\/v2\/pages\/3378"}],"collection":[{"href":"https:\/\/medizentrum-eckert.de\/hno\/wp-json\/wp\/v2\/pages"}],"about":[{"href":"https:\/\/medizentrum-eckert.de\/hno\/wp-json\/wp\/v2\/types\/page"}],"author":[{"embeddable":true,"href":"https:\/\/medizentrum-eckert.de\/hno\/wp-json\/wp\/v2\/users\/1"}],"replies":[{"embeddable":true,"href":"https:\/\/medizentrum-eckert.de\/hno\/wp-json\/wp\/v2\/comments?post=3378"}],"version-history":[{"count":6,"href":"https:\/\/medizentrum-eckert.de\/hno\/wp-json\/wp\/v2\/pages\/3378\/revisions"}],"predecessor-version":[{"id":9804,"href":"https:\/\/medizentrum-eckert.de\/hno\/wp-json\/wp\/v2\/pages\/3378\/revisions\/9804"}],"up":[{"embeddable":true,"href":"https:\/\/medizentrum-eckert.de\/hno\/wp-json\/wp\/v2\/pages\/18"}],"wp:attachment":[{"href":"https:\/\/medizentrum-eckert.de\/hno\/wp-json\/wp\/v2\/media?parent=3378"}],"curies":[{"name":"wp","href":"https:\/\/api.w.org\/{rel}","templated":true}]}}