{"id":3313,"date":"2017-02-24T11:27:20","date_gmt":"2017-02-24T10:27:20","guid":{"rendered":"https:\/\/augenzentrum-eckert.de\/?page_id=3313"},"modified":"2017-02-24T11:27:20","modified_gmt":"2017-02-24T10:27:20","slug":"hordeolum-gerstenkorn","status":"publish","type":"page","link":"https:\/\/medizentrum-eckert.de\/hno\/info\/hordeolum-gerstenkorn\/","title":{"rendered":"Hordeolum (Gerstenkorn)"},"content":{"rendered":"<p>Eitrige Entz\u00fcndung der Wimpernfollikel und des umliegenden Gewebes. Bei Versagen einer lokalen Therapie mit Augensalben\/Augentropfen und mit W\u00e4rmetherapie, kann ein chirurgischer Eingriff notwendig werden. Je nachdem, ob der Befund mehr zur Lidhaut oder eher zur Bindehaut hin liegt, wird entsprechend der Schnitt zur Er\u00f6ffnung des entz\u00fcndlichen Gewebes gew\u00e4hlt und der Eiter aus dem Gewebe entfernt. Die inzwischen gebildete Eiterkapsel sollte mindestens teilweise mitentfernt werden. <\/p>\n","protected":false},"excerpt":{"rendered":"<p>Eitrige Entz\u00fcndung der Wimpernfollikel und des umliegenden Gewebes. Bei Versagen einer lokalen Therapie mit Augensalben\/Augentropfen und mit W\u00e4rmetherapie, kann ein chirurgischer Eingriff notwendig werden. Je nachdem, ob der Befund mehr zur Lidhaut oder eher zur Bindehaut hin liegt, wird entsprechend der Schnitt zur Er\u00f6ffnung des entz\u00fcndlichen Gewebes gew\u00e4hlt und der Eiter aus dem Gewebe entfernt.&hellip;<\/p>\n","protected":false},"author":1,"featured_media":0,"parent":16,"menu_order":0,"comment_status":"closed","ping_status":"closed","template":"","meta":[],"yoast_head":"<!-- This site is optimized with the Yoast SEO plugin v20.2.1 - https:\/\/yoast.com\/wordpress\/plugins\/seo\/ -->\n<title>Hordeolum (Gerstenkorn) - HNO<\/title>\n<meta name=\"robots\" content=\"index, follow, max-snippet:-1, max-image-preview:large, max-video-preview:-1\" \/>\n<link rel=\"canonical\" href=\"https:\/\/medizentrum-eckert.de\/hno\/info\/lexikon-kieferorthopaedie-eckert__trashed\/hordeolum-gerstenkorn\/\" \/>\n<meta property=\"og:locale\" content=\"de_DE\" \/>\n<meta property=\"og:type\" content=\"article\" \/>\n<meta property=\"og:title\" content=\"Hordeolum (Gerstenkorn) - HNO\" \/>\n<meta property=\"og:description\" content=\"Eitrige Entz\u00fcndung der Wimpernfollikel und des umliegenden Gewebes. Bei Versagen einer lokalen Therapie mit Augensalben\/Augentropfen und mit W\u00e4rmetherapie, kann ein chirurgischer Eingriff notwendig werden. Je nachdem, ob der Befund mehr zur Lidhaut oder eher zur Bindehaut hin liegt, wird entsprechend der Schnitt zur Er\u00f6ffnung des entz\u00fcndlichen Gewebes gew\u00e4hlt und der Eiter aus dem Gewebe entfernt.&hellip;\" \/>\n<meta property=\"og:url\" content=\"https:\/\/medizentrum-eckert.de\/hno\/info\/lexikon-kieferorthopaedie-eckert__trashed\/hordeolum-gerstenkorn\/\" \/>\n<meta property=\"og:site_name\" content=\"HNO\" \/>\n<meta name=\"twitter:card\" content=\"summary_large_image\" \/>\n<script type=\"application\/ld+json\" class=\"yoast-schema-graph\">{\"@context\":\"https:\/\/schema.org\",\"@graph\":[{\"@type\":\"WebPage\",\"@id\":\"https:\/\/medizentrum-eckert.de\/hno\/info\/lexikon-kieferorthopaedie-eckert__trashed\/hordeolum-gerstenkorn\/\",\"url\":\"https:\/\/medizentrum-eckert.de\/hno\/info\/lexikon-kieferorthopaedie-eckert__trashed\/hordeolum-gerstenkorn\/\",\"name\":\"Hordeolum (Gerstenkorn) - HNO\",\"isPartOf\":{\"@id\":\"https:\/\/medizentrum-eckert.de\/hno\/#website\"},\"datePublished\":\"2017-02-24T10:27:20+00:00\",\"dateModified\":\"2017-02-24T10:27:20+00:00\",\"breadcrumb\":{\"@id\":\"https:\/\/medizentrum-eckert.de\/hno\/info\/lexikon-kieferorthopaedie-eckert__trashed\/hordeolum-gerstenkorn\/#breadcrumb\"},\"inLanguage\":\"de\",\"potentialAction\":[{\"@type\":\"ReadAction\",\"target\":[\"https:\/\/medizentrum-eckert.de\/hno\/info\/lexikon-kieferorthopaedie-eckert__trashed\/hordeolum-gerstenkorn\/\"]}]},{\"@type\":\"BreadcrumbList\",\"@id\":\"https:\/\/medizentrum-eckert.de\/hno\/info\/lexikon-kieferorthopaedie-eckert__trashed\/hordeolum-gerstenkorn\/#breadcrumb\",\"itemListElement\":[{\"@type\":\"ListItem\",\"position\":1,\"name\":\"Startseite\",\"item\":\"https:\/\/medizentrum-eckert.de\/hno\/\"},{\"@type\":\"ListItem\",\"position\":2,\"name\":\"Info\",\"item\":\"https:\/\/medizentrum-eckert.de\/hno\/info\/\"},{\"@type\":\"ListItem\",\"position\":3,\"name\":\"Hordeolum (Gerstenkorn)\"}]},{\"@type\":\"WebSite\",\"@id\":\"https:\/\/medizentrum-eckert.de\/hno\/#website\",\"url\":\"https:\/\/medizentrum-eckert.de\/hno\/\",\"name\":\"HNO\",\"description\":\"\",\"potentialAction\":[{\"@type\":\"SearchAction\",\"target\":{\"@type\":\"EntryPoint\",\"urlTemplate\":\"https:\/\/medizentrum-eckert.de\/hno\/?s={search_term_string}\"},\"query-input\":\"required name=search_term_string\"}],\"inLanguage\":\"de\"}]}<\/script>\n<!-- \/ Yoast SEO plugin. -->","yoast_head_json":{"title":"Hordeolum (Gerstenkorn) - HNO","robots":{"index":"index","follow":"follow","max-snippet":"max-snippet:-1","max-image-preview":"max-image-preview:large","max-video-preview":"max-video-preview:-1"},"canonical":"https:\/\/medizentrum-eckert.de\/hno\/info\/lexikon-kieferorthopaedie-eckert__trashed\/hordeolum-gerstenkorn\/","og_locale":"de_DE","og_type":"article","og_title":"Hordeolum (Gerstenkorn) - HNO","og_description":"Eitrige Entz\u00fcndung der Wimpernfollikel und des umliegenden Gewebes. Bei Versagen einer lokalen Therapie mit Augensalben\/Augentropfen und mit W\u00e4rmetherapie, kann ein chirurgischer Eingriff notwendig werden. Je nachdem, ob der Befund mehr zur Lidhaut oder eher zur Bindehaut hin liegt, wird entsprechend der Schnitt zur Er\u00f6ffnung des entz\u00fcndlichen Gewebes gew\u00e4hlt und der Eiter aus dem Gewebe entfernt.&hellip;","og_url":"https:\/\/medizentrum-eckert.de\/hno\/info\/lexikon-kieferorthopaedie-eckert__trashed\/hordeolum-gerstenkorn\/","og_site_name":"HNO","twitter_card":"summary_large_image","schema":{"@context":"https:\/\/schema.org","@graph":[{"@type":"WebPage","@id":"https:\/\/medizentrum-eckert.de\/hno\/info\/lexikon-kieferorthopaedie-eckert__trashed\/hordeolum-gerstenkorn\/","url":"https:\/\/medizentrum-eckert.de\/hno\/info\/lexikon-kieferorthopaedie-eckert__trashed\/hordeolum-gerstenkorn\/","name":"Hordeolum (Gerstenkorn) - HNO","isPartOf":{"@id":"https:\/\/medizentrum-eckert.de\/hno\/#website"},"datePublished":"2017-02-24T10:27:20+00:00","dateModified":"2017-02-24T10:27:20+00:00","breadcrumb":{"@id":"https:\/\/medizentrum-eckert.de\/hno\/info\/lexikon-kieferorthopaedie-eckert__trashed\/hordeolum-gerstenkorn\/#breadcrumb"},"inLanguage":"de","potentialAction":[{"@type":"ReadAction","target":["https:\/\/medizentrum-eckert.de\/hno\/info\/lexikon-kieferorthopaedie-eckert__trashed\/hordeolum-gerstenkorn\/"]}]},{"@type":"BreadcrumbList","@id":"https:\/\/medizentrum-eckert.de\/hno\/info\/lexikon-kieferorthopaedie-eckert__trashed\/hordeolum-gerstenkorn\/#breadcrumb","itemListElement":[{"@type":"ListItem","position":1,"name":"Startseite","item":"https:\/\/medizentrum-eckert.de\/hno\/"},{"@type":"ListItem","position":2,"name":"Info","item":"https:\/\/medizentrum-eckert.de\/hno\/info\/"},{"@type":"ListItem","position":3,"name":"Hordeolum (Gerstenkorn)"}]},{"@type":"WebSite","@id":"https:\/\/medizentrum-eckert.de\/hno\/#website","url":"https:\/\/medizentrum-eckert.de\/hno\/","name":"HNO","description":"","potentialAction":[{"@type":"SearchAction","target":{"@type":"EntryPoint","urlTemplate":"https:\/\/medizentrum-eckert.de\/hno\/?s={search_term_string}"},"query-input":"required name=search_term_string"}],"inLanguage":"de"}]}},"_links":{"self":[{"href":"https:\/\/medizentrum-eckert.de\/hno\/wp-json\/wp\/v2\/pages\/3313"}],"collection":[{"href":"https:\/\/medizentrum-eckert.de\/hno\/wp-json\/wp\/v2\/pages"}],"about":[{"href":"https:\/\/medizentrum-eckert.de\/hno\/wp-json\/wp\/v2\/types\/page"}],"author":[{"embeddable":true,"href":"https:\/\/medizentrum-eckert.de\/hno\/wp-json\/wp\/v2\/users\/1"}],"replies":[{"embeddable":true,"href":"https:\/\/medizentrum-eckert.de\/hno\/wp-json\/wp\/v2\/comments?post=3313"}],"version-history":[{"count":0,"href":"https:\/\/medizentrum-eckert.de\/hno\/wp-json\/wp\/v2\/pages\/3313\/revisions"}],"up":[{"embeddable":true,"href":"https:\/\/medizentrum-eckert.de\/hno\/wp-json\/wp\/v2\/pages\/16"}],"wp:attachment":[{"href":"https:\/\/medizentrum-eckert.de\/hno\/wp-json\/wp\/v2\/media?parent=3313"}],"curies":[{"name":"wp","href":"https:\/\/api.w.org\/{rel}","templated":true}]}}