{"id":3301,"date":"2017-02-24T11:20:47","date_gmt":"2017-02-24T10:20:47","guid":{"rendered":"https:\/\/augenzentrum-eckert.de\/?page_id=3301"},"modified":"2017-02-24T11:20:47","modified_gmt":"2017-02-24T10:20:47","slug":"dermatochalasis-hauterschlaffung-des-lides","status":"publish","type":"page","link":"https:\/\/medizentrum-eckert.de\/hno\/info\/dermatochalasis-hauterschlaffung-des-lides\/","title":{"rendered":"Dermatochalasis (Hauterschlaffung des Lides)"},"content":{"rendered":"<p>\u00dcbersch\u00fcssige Haut, die die Patienten nicht nur optisch st\u00f6ren, sondern auch zu funktionellen Einschr\u00e4nkungen f\u00fchren kann (z.B. Gesichtsfeldeinschr\u00e4nkungen).<\/p>\n","protected":false},"excerpt":{"rendered":"<p>\u00dcbersch\u00fcssige Haut, die die Patienten nicht nur optisch st\u00f6ren, sondern auch zu funktionellen Einschr\u00e4nkungen f\u00fchren kann (z.B. Gesichtsfeldeinschr\u00e4nkungen).<\/p>\n","protected":false},"author":1,"featured_media":0,"parent":16,"menu_order":0,"comment_status":"closed","ping_status":"closed","template":"","meta":[],"yoast_head":"<!-- This site is optimized with the Yoast SEO plugin v20.2.1 - https:\/\/yoast.com\/wordpress\/plugins\/seo\/ -->\n<title>Dermatochalasis (Hauterschlaffung des Lides) - HNO<\/title>\n<meta name=\"robots\" content=\"index, follow, max-snippet:-1, max-image-preview:large, max-video-preview:-1\" \/>\n<link rel=\"canonical\" href=\"https:\/\/medizentrum-eckert.de\/hno\/info\/lexikon-kieferorthopaedie-eckert__trashed\/dermatochalasis-hauterschlaffung-des-lides\/\" \/>\n<meta property=\"og:locale\" content=\"de_DE\" \/>\n<meta property=\"og:type\" content=\"article\" \/>\n<meta property=\"og:title\" content=\"Dermatochalasis (Hauterschlaffung des Lides) - HNO\" \/>\n<meta property=\"og:description\" content=\"\u00dcbersch\u00fcssige Haut, die die Patienten nicht nur optisch st\u00f6ren, sondern auch zu funktionellen Einschr\u00e4nkungen f\u00fchren kann (z.B. Gesichtsfeldeinschr\u00e4nkungen).\" \/>\n<meta property=\"og:url\" content=\"https:\/\/medizentrum-eckert.de\/hno\/info\/lexikon-kieferorthopaedie-eckert__trashed\/dermatochalasis-hauterschlaffung-des-lides\/\" \/>\n<meta property=\"og:site_name\" content=\"HNO\" \/>\n<meta name=\"twitter:card\" content=\"summary_large_image\" \/>\n<script type=\"application\/ld+json\" class=\"yoast-schema-graph\">{\"@context\":\"https:\/\/schema.org\",\"@graph\":[{\"@type\":\"WebPage\",\"@id\":\"https:\/\/medizentrum-eckert.de\/hno\/info\/lexikon-kieferorthopaedie-eckert__trashed\/dermatochalasis-hauterschlaffung-des-lides\/\",\"url\":\"https:\/\/medizentrum-eckert.de\/hno\/info\/lexikon-kieferorthopaedie-eckert__trashed\/dermatochalasis-hauterschlaffung-des-lides\/\",\"name\":\"Dermatochalasis (Hauterschlaffung des Lides) - HNO\",\"isPartOf\":{\"@id\":\"https:\/\/medizentrum-eckert.de\/hno\/#website\"},\"datePublished\":\"2017-02-24T10:20:47+00:00\",\"dateModified\":\"2017-02-24T10:20:47+00:00\",\"breadcrumb\":{\"@id\":\"https:\/\/medizentrum-eckert.de\/hno\/info\/lexikon-kieferorthopaedie-eckert__trashed\/dermatochalasis-hauterschlaffung-des-lides\/#breadcrumb\"},\"inLanguage\":\"de\",\"potentialAction\":[{\"@type\":\"ReadAction\",\"target\":[\"https:\/\/medizentrum-eckert.de\/hno\/info\/lexikon-kieferorthopaedie-eckert__trashed\/dermatochalasis-hauterschlaffung-des-lides\/\"]}]},{\"@type\":\"BreadcrumbList\",\"@id\":\"https:\/\/medizentrum-eckert.de\/hno\/info\/lexikon-kieferorthopaedie-eckert__trashed\/dermatochalasis-hauterschlaffung-des-lides\/#breadcrumb\",\"itemListElement\":[{\"@type\":\"ListItem\",\"position\":1,\"name\":\"Startseite\",\"item\":\"https:\/\/medizentrum-eckert.de\/hno\/\"},{\"@type\":\"ListItem\",\"position\":2,\"name\":\"Info\",\"item\":\"https:\/\/medizentrum-eckert.de\/hno\/info\/\"},{\"@type\":\"ListItem\",\"position\":3,\"name\":\"Dermatochalasis (Hauterschlaffung des Lides)\"}]},{\"@type\":\"WebSite\",\"@id\":\"https:\/\/medizentrum-eckert.de\/hno\/#website\",\"url\":\"https:\/\/medizentrum-eckert.de\/hno\/\",\"name\":\"HNO\",\"description\":\"\",\"potentialAction\":[{\"@type\":\"SearchAction\",\"target\":{\"@type\":\"EntryPoint\",\"urlTemplate\":\"https:\/\/medizentrum-eckert.de\/hno\/?s={search_term_string}\"},\"query-input\":\"required name=search_term_string\"}],\"inLanguage\":\"de\"}]}<\/script>\n<!-- \/ Yoast SEO plugin. -->","yoast_head_json":{"title":"Dermatochalasis (Hauterschlaffung des Lides) - HNO","robots":{"index":"index","follow":"follow","max-snippet":"max-snippet:-1","max-image-preview":"max-image-preview:large","max-video-preview":"max-video-preview:-1"},"canonical":"https:\/\/medizentrum-eckert.de\/hno\/info\/lexikon-kieferorthopaedie-eckert__trashed\/dermatochalasis-hauterschlaffung-des-lides\/","og_locale":"de_DE","og_type":"article","og_title":"Dermatochalasis (Hauterschlaffung des Lides) - HNO","og_description":"\u00dcbersch\u00fcssige Haut, die die Patienten nicht nur optisch st\u00f6ren, sondern auch zu funktionellen Einschr\u00e4nkungen f\u00fchren kann (z.B. Gesichtsfeldeinschr\u00e4nkungen).","og_url":"https:\/\/medizentrum-eckert.de\/hno\/info\/lexikon-kieferorthopaedie-eckert__trashed\/dermatochalasis-hauterschlaffung-des-lides\/","og_site_name":"HNO","twitter_card":"summary_large_image","schema":{"@context":"https:\/\/schema.org","@graph":[{"@type":"WebPage","@id":"https:\/\/medizentrum-eckert.de\/hno\/info\/lexikon-kieferorthopaedie-eckert__trashed\/dermatochalasis-hauterschlaffung-des-lides\/","url":"https:\/\/medizentrum-eckert.de\/hno\/info\/lexikon-kieferorthopaedie-eckert__trashed\/dermatochalasis-hauterschlaffung-des-lides\/","name":"Dermatochalasis (Hauterschlaffung des Lides) - HNO","isPartOf":{"@id":"https:\/\/medizentrum-eckert.de\/hno\/#website"},"datePublished":"2017-02-24T10:20:47+00:00","dateModified":"2017-02-24T10:20:47+00:00","breadcrumb":{"@id":"https:\/\/medizentrum-eckert.de\/hno\/info\/lexikon-kieferorthopaedie-eckert__trashed\/dermatochalasis-hauterschlaffung-des-lides\/#breadcrumb"},"inLanguage":"de","potentialAction":[{"@type":"ReadAction","target":["https:\/\/medizentrum-eckert.de\/hno\/info\/lexikon-kieferorthopaedie-eckert__trashed\/dermatochalasis-hauterschlaffung-des-lides\/"]}]},{"@type":"BreadcrumbList","@id":"https:\/\/medizentrum-eckert.de\/hno\/info\/lexikon-kieferorthopaedie-eckert__trashed\/dermatochalasis-hauterschlaffung-des-lides\/#breadcrumb","itemListElement":[{"@type":"ListItem","position":1,"name":"Startseite","item":"https:\/\/medizentrum-eckert.de\/hno\/"},{"@type":"ListItem","position":2,"name":"Info","item":"https:\/\/medizentrum-eckert.de\/hno\/info\/"},{"@type":"ListItem","position":3,"name":"Dermatochalasis (Hauterschlaffung des Lides)"}]},{"@type":"WebSite","@id":"https:\/\/medizentrum-eckert.de\/hno\/#website","url":"https:\/\/medizentrum-eckert.de\/hno\/","name":"HNO","description":"","potentialAction":[{"@type":"SearchAction","target":{"@type":"EntryPoint","urlTemplate":"https:\/\/medizentrum-eckert.de\/hno\/?s={search_term_string}"},"query-input":"required name=search_term_string"}],"inLanguage":"de"}]}},"_links":{"self":[{"href":"https:\/\/medizentrum-eckert.de\/hno\/wp-json\/wp\/v2\/pages\/3301"}],"collection":[{"href":"https:\/\/medizentrum-eckert.de\/hno\/wp-json\/wp\/v2\/pages"}],"about":[{"href":"https:\/\/medizentrum-eckert.de\/hno\/wp-json\/wp\/v2\/types\/page"}],"author":[{"embeddable":true,"href":"https:\/\/medizentrum-eckert.de\/hno\/wp-json\/wp\/v2\/users\/1"}],"replies":[{"embeddable":true,"href":"https:\/\/medizentrum-eckert.de\/hno\/wp-json\/wp\/v2\/comments?post=3301"}],"version-history":[{"count":0,"href":"https:\/\/medizentrum-eckert.de\/hno\/wp-json\/wp\/v2\/pages\/3301\/revisions"}],"up":[{"embeddable":true,"href":"https:\/\/medizentrum-eckert.de\/hno\/wp-json\/wp\/v2\/pages\/16"}],"wp:attachment":[{"href":"https:\/\/medizentrum-eckert.de\/hno\/wp-json\/wp\/v2\/media?parent=3301"}],"curies":[{"name":"wp","href":"https:\/\/api.w.org\/{rel}","templated":true}]}}