{"id":1983,"date":"2016-10-07T12:09:51","date_gmt":"2016-10-07T10:09:51","guid":{"rendered":"http:\/\/wordpress.augenzentrum-eckert.de\/?page_id=1983"},"modified":"2016-10-07T12:09:51","modified_gmt":"2016-10-07T10:09:51","slug":"verklebte-augen-vor-allem-morgens-nach-dem-aufwachen","status":"publish","type":"page","link":"https:\/\/medizentrum-eckert.de\/hno\/info\/verklebte-augen-vor-allem-morgens-nach-dem-aufwachen\/","title":{"rendered":"Verklebte Augen, vor allem morgens nach dem Aufwachen"},"content":{"rendered":"<p>Die Nacht dient dem K\u00f6rper zur Ruhe und Regeneration- Stoffwechselvorg\u00e4nge werden reduziert. Verringert wird nachts z.B. auch die Produktion von Tr\u00e4nenfl\u00fcssigkeit, die tags\u00fcber daf\u00fcr sorgt, dass die Augenoberfl\u00e4che gleichm\u00e4\u00dfig und regelm\u00e4\u00dfig befeuchtet wird. Das &#8222;System Tr\u00e4nenfilm&#8220; ist allerdings sehr komplex und durchaus st\u00f6ranf\u00e4llig: der Tr\u00e4nenfilm besteht aus 3 Schichten, die verschiedene Aufgaben zu erf\u00fcllen haben. Sobald eine dieser Schichten nicht voll funktionsf\u00e4hig ist, k\u00f6nnen z.B. folgende Symptome auftreten: Jucken, Brennen, Stechen, Tr\u00e4nen, rote Augen, Schmerzen, Druckgef\u00fchl, verklebte Augen in der Fr\u00fch, etc. Hierbei macht es keinen Sinn, x-beliebige Augentropfen gegen die Benetzungsst\u00f6rungen zu tropfen. Es ist viel wichtiger genau herauszufinden, welche Schicht des Tr\u00e4nenfilms nicht ausreichend vorhanden ist und diese dann spezifisch zu ersetzen. Manchmal muss sogar mit einem speziellen Antibiotikum therapiert werden.<\/p>\n","protected":false},"excerpt":{"rendered":"<p>Die Nacht dient dem K\u00f6rper zur Ruhe und Regeneration- Stoffwechselvorg\u00e4nge werden reduziert. Verringert wird nachts z.B. auch die Produktion von Tr\u00e4nenfl\u00fcssigkeit, die tags\u00fcber daf\u00fcr sorgt, dass die Augenoberfl\u00e4che gleichm\u00e4\u00dfig und regelm\u00e4\u00dfig befeuchtet wird. Das &#8222;System Tr\u00e4nenfilm&#8220; ist allerdings sehr komplex und durchaus st\u00f6ranf\u00e4llig: der Tr\u00e4nenfilm besteht aus 3 Schichten, die verschiedene Aufgaben zu erf\u00fcllen haben.&hellip;<\/p>\n","protected":false},"author":1,"featured_media":0,"parent":16,"menu_order":0,"comment_status":"closed","ping_status":"closed","template":"","meta":[],"yoast_head":"<!-- This site is optimized with the Yoast SEO plugin v20.2.1 - https:\/\/yoast.com\/wordpress\/plugins\/seo\/ -->\n<title>Verklebte Augen, vor allem morgens nach dem Aufwachen - HNO<\/title>\n<meta name=\"robots\" content=\"index, follow, max-snippet:-1, max-image-preview:large, max-video-preview:-1\" \/>\n<link rel=\"canonical\" href=\"https:\/\/medizentrum-eckert.de\/hno\/info\/lexikon-kieferorthopaedie-eckert__trashed\/verklebte-augen-vor-allem-morgens-nach-dem-aufwachen\/\" \/>\n<meta property=\"og:locale\" content=\"de_DE\" \/>\n<meta property=\"og:type\" content=\"article\" \/>\n<meta property=\"og:title\" content=\"Verklebte Augen, vor allem morgens nach dem Aufwachen - HNO\" \/>\n<meta property=\"og:description\" content=\"Die Nacht dient dem K\u00f6rper zur Ruhe und Regeneration- Stoffwechselvorg\u00e4nge werden reduziert. Verringert wird nachts z.B. auch die Produktion von Tr\u00e4nenfl\u00fcssigkeit, die tags\u00fcber daf\u00fcr sorgt, dass die Augenoberfl\u00e4che gleichm\u00e4\u00dfig und regelm\u00e4\u00dfig befeuchtet wird. Das &#8222;System Tr\u00e4nenfilm&#8220; ist allerdings sehr komplex und durchaus st\u00f6ranf\u00e4llig: der Tr\u00e4nenfilm besteht aus 3 Schichten, die verschiedene Aufgaben zu erf\u00fcllen haben.&hellip;\" \/>\n<meta property=\"og:url\" content=\"https:\/\/medizentrum-eckert.de\/hno\/info\/lexikon-kieferorthopaedie-eckert__trashed\/verklebte-augen-vor-allem-morgens-nach-dem-aufwachen\/\" \/>\n<meta property=\"og:site_name\" content=\"HNO\" \/>\n<meta name=\"twitter:card\" content=\"summary_large_image\" \/>\n<meta name=\"twitter:label1\" content=\"Gesch\u00e4tzte Lesezeit\" \/>\n\t<meta name=\"twitter:data1\" content=\"1\u00a0Minute\" \/>\n<script type=\"application\/ld+json\" class=\"yoast-schema-graph\">{\"@context\":\"https:\/\/schema.org\",\"@graph\":[{\"@type\":\"WebPage\",\"@id\":\"https:\/\/medizentrum-eckert.de\/hno\/info\/lexikon-kieferorthopaedie-eckert__trashed\/verklebte-augen-vor-allem-morgens-nach-dem-aufwachen\/\",\"url\":\"https:\/\/medizentrum-eckert.de\/hno\/info\/lexikon-kieferorthopaedie-eckert__trashed\/verklebte-augen-vor-allem-morgens-nach-dem-aufwachen\/\",\"name\":\"Verklebte Augen, vor allem morgens nach dem Aufwachen - HNO\",\"isPartOf\":{\"@id\":\"https:\/\/medizentrum-eckert.de\/hno\/#website\"},\"datePublished\":\"2016-10-07T10:09:51+00:00\",\"dateModified\":\"2016-10-07T10:09:51+00:00\",\"breadcrumb\":{\"@id\":\"https:\/\/medizentrum-eckert.de\/hno\/info\/lexikon-kieferorthopaedie-eckert__trashed\/verklebte-augen-vor-allem-morgens-nach-dem-aufwachen\/#breadcrumb\"},\"inLanguage\":\"de\",\"potentialAction\":[{\"@type\":\"ReadAction\",\"target\":[\"https:\/\/medizentrum-eckert.de\/hno\/info\/lexikon-kieferorthopaedie-eckert__trashed\/verklebte-augen-vor-allem-morgens-nach-dem-aufwachen\/\"]}]},{\"@type\":\"BreadcrumbList\",\"@id\":\"https:\/\/medizentrum-eckert.de\/hno\/info\/lexikon-kieferorthopaedie-eckert__trashed\/verklebte-augen-vor-allem-morgens-nach-dem-aufwachen\/#breadcrumb\",\"itemListElement\":[{\"@type\":\"ListItem\",\"position\":1,\"name\":\"Startseite\",\"item\":\"https:\/\/medizentrum-eckert.de\/hno\/\"},{\"@type\":\"ListItem\",\"position\":2,\"name\":\"Info\",\"item\":\"https:\/\/medizentrum-eckert.de\/hno\/info\/\"},{\"@type\":\"ListItem\",\"position\":3,\"name\":\"Verklebte Augen, vor allem morgens nach dem Aufwachen\"}]},{\"@type\":\"WebSite\",\"@id\":\"https:\/\/medizentrum-eckert.de\/hno\/#website\",\"url\":\"https:\/\/medizentrum-eckert.de\/hno\/\",\"name\":\"HNO\",\"description\":\"\",\"potentialAction\":[{\"@type\":\"SearchAction\",\"target\":{\"@type\":\"EntryPoint\",\"urlTemplate\":\"https:\/\/medizentrum-eckert.de\/hno\/?s={search_term_string}\"},\"query-input\":\"required name=search_term_string\"}],\"inLanguage\":\"de\"}]}<\/script>\n<!-- \/ Yoast SEO plugin. -->","yoast_head_json":{"title":"Verklebte Augen, vor allem morgens nach dem Aufwachen - HNO","robots":{"index":"index","follow":"follow","max-snippet":"max-snippet:-1","max-image-preview":"max-image-preview:large","max-video-preview":"max-video-preview:-1"},"canonical":"https:\/\/medizentrum-eckert.de\/hno\/info\/lexikon-kieferorthopaedie-eckert__trashed\/verklebte-augen-vor-allem-morgens-nach-dem-aufwachen\/","og_locale":"de_DE","og_type":"article","og_title":"Verklebte Augen, vor allem morgens nach dem Aufwachen - HNO","og_description":"Die Nacht dient dem K\u00f6rper zur Ruhe und Regeneration- Stoffwechselvorg\u00e4nge werden reduziert. Verringert wird nachts z.B. auch die Produktion von Tr\u00e4nenfl\u00fcssigkeit, die tags\u00fcber daf\u00fcr sorgt, dass die Augenoberfl\u00e4che gleichm\u00e4\u00dfig und regelm\u00e4\u00dfig befeuchtet wird. Das &#8222;System Tr\u00e4nenfilm&#8220; ist allerdings sehr komplex und durchaus st\u00f6ranf\u00e4llig: der Tr\u00e4nenfilm besteht aus 3 Schichten, die verschiedene Aufgaben zu erf\u00fcllen haben.&hellip;","og_url":"https:\/\/medizentrum-eckert.de\/hno\/info\/lexikon-kieferorthopaedie-eckert__trashed\/verklebte-augen-vor-allem-morgens-nach-dem-aufwachen\/","og_site_name":"HNO","twitter_card":"summary_large_image","twitter_misc":{"Gesch\u00e4tzte Lesezeit":"1\u00a0Minute"},"schema":{"@context":"https:\/\/schema.org","@graph":[{"@type":"WebPage","@id":"https:\/\/medizentrum-eckert.de\/hno\/info\/lexikon-kieferorthopaedie-eckert__trashed\/verklebte-augen-vor-allem-morgens-nach-dem-aufwachen\/","url":"https:\/\/medizentrum-eckert.de\/hno\/info\/lexikon-kieferorthopaedie-eckert__trashed\/verklebte-augen-vor-allem-morgens-nach-dem-aufwachen\/","name":"Verklebte Augen, vor allem morgens nach dem Aufwachen - HNO","isPartOf":{"@id":"https:\/\/medizentrum-eckert.de\/hno\/#website"},"datePublished":"2016-10-07T10:09:51+00:00","dateModified":"2016-10-07T10:09:51+00:00","breadcrumb":{"@id":"https:\/\/medizentrum-eckert.de\/hno\/info\/lexikon-kieferorthopaedie-eckert__trashed\/verklebte-augen-vor-allem-morgens-nach-dem-aufwachen\/#breadcrumb"},"inLanguage":"de","potentialAction":[{"@type":"ReadAction","target":["https:\/\/medizentrum-eckert.de\/hno\/info\/lexikon-kieferorthopaedie-eckert__trashed\/verklebte-augen-vor-allem-morgens-nach-dem-aufwachen\/"]}]},{"@type":"BreadcrumbList","@id":"https:\/\/medizentrum-eckert.de\/hno\/info\/lexikon-kieferorthopaedie-eckert__trashed\/verklebte-augen-vor-allem-morgens-nach-dem-aufwachen\/#breadcrumb","itemListElement":[{"@type":"ListItem","position":1,"name":"Startseite","item":"https:\/\/medizentrum-eckert.de\/hno\/"},{"@type":"ListItem","position":2,"name":"Info","item":"https:\/\/medizentrum-eckert.de\/hno\/info\/"},{"@type":"ListItem","position":3,"name":"Verklebte Augen, vor allem morgens nach dem Aufwachen"}]},{"@type":"WebSite","@id":"https:\/\/medizentrum-eckert.de\/hno\/#website","url":"https:\/\/medizentrum-eckert.de\/hno\/","name":"HNO","description":"","potentialAction":[{"@type":"SearchAction","target":{"@type":"EntryPoint","urlTemplate":"https:\/\/medizentrum-eckert.de\/hno\/?s={search_term_string}"},"query-input":"required name=search_term_string"}],"inLanguage":"de"}]}},"_links":{"self":[{"href":"https:\/\/medizentrum-eckert.de\/hno\/wp-json\/wp\/v2\/pages\/1983"}],"collection":[{"href":"https:\/\/medizentrum-eckert.de\/hno\/wp-json\/wp\/v2\/pages"}],"about":[{"href":"https:\/\/medizentrum-eckert.de\/hno\/wp-json\/wp\/v2\/types\/page"}],"author":[{"embeddable":true,"href":"https:\/\/medizentrum-eckert.de\/hno\/wp-json\/wp\/v2\/users\/1"}],"replies":[{"embeddable":true,"href":"https:\/\/medizentrum-eckert.de\/hno\/wp-json\/wp\/v2\/comments?post=1983"}],"version-history":[{"count":0,"href":"https:\/\/medizentrum-eckert.de\/hno\/wp-json\/wp\/v2\/pages\/1983\/revisions"}],"up":[{"embeddable":true,"href":"https:\/\/medizentrum-eckert.de\/hno\/wp-json\/wp\/v2\/pages\/16"}],"wp:attachment":[{"href":"https:\/\/medizentrum-eckert.de\/hno\/wp-json\/wp\/v2\/media?parent=1983"}],"curies":[{"name":"wp","href":"https:\/\/api.w.org\/{rel}","templated":true}]}}