{"id":1981,"date":"2016-10-07T12:09:24","date_gmt":"2016-10-07T10:09:24","guid":{"rendered":"http:\/\/wordpress.augenzentrum-eckert.de\/?page_id=1981"},"modified":"2016-10-07T12:09:24","modified_gmt":"2016-10-07T10:09:24","slug":"trockenestraenendes-auge","status":"publish","type":"page","link":"https:\/\/medizentrum-eckert.de\/hno\/info\/trockenestraenendes-auge\/","title":{"rendered":"Trockenes\/tr\u00e4nendes Auge"},"content":{"rendered":"<p>Der sog. Tr\u00e4nenfilm ist ein komplexes und auch st\u00f6ranf\u00e4lliges System. Er besteht aus 3 wichtigen Komponenten:<\/p>\n<p>1) die w\u00e4ssrige Schicht- wird von der Tr\u00e4nendr\u00fcse produziert, sorgt f\u00fcr einen klaren Durchblick und ern\u00e4hrt das Auge<\/p>\n<p>2) die muzinhaltige Schicht- wird von den Becherzellen produziert und sorgt f\u00fcr die gleichm\u00e4\u00dfige Verteilung der w\u00e4ssrigen Schicht auf der Hornhaut<\/p>\n<p>3) die fettreiche Schicht- wird von den Meibomdr\u00fcsen produziert und sorgt daf\u00fcr, dass die w\u00e4ssrige Schicht nicht verdunstet<\/p>\n<p>Sobald nur eine Schicht von diesen dreien nicht voll funktionsf\u00e4hig ist, kommt es zu St\u00f6rungen des benetzenden Tr\u00e4nenfilms. (z.B. kann eine Entz\u00fcndung der Talgdr\u00fcsen, also eine sog. Meibomitis nicht nur Gerstenk\u00f6rner und Hagelk\u00f6rner hervorrufen, sondern auch gro\u00dfe Auswirkungen auf den Tr\u00e4nenfilm haben).<\/p>\n<p>Viele Patienten klagen dann \u00fcber tr\u00e4nende Augen. Dies ist eine Reaktion des K\u00f6rpers, der generell mehr Tr\u00e4nenfl\u00fcssigkeit produziert, um die Benetzungsst\u00f6rung zu bek\u00e4mpfen. Eine vermehrte Tr\u00e4nenproduktion macht aber keinen Sinn, da ja meist eine spezielle Komponente des Tr\u00e4nenfilms fehlt.<\/p>\n<p>Hierbei macht es auch keinen Sinn, x-beliebige Augentropfen gegen das trockene Auge zu tropfen. Es ist vielmehr wichtig genau herauszufinden,\u00a0welche Schicht des Tr\u00e4nenfilms\u00a0nicht ausreichend vorhanden ist\u00a0und diese dann spezifisch zu ersetzen. Manchmal muss sogar mit einem speziellen Antibiotikum therapiert werden.<\/p>\n","protected":false},"excerpt":{"rendered":"<p>Der sog. Tr\u00e4nenfilm ist ein komplexes und auch st\u00f6ranf\u00e4lliges System. Er besteht aus 3 wichtigen Komponenten: 1) die w\u00e4ssrige Schicht- wird von der Tr\u00e4nendr\u00fcse produziert, sorgt f\u00fcr einen klaren Durchblick und ern\u00e4hrt das Auge 2) die muzinhaltige Schicht- wird von den Becherzellen produziert und sorgt f\u00fcr die gleichm\u00e4\u00dfige Verteilung der w\u00e4ssrigen Schicht auf der Hornhaut&hellip;<\/p>\n","protected":false},"author":1,"featured_media":0,"parent":16,"menu_order":0,"comment_status":"closed","ping_status":"closed","template":"","meta":[],"yoast_head":"<!-- This site is optimized with the Yoast SEO plugin v20.2.1 - https:\/\/yoast.com\/wordpress\/plugins\/seo\/ -->\n<title>Trockenes\/tr\u00e4nendes Auge - HNO<\/title>\n<meta name=\"robots\" content=\"index, follow, max-snippet:-1, max-image-preview:large, max-video-preview:-1\" \/>\n<link rel=\"canonical\" href=\"https:\/\/medizentrum-eckert.de\/hno\/info\/lexikon-kieferorthopaedie-eckert__trashed\/trockenestraenendes-auge\/\" \/>\n<meta property=\"og:locale\" content=\"de_DE\" \/>\n<meta property=\"og:type\" content=\"article\" \/>\n<meta property=\"og:title\" content=\"Trockenes\/tr\u00e4nendes Auge - HNO\" \/>\n<meta property=\"og:description\" content=\"Der sog. Tr\u00e4nenfilm ist ein komplexes und auch st\u00f6ranf\u00e4lliges System. Er besteht aus 3 wichtigen Komponenten: 1) die w\u00e4ssrige Schicht- wird von der Tr\u00e4nendr\u00fcse produziert, sorgt f\u00fcr einen klaren Durchblick und ern\u00e4hrt das Auge 2) die muzinhaltige Schicht- wird von den Becherzellen produziert und sorgt f\u00fcr die gleichm\u00e4\u00dfige Verteilung der w\u00e4ssrigen Schicht auf der Hornhaut&hellip;\" \/>\n<meta property=\"og:url\" content=\"https:\/\/medizentrum-eckert.de\/hno\/info\/lexikon-kieferorthopaedie-eckert__trashed\/trockenestraenendes-auge\/\" \/>\n<meta property=\"og:site_name\" content=\"HNO\" \/>\n<meta name=\"twitter:card\" content=\"summary_large_image\" \/>\n<meta name=\"twitter:label1\" content=\"Gesch\u00e4tzte Lesezeit\" \/>\n\t<meta name=\"twitter:data1\" content=\"1\u00a0Minute\" \/>\n<script type=\"application\/ld+json\" class=\"yoast-schema-graph\">{\"@context\":\"https:\/\/schema.org\",\"@graph\":[{\"@type\":\"WebPage\",\"@id\":\"https:\/\/medizentrum-eckert.de\/hno\/info\/lexikon-kieferorthopaedie-eckert__trashed\/trockenestraenendes-auge\/\",\"url\":\"https:\/\/medizentrum-eckert.de\/hno\/info\/lexikon-kieferorthopaedie-eckert__trashed\/trockenestraenendes-auge\/\",\"name\":\"Trockenes\/tr\u00e4nendes Auge - HNO\",\"isPartOf\":{\"@id\":\"https:\/\/medizentrum-eckert.de\/hno\/#website\"},\"datePublished\":\"2016-10-07T10:09:24+00:00\",\"dateModified\":\"2016-10-07T10:09:24+00:00\",\"breadcrumb\":{\"@id\":\"https:\/\/medizentrum-eckert.de\/hno\/info\/lexikon-kieferorthopaedie-eckert__trashed\/trockenestraenendes-auge\/#breadcrumb\"},\"inLanguage\":\"de\",\"potentialAction\":[{\"@type\":\"ReadAction\",\"target\":[\"https:\/\/medizentrum-eckert.de\/hno\/info\/lexikon-kieferorthopaedie-eckert__trashed\/trockenestraenendes-auge\/\"]}]},{\"@type\":\"BreadcrumbList\",\"@id\":\"https:\/\/medizentrum-eckert.de\/hno\/info\/lexikon-kieferorthopaedie-eckert__trashed\/trockenestraenendes-auge\/#breadcrumb\",\"itemListElement\":[{\"@type\":\"ListItem\",\"position\":1,\"name\":\"Startseite\",\"item\":\"https:\/\/medizentrum-eckert.de\/hno\/\"},{\"@type\":\"ListItem\",\"position\":2,\"name\":\"Info\",\"item\":\"https:\/\/medizentrum-eckert.de\/hno\/info\/\"},{\"@type\":\"ListItem\",\"position\":3,\"name\":\"Trockenes\/tr\u00e4nendes Auge\"}]},{\"@type\":\"WebSite\",\"@id\":\"https:\/\/medizentrum-eckert.de\/hno\/#website\",\"url\":\"https:\/\/medizentrum-eckert.de\/hno\/\",\"name\":\"HNO\",\"description\":\"\",\"potentialAction\":[{\"@type\":\"SearchAction\",\"target\":{\"@type\":\"EntryPoint\",\"urlTemplate\":\"https:\/\/medizentrum-eckert.de\/hno\/?s={search_term_string}\"},\"query-input\":\"required name=search_term_string\"}],\"inLanguage\":\"de\"}]}<\/script>\n<!-- \/ Yoast SEO plugin. -->","yoast_head_json":{"title":"Trockenes\/tr\u00e4nendes Auge - HNO","robots":{"index":"index","follow":"follow","max-snippet":"max-snippet:-1","max-image-preview":"max-image-preview:large","max-video-preview":"max-video-preview:-1"},"canonical":"https:\/\/medizentrum-eckert.de\/hno\/info\/lexikon-kieferorthopaedie-eckert__trashed\/trockenestraenendes-auge\/","og_locale":"de_DE","og_type":"article","og_title":"Trockenes\/tr\u00e4nendes Auge - HNO","og_description":"Der sog. Tr\u00e4nenfilm ist ein komplexes und auch st\u00f6ranf\u00e4lliges System. Er besteht aus 3 wichtigen Komponenten: 1) die w\u00e4ssrige Schicht- wird von der Tr\u00e4nendr\u00fcse produziert, sorgt f\u00fcr einen klaren Durchblick und ern\u00e4hrt das Auge 2) die muzinhaltige Schicht- wird von den Becherzellen produziert und sorgt f\u00fcr die gleichm\u00e4\u00dfige Verteilung der w\u00e4ssrigen Schicht auf der Hornhaut&hellip;","og_url":"https:\/\/medizentrum-eckert.de\/hno\/info\/lexikon-kieferorthopaedie-eckert__trashed\/trockenestraenendes-auge\/","og_site_name":"HNO","twitter_card":"summary_large_image","twitter_misc":{"Gesch\u00e4tzte Lesezeit":"1\u00a0Minute"},"schema":{"@context":"https:\/\/schema.org","@graph":[{"@type":"WebPage","@id":"https:\/\/medizentrum-eckert.de\/hno\/info\/lexikon-kieferorthopaedie-eckert__trashed\/trockenestraenendes-auge\/","url":"https:\/\/medizentrum-eckert.de\/hno\/info\/lexikon-kieferorthopaedie-eckert__trashed\/trockenestraenendes-auge\/","name":"Trockenes\/tr\u00e4nendes Auge - HNO","isPartOf":{"@id":"https:\/\/medizentrum-eckert.de\/hno\/#website"},"datePublished":"2016-10-07T10:09:24+00:00","dateModified":"2016-10-07T10:09:24+00:00","breadcrumb":{"@id":"https:\/\/medizentrum-eckert.de\/hno\/info\/lexikon-kieferorthopaedie-eckert__trashed\/trockenestraenendes-auge\/#breadcrumb"},"inLanguage":"de","potentialAction":[{"@type":"ReadAction","target":["https:\/\/medizentrum-eckert.de\/hno\/info\/lexikon-kieferorthopaedie-eckert__trashed\/trockenestraenendes-auge\/"]}]},{"@type":"BreadcrumbList","@id":"https:\/\/medizentrum-eckert.de\/hno\/info\/lexikon-kieferorthopaedie-eckert__trashed\/trockenestraenendes-auge\/#breadcrumb","itemListElement":[{"@type":"ListItem","position":1,"name":"Startseite","item":"https:\/\/medizentrum-eckert.de\/hno\/"},{"@type":"ListItem","position":2,"name":"Info","item":"https:\/\/medizentrum-eckert.de\/hno\/info\/"},{"@type":"ListItem","position":3,"name":"Trockenes\/tr\u00e4nendes Auge"}]},{"@type":"WebSite","@id":"https:\/\/medizentrum-eckert.de\/hno\/#website","url":"https:\/\/medizentrum-eckert.de\/hno\/","name":"HNO","description":"","potentialAction":[{"@type":"SearchAction","target":{"@type":"EntryPoint","urlTemplate":"https:\/\/medizentrum-eckert.de\/hno\/?s={search_term_string}"},"query-input":"required name=search_term_string"}],"inLanguage":"de"}]}},"_links":{"self":[{"href":"https:\/\/medizentrum-eckert.de\/hno\/wp-json\/wp\/v2\/pages\/1981"}],"collection":[{"href":"https:\/\/medizentrum-eckert.de\/hno\/wp-json\/wp\/v2\/pages"}],"about":[{"href":"https:\/\/medizentrum-eckert.de\/hno\/wp-json\/wp\/v2\/types\/page"}],"author":[{"embeddable":true,"href":"https:\/\/medizentrum-eckert.de\/hno\/wp-json\/wp\/v2\/users\/1"}],"replies":[{"embeddable":true,"href":"https:\/\/medizentrum-eckert.de\/hno\/wp-json\/wp\/v2\/comments?post=1981"}],"version-history":[{"count":0,"href":"https:\/\/medizentrum-eckert.de\/hno\/wp-json\/wp\/v2\/pages\/1981\/revisions"}],"up":[{"embeddable":true,"href":"https:\/\/medizentrum-eckert.de\/hno\/wp-json\/wp\/v2\/pages\/16"}],"wp:attachment":[{"href":"https:\/\/medizentrum-eckert.de\/hno\/wp-json\/wp\/v2\/media?parent=1981"}],"curies":[{"name":"wp","href":"https:\/\/api.w.org\/{rel}","templated":true}]}}