{"id":1968,"date":"2016-10-07T12:05:42","date_gmt":"2016-10-07T10:05:42","guid":{"rendered":"http:\/\/wordpress.augenzentrum-eckert.de\/?page_id=1968"},"modified":"2016-10-07T12:05:42","modified_gmt":"2016-10-07T10:05:42","slug":"schwangerschaft-und-auge","status":"publish","type":"page","link":"https:\/\/medizentrum-eckert.de\/hno\/info\/schwangerschaft-und-auge\/","title":{"rendered":"Schwangerschaft und Auge"},"content":{"rendered":"<p><strong>Ich bin schwanger, was ver\u00e4ndert sich am Auge, was muss ich beachten?<\/strong><\/p>\n<p>W\u00e4hrend der Schwangerschaft kommt es zu einer ausgepr\u00e4gten hormonellen Ver\u00e4nderung. Auch die Augen sind davon erheblich betroffen: manche Schwangere bemerken, dass die vormals getragen Brille nicht mehr richtig passt. Dies ist in aller Regel auch zutreffend , weil sich der Wasserhaushalt im K\u00f6rper ver\u00e4ndert und tats\u00e4chlich einen Einfluss auf die Brillenwerte haben kann. Eine zuverl\u00e4ssige Brillenbestimmung sollte daher erst einige Zeit nach einer Schwangerschaft erfolgen.<\/p>\n<p>Wichtiger noch sind Ver\u00e4nderungen, die sich am Augenhintergrund einstellen k\u00f6nnen. Bei der sog. Eklampsie, die mit sehr hohen Blutdruckwerten einhergeht und auch bei einer Zuckererkrankung , die w\u00e4hrend der Schwangerschaft auftreten kann,  k\u00f6nnen sich die Netzhautgef\u00e4\u00dfe erheblich ver\u00e4ndern. Da sich die Blutgef\u00e4\u00dfe an der Netzhaut \u00e4hnlich verhalten wie die Gef\u00e4\u00dfe im sonstigen Organismus, sind diesbez\u00fcgliche Kontrollen sinnvoll und angebracht (Blutgef\u00e4\u00dfe an der Netzhaut kann man ohne gro\u00dfen Aufwand untersuchen, Blutgef\u00e4\u00dfe in inneren Organen wie z.B. der Niere nicht).<\/p>\n<p>Gerne f\u00fchren wir bei Ihnen auch eine Spezialaufnahme der Netzhaut durch.<\/p>\n","protected":false},"excerpt":{"rendered":"<p>Ich bin schwanger, was ver\u00e4ndert sich am Auge, was muss ich beachten? W\u00e4hrend der Schwangerschaft kommt es zu einer ausgepr\u00e4gten hormonellen Ver\u00e4nderung. Auch die Augen sind davon erheblich betroffen: manche Schwangere bemerken, dass die vormals getragen Brille nicht mehr richtig passt. Dies ist in aller Regel auch zutreffend , weil sich der Wasserhaushalt im K\u00f6rper&hellip;<\/p>\n","protected":false},"author":1,"featured_media":0,"parent":16,"menu_order":0,"comment_status":"closed","ping_status":"closed","template":"","meta":[],"yoast_head":"<!-- This site is optimized with the Yoast SEO plugin v20.2.1 - https:\/\/yoast.com\/wordpress\/plugins\/seo\/ -->\n<title>Schwangerschaft und Auge - HNO<\/title>\n<meta name=\"robots\" content=\"index, follow, max-snippet:-1, max-image-preview:large, max-video-preview:-1\" \/>\n<link rel=\"canonical\" href=\"https:\/\/medizentrum-eckert.de\/hno\/info\/lexikon-kieferorthopaedie-eckert__trashed\/schwangerschaft-und-auge\/\" \/>\n<meta property=\"og:locale\" content=\"de_DE\" \/>\n<meta property=\"og:type\" content=\"article\" \/>\n<meta property=\"og:title\" content=\"Schwangerschaft und Auge - HNO\" \/>\n<meta property=\"og:description\" content=\"Ich bin schwanger, was ver\u00e4ndert sich am Auge, was muss ich beachten? W\u00e4hrend der Schwangerschaft kommt es zu einer ausgepr\u00e4gten hormonellen Ver\u00e4nderung. Auch die Augen sind davon erheblich betroffen: manche Schwangere bemerken, dass die vormals getragen Brille nicht mehr richtig passt. Dies ist in aller Regel auch zutreffend , weil sich der Wasserhaushalt im K\u00f6rper&hellip;\" \/>\n<meta property=\"og:url\" content=\"https:\/\/medizentrum-eckert.de\/hno\/info\/lexikon-kieferorthopaedie-eckert__trashed\/schwangerschaft-und-auge\/\" \/>\n<meta property=\"og:site_name\" content=\"HNO\" \/>\n<meta name=\"twitter:card\" content=\"summary_large_image\" \/>\n<meta name=\"twitter:label1\" content=\"Gesch\u00e4tzte Lesezeit\" \/>\n\t<meta name=\"twitter:data1\" content=\"1\u00a0Minute\" \/>\n<script type=\"application\/ld+json\" class=\"yoast-schema-graph\">{\"@context\":\"https:\/\/schema.org\",\"@graph\":[{\"@type\":\"WebPage\",\"@id\":\"https:\/\/medizentrum-eckert.de\/hno\/info\/lexikon-kieferorthopaedie-eckert__trashed\/schwangerschaft-und-auge\/\",\"url\":\"https:\/\/medizentrum-eckert.de\/hno\/info\/lexikon-kieferorthopaedie-eckert__trashed\/schwangerschaft-und-auge\/\",\"name\":\"Schwangerschaft und Auge - HNO\",\"isPartOf\":{\"@id\":\"https:\/\/medizentrum-eckert.de\/hno\/#website\"},\"datePublished\":\"2016-10-07T10:05:42+00:00\",\"dateModified\":\"2016-10-07T10:05:42+00:00\",\"breadcrumb\":{\"@id\":\"https:\/\/medizentrum-eckert.de\/hno\/info\/lexikon-kieferorthopaedie-eckert__trashed\/schwangerschaft-und-auge\/#breadcrumb\"},\"inLanguage\":\"de\",\"potentialAction\":[{\"@type\":\"ReadAction\",\"target\":[\"https:\/\/medizentrum-eckert.de\/hno\/info\/lexikon-kieferorthopaedie-eckert__trashed\/schwangerschaft-und-auge\/\"]}]},{\"@type\":\"BreadcrumbList\",\"@id\":\"https:\/\/medizentrum-eckert.de\/hno\/info\/lexikon-kieferorthopaedie-eckert__trashed\/schwangerschaft-und-auge\/#breadcrumb\",\"itemListElement\":[{\"@type\":\"ListItem\",\"position\":1,\"name\":\"Startseite\",\"item\":\"https:\/\/medizentrum-eckert.de\/hno\/\"},{\"@type\":\"ListItem\",\"position\":2,\"name\":\"Info\",\"item\":\"https:\/\/medizentrum-eckert.de\/hno\/info\/\"},{\"@type\":\"ListItem\",\"position\":3,\"name\":\"Schwangerschaft und Auge\"}]},{\"@type\":\"WebSite\",\"@id\":\"https:\/\/medizentrum-eckert.de\/hno\/#website\",\"url\":\"https:\/\/medizentrum-eckert.de\/hno\/\",\"name\":\"HNO\",\"description\":\"\",\"potentialAction\":[{\"@type\":\"SearchAction\",\"target\":{\"@type\":\"EntryPoint\",\"urlTemplate\":\"https:\/\/medizentrum-eckert.de\/hno\/?s={search_term_string}\"},\"query-input\":\"required name=search_term_string\"}],\"inLanguage\":\"de\"}]}<\/script>\n<!-- \/ Yoast SEO plugin. -->","yoast_head_json":{"title":"Schwangerschaft und Auge - HNO","robots":{"index":"index","follow":"follow","max-snippet":"max-snippet:-1","max-image-preview":"max-image-preview:large","max-video-preview":"max-video-preview:-1"},"canonical":"https:\/\/medizentrum-eckert.de\/hno\/info\/lexikon-kieferorthopaedie-eckert__trashed\/schwangerschaft-und-auge\/","og_locale":"de_DE","og_type":"article","og_title":"Schwangerschaft und Auge - HNO","og_description":"Ich bin schwanger, was ver\u00e4ndert sich am Auge, was muss ich beachten? W\u00e4hrend der Schwangerschaft kommt es zu einer ausgepr\u00e4gten hormonellen Ver\u00e4nderung. Auch die Augen sind davon erheblich betroffen: manche Schwangere bemerken, dass die vormals getragen Brille nicht mehr richtig passt. Dies ist in aller Regel auch zutreffend , weil sich der Wasserhaushalt im K\u00f6rper&hellip;","og_url":"https:\/\/medizentrum-eckert.de\/hno\/info\/lexikon-kieferorthopaedie-eckert__trashed\/schwangerschaft-und-auge\/","og_site_name":"HNO","twitter_card":"summary_large_image","twitter_misc":{"Gesch\u00e4tzte Lesezeit":"1\u00a0Minute"},"schema":{"@context":"https:\/\/schema.org","@graph":[{"@type":"WebPage","@id":"https:\/\/medizentrum-eckert.de\/hno\/info\/lexikon-kieferorthopaedie-eckert__trashed\/schwangerschaft-und-auge\/","url":"https:\/\/medizentrum-eckert.de\/hno\/info\/lexikon-kieferorthopaedie-eckert__trashed\/schwangerschaft-und-auge\/","name":"Schwangerschaft und Auge - HNO","isPartOf":{"@id":"https:\/\/medizentrum-eckert.de\/hno\/#website"},"datePublished":"2016-10-07T10:05:42+00:00","dateModified":"2016-10-07T10:05:42+00:00","breadcrumb":{"@id":"https:\/\/medizentrum-eckert.de\/hno\/info\/lexikon-kieferorthopaedie-eckert__trashed\/schwangerschaft-und-auge\/#breadcrumb"},"inLanguage":"de","potentialAction":[{"@type":"ReadAction","target":["https:\/\/medizentrum-eckert.de\/hno\/info\/lexikon-kieferorthopaedie-eckert__trashed\/schwangerschaft-und-auge\/"]}]},{"@type":"BreadcrumbList","@id":"https:\/\/medizentrum-eckert.de\/hno\/info\/lexikon-kieferorthopaedie-eckert__trashed\/schwangerschaft-und-auge\/#breadcrumb","itemListElement":[{"@type":"ListItem","position":1,"name":"Startseite","item":"https:\/\/medizentrum-eckert.de\/hno\/"},{"@type":"ListItem","position":2,"name":"Info","item":"https:\/\/medizentrum-eckert.de\/hno\/info\/"},{"@type":"ListItem","position":3,"name":"Schwangerschaft und Auge"}]},{"@type":"WebSite","@id":"https:\/\/medizentrum-eckert.de\/hno\/#website","url":"https:\/\/medizentrum-eckert.de\/hno\/","name":"HNO","description":"","potentialAction":[{"@type":"SearchAction","target":{"@type":"EntryPoint","urlTemplate":"https:\/\/medizentrum-eckert.de\/hno\/?s={search_term_string}"},"query-input":"required name=search_term_string"}],"inLanguage":"de"}]}},"_links":{"self":[{"href":"https:\/\/medizentrum-eckert.de\/hno\/wp-json\/wp\/v2\/pages\/1968"}],"collection":[{"href":"https:\/\/medizentrum-eckert.de\/hno\/wp-json\/wp\/v2\/pages"}],"about":[{"href":"https:\/\/medizentrum-eckert.de\/hno\/wp-json\/wp\/v2\/types\/page"}],"author":[{"embeddable":true,"href":"https:\/\/medizentrum-eckert.de\/hno\/wp-json\/wp\/v2\/users\/1"}],"replies":[{"embeddable":true,"href":"https:\/\/medizentrum-eckert.de\/hno\/wp-json\/wp\/v2\/comments?post=1968"}],"version-history":[{"count":0,"href":"https:\/\/medizentrum-eckert.de\/hno\/wp-json\/wp\/v2\/pages\/1968\/revisions"}],"up":[{"embeddable":true,"href":"https:\/\/medizentrum-eckert.de\/hno\/wp-json\/wp\/v2\/pages\/16"}],"wp:attachment":[{"href":"https:\/\/medizentrum-eckert.de\/hno\/wp-json\/wp\/v2\/media?parent=1968"}],"curies":[{"name":"wp","href":"https:\/\/api.w.org\/{rel}","templated":true}]}}