{"id":1966,"date":"2016-10-07T12:04:58","date_gmt":"2016-10-07T10:04:58","guid":{"rendered":"http:\/\/wordpress.augenzentrum-eckert.de\/?page_id=1966"},"modified":"2016-10-07T12:04:58","modified_gmt":"2016-10-07T10:04:58","slug":"rotes-auge","status":"publish","type":"page","link":"https:\/\/medizentrum-eckert.de\/hno\/info\/rotes-auge\/","title":{"rendered":"Rotes Auge"},"content":{"rendered":"<p><strong style=\"margin-top:30px\">Muss ich bei einem roten Auge immer zum Augenarzt?<\/strong>Ja, ein kurzer Blick vom Augenarzt kann dann Entwarnung geben. Ein rotes Auge kann n\u00e4mlich z.B. \u201enur\u201c durch Trockenheit oder ein geplatztes Blutgef\u00e4\u00df verursacht sein, es kann sich dabei aber auch um eine schwerwiegende Entz\u00fcndung handeln, die dringend behandelt werden muss.<\/p>\n<p>Ein Rotes Auge kann mehrere Ursachen haben.<\/p>\n<div>Es kann sich um eine einfache Unterblutung der Bindehaut handeln (Hyposphagma). Die Unterblutung ist schmerzlos und es kommt zu einer Einschr\u00e4nkung der Sehsch\u00e4rfe. M\u00f6gliche Ursachen sind:<\/div>\n<ul>\n<li>heftiges niesen und husten<\/li>\n<li>erh\u00f6hter Venendruck durch heben und erbrechen<\/li>\n<li>starker Bluthochdruck<\/li>\n<\/ul>\n<div>Allerdings kann es sich hierbei auch um eine Entz\u00fcndung der mittleren Augenhaut handeln (Uveitis). Davon gibt es viele verschiedene Krankheitsbilder, je nach Einteilung des anatomischen Ortes der Entz\u00fcndung. Abgrenzen muss man hier die sogenannte Masquarade-Form (Pseudo-Uveitis). Im ersten Moment sieht das Krankheitsbild aus wie eine Entz\u00fcndung, es handelt sich aber z.B. um einen Tumor.<\/div>\n","protected":false},"excerpt":{"rendered":"<p>Muss ich bei einem roten Auge immer zum Augenarzt?Ja, ein kurzer Blick vom Augenarzt kann dann Entwarnung geben. Ein rotes Auge kann n\u00e4mlich z.B. \u201enur\u201c durch Trockenheit oder ein geplatztes Blutgef\u00e4\u00df verursacht sein, es kann sich dabei aber auch um eine schwerwiegende Entz\u00fcndung handeln, die dringend behandelt werden muss. Ein Rotes Auge kann mehrere Ursachen&hellip;<\/p>\n","protected":false},"author":1,"featured_media":0,"parent":16,"menu_order":0,"comment_status":"closed","ping_status":"closed","template":"","meta":[],"yoast_head":"<!-- This site is optimized with the Yoast SEO plugin v20.2.1 - https:\/\/yoast.com\/wordpress\/plugins\/seo\/ -->\n<title>Rotes Auge - HNO<\/title>\n<meta name=\"robots\" content=\"index, follow, max-snippet:-1, max-image-preview:large, max-video-preview:-1\" \/>\n<link rel=\"canonical\" href=\"https:\/\/medizentrum-eckert.de\/hno\/info\/lexikon-kieferorthopaedie-eckert__trashed\/rotes-auge\/\" \/>\n<meta property=\"og:locale\" content=\"de_DE\" \/>\n<meta property=\"og:type\" content=\"article\" \/>\n<meta property=\"og:title\" content=\"Rotes Auge - HNO\" \/>\n<meta property=\"og:description\" content=\"Muss ich bei einem roten Auge immer zum Augenarzt?Ja, ein kurzer Blick vom Augenarzt kann dann Entwarnung geben. Ein rotes Auge kann n\u00e4mlich z.B. \u201enur\u201c durch Trockenheit oder ein geplatztes Blutgef\u00e4\u00df verursacht sein, es kann sich dabei aber auch um eine schwerwiegende Entz\u00fcndung handeln, die dringend behandelt werden muss. Ein Rotes Auge kann mehrere Ursachen&hellip;\" \/>\n<meta property=\"og:url\" content=\"https:\/\/medizentrum-eckert.de\/hno\/info\/lexikon-kieferorthopaedie-eckert__trashed\/rotes-auge\/\" \/>\n<meta property=\"og:site_name\" content=\"HNO\" \/>\n<meta name=\"twitter:card\" content=\"summary_large_image\" \/>\n<meta name=\"twitter:label1\" content=\"Gesch\u00e4tzte Lesezeit\" \/>\n\t<meta name=\"twitter:data1\" content=\"1\u00a0Minute\" \/>\n<script type=\"application\/ld+json\" class=\"yoast-schema-graph\">{\"@context\":\"https:\/\/schema.org\",\"@graph\":[{\"@type\":\"WebPage\",\"@id\":\"https:\/\/medizentrum-eckert.de\/hno\/info\/lexikon-kieferorthopaedie-eckert__trashed\/rotes-auge\/\",\"url\":\"https:\/\/medizentrum-eckert.de\/hno\/info\/lexikon-kieferorthopaedie-eckert__trashed\/rotes-auge\/\",\"name\":\"Rotes Auge - HNO\",\"isPartOf\":{\"@id\":\"https:\/\/medizentrum-eckert.de\/hno\/#website\"},\"datePublished\":\"2016-10-07T10:04:58+00:00\",\"dateModified\":\"2016-10-07T10:04:58+00:00\",\"breadcrumb\":{\"@id\":\"https:\/\/medizentrum-eckert.de\/hno\/info\/lexikon-kieferorthopaedie-eckert__trashed\/rotes-auge\/#breadcrumb\"},\"inLanguage\":\"de\",\"potentialAction\":[{\"@type\":\"ReadAction\",\"target\":[\"https:\/\/medizentrum-eckert.de\/hno\/info\/lexikon-kieferorthopaedie-eckert__trashed\/rotes-auge\/\"]}]},{\"@type\":\"BreadcrumbList\",\"@id\":\"https:\/\/medizentrum-eckert.de\/hno\/info\/lexikon-kieferorthopaedie-eckert__trashed\/rotes-auge\/#breadcrumb\",\"itemListElement\":[{\"@type\":\"ListItem\",\"position\":1,\"name\":\"Startseite\",\"item\":\"https:\/\/medizentrum-eckert.de\/hno\/\"},{\"@type\":\"ListItem\",\"position\":2,\"name\":\"Info\",\"item\":\"https:\/\/medizentrum-eckert.de\/hno\/info\/\"},{\"@type\":\"ListItem\",\"position\":3,\"name\":\"Rotes Auge\"}]},{\"@type\":\"WebSite\",\"@id\":\"https:\/\/medizentrum-eckert.de\/hno\/#website\",\"url\":\"https:\/\/medizentrum-eckert.de\/hno\/\",\"name\":\"HNO\",\"description\":\"\",\"potentialAction\":[{\"@type\":\"SearchAction\",\"target\":{\"@type\":\"EntryPoint\",\"urlTemplate\":\"https:\/\/medizentrum-eckert.de\/hno\/?s={search_term_string}\"},\"query-input\":\"required name=search_term_string\"}],\"inLanguage\":\"de\"}]}<\/script>\n<!-- \/ Yoast SEO plugin. -->","yoast_head_json":{"title":"Rotes Auge - HNO","robots":{"index":"index","follow":"follow","max-snippet":"max-snippet:-1","max-image-preview":"max-image-preview:large","max-video-preview":"max-video-preview:-1"},"canonical":"https:\/\/medizentrum-eckert.de\/hno\/info\/lexikon-kieferorthopaedie-eckert__trashed\/rotes-auge\/","og_locale":"de_DE","og_type":"article","og_title":"Rotes Auge - HNO","og_description":"Muss ich bei einem roten Auge immer zum Augenarzt?Ja, ein kurzer Blick vom Augenarzt kann dann Entwarnung geben. Ein rotes Auge kann n\u00e4mlich z.B. \u201enur\u201c durch Trockenheit oder ein geplatztes Blutgef\u00e4\u00df verursacht sein, es kann sich dabei aber auch um eine schwerwiegende Entz\u00fcndung handeln, die dringend behandelt werden muss. Ein Rotes Auge kann mehrere Ursachen&hellip;","og_url":"https:\/\/medizentrum-eckert.de\/hno\/info\/lexikon-kieferorthopaedie-eckert__trashed\/rotes-auge\/","og_site_name":"HNO","twitter_card":"summary_large_image","twitter_misc":{"Gesch\u00e4tzte Lesezeit":"1\u00a0Minute"},"schema":{"@context":"https:\/\/schema.org","@graph":[{"@type":"WebPage","@id":"https:\/\/medizentrum-eckert.de\/hno\/info\/lexikon-kieferorthopaedie-eckert__trashed\/rotes-auge\/","url":"https:\/\/medizentrum-eckert.de\/hno\/info\/lexikon-kieferorthopaedie-eckert__trashed\/rotes-auge\/","name":"Rotes Auge - HNO","isPartOf":{"@id":"https:\/\/medizentrum-eckert.de\/hno\/#website"},"datePublished":"2016-10-07T10:04:58+00:00","dateModified":"2016-10-07T10:04:58+00:00","breadcrumb":{"@id":"https:\/\/medizentrum-eckert.de\/hno\/info\/lexikon-kieferorthopaedie-eckert__trashed\/rotes-auge\/#breadcrumb"},"inLanguage":"de","potentialAction":[{"@type":"ReadAction","target":["https:\/\/medizentrum-eckert.de\/hno\/info\/lexikon-kieferorthopaedie-eckert__trashed\/rotes-auge\/"]}]},{"@type":"BreadcrumbList","@id":"https:\/\/medizentrum-eckert.de\/hno\/info\/lexikon-kieferorthopaedie-eckert__trashed\/rotes-auge\/#breadcrumb","itemListElement":[{"@type":"ListItem","position":1,"name":"Startseite","item":"https:\/\/medizentrum-eckert.de\/hno\/"},{"@type":"ListItem","position":2,"name":"Info","item":"https:\/\/medizentrum-eckert.de\/hno\/info\/"},{"@type":"ListItem","position":3,"name":"Rotes Auge"}]},{"@type":"WebSite","@id":"https:\/\/medizentrum-eckert.de\/hno\/#website","url":"https:\/\/medizentrum-eckert.de\/hno\/","name":"HNO","description":"","potentialAction":[{"@type":"SearchAction","target":{"@type":"EntryPoint","urlTemplate":"https:\/\/medizentrum-eckert.de\/hno\/?s={search_term_string}"},"query-input":"required name=search_term_string"}],"inLanguage":"de"}]}},"_links":{"self":[{"href":"https:\/\/medizentrum-eckert.de\/hno\/wp-json\/wp\/v2\/pages\/1966"}],"collection":[{"href":"https:\/\/medizentrum-eckert.de\/hno\/wp-json\/wp\/v2\/pages"}],"about":[{"href":"https:\/\/medizentrum-eckert.de\/hno\/wp-json\/wp\/v2\/types\/page"}],"author":[{"embeddable":true,"href":"https:\/\/medizentrum-eckert.de\/hno\/wp-json\/wp\/v2\/users\/1"}],"replies":[{"embeddable":true,"href":"https:\/\/medizentrum-eckert.de\/hno\/wp-json\/wp\/v2\/comments?post=1966"}],"version-history":[{"count":0,"href":"https:\/\/medizentrum-eckert.de\/hno\/wp-json\/wp\/v2\/pages\/1966\/revisions"}],"up":[{"embeddable":true,"href":"https:\/\/medizentrum-eckert.de\/hno\/wp-json\/wp\/v2\/pages\/16"}],"wp:attachment":[{"href":"https:\/\/medizentrum-eckert.de\/hno\/wp-json\/wp\/v2\/media?parent=1966"}],"curies":[{"name":"wp","href":"https:\/\/api.w.org\/{rel}","templated":true}]}}