{"id":1950,"date":"2016-10-07T12:00:32","date_gmt":"2016-10-07T10:00:32","guid":{"rendered":"http:\/\/wordpress.augenzentrum-eckert.de\/?page_id=1950"},"modified":"2016-10-07T12:00:32","modified_gmt":"2016-10-07T10:00:32","slug":"muecken-oder-mouches-volantes","status":"publish","type":"page","link":"https:\/\/medizentrum-eckert.de\/hno\/info\/muecken-oder-mouches-volantes\/","title":{"rendered":"M\u00fccken oder mouches volantes"},"content":{"rendered":"<p><strong>Ich sehe oft, vor allem wenn ich ins Helle schaue schwarze Punkte, die umherfliegen. Ist das schlimm?<\/strong><\/p>\n<p>Als &#8222;mouches volantes&#8220; oder fliegende M\u00fccken werden Symptome bezeichnet, die dem Bild von fliegenden M\u00fccken vor dem Auge entsprechen. In den meisten F\u00e4llen liegen diesem Bild Glask\u00f6rpertr\u00fcbungen zugrunde, die ungef\u00e4hrlich sind.<\/p>\n<p>Allerdings k\u00f6nnen solche Symptome auch Hinweise f\u00fcr ein Netzhautloch oder dann sogar f\u00fcr eine Netzhautabl\u00f6sung sein. Hierbei ist es wichtig, die Netzhaut von einem Augenarzt kontrollieren zu lassen. Dazu wird die Pupille erweitert und Sie sehen f\u00fcr mehrere Stunden nach dieser Untersuchung verschwommen.<\/p>\n<p>Sie d\u00fcrfen f\u00fcr diese Stunden, in denen die Pupille erweitert ist, nicht am Stra\u00dfenverkehr teilnehmen. Also bitte NICHT mit dem Auto kommen!<\/p>\n<p>Zur Kontrolle wird derzeit eine Spezialaufnahme der Netzhaut empfohlen.<\/p>\n","protected":false},"excerpt":{"rendered":"<p>Ich sehe oft, vor allem wenn ich ins Helle schaue schwarze Punkte, die umherfliegen. Ist das schlimm? Als &#8222;mouches volantes&#8220; oder fliegende M\u00fccken werden Symptome bezeichnet, die dem Bild von fliegenden M\u00fccken vor dem Auge entsprechen. In den meisten F\u00e4llen liegen diesem Bild Glask\u00f6rpertr\u00fcbungen zugrunde, die ungef\u00e4hrlich sind. Allerdings k\u00f6nnen solche Symptome auch Hinweise f\u00fcr&hellip;<\/p>\n","protected":false},"author":1,"featured_media":0,"parent":16,"menu_order":0,"comment_status":"closed","ping_status":"closed","template":"","meta":[],"yoast_head":"<!-- This site is optimized with the Yoast SEO plugin v20.2.1 - https:\/\/yoast.com\/wordpress\/plugins\/seo\/ -->\n<title>M\u00fccken oder mouches volantes - HNO<\/title>\n<meta name=\"robots\" content=\"index, follow, max-snippet:-1, max-image-preview:large, max-video-preview:-1\" \/>\n<link rel=\"canonical\" href=\"https:\/\/medizentrum-eckert.de\/hno\/info\/lexikon-kieferorthopaedie-eckert__trashed\/muecken-oder-mouches-volantes\/\" \/>\n<meta property=\"og:locale\" content=\"de_DE\" \/>\n<meta property=\"og:type\" content=\"article\" \/>\n<meta property=\"og:title\" content=\"M\u00fccken oder mouches volantes - HNO\" \/>\n<meta property=\"og:description\" content=\"Ich sehe oft, vor allem wenn ich ins Helle schaue schwarze Punkte, die umherfliegen. Ist das schlimm? Als &#8222;mouches volantes&#8220; oder fliegende M\u00fccken werden Symptome bezeichnet, die dem Bild von fliegenden M\u00fccken vor dem Auge entsprechen. In den meisten F\u00e4llen liegen diesem Bild Glask\u00f6rpertr\u00fcbungen zugrunde, die ungef\u00e4hrlich sind. Allerdings k\u00f6nnen solche Symptome auch Hinweise f\u00fcr&hellip;\" \/>\n<meta property=\"og:url\" content=\"https:\/\/medizentrum-eckert.de\/hno\/info\/lexikon-kieferorthopaedie-eckert__trashed\/muecken-oder-mouches-volantes\/\" \/>\n<meta property=\"og:site_name\" content=\"HNO\" \/>\n<meta name=\"twitter:card\" content=\"summary_large_image\" \/>\n<meta name=\"twitter:label1\" content=\"Gesch\u00e4tzte Lesezeit\" \/>\n\t<meta name=\"twitter:data1\" content=\"1\u00a0Minute\" \/>\n<script type=\"application\/ld+json\" class=\"yoast-schema-graph\">{\"@context\":\"https:\/\/schema.org\",\"@graph\":[{\"@type\":\"WebPage\",\"@id\":\"https:\/\/medizentrum-eckert.de\/hno\/info\/lexikon-kieferorthopaedie-eckert__trashed\/muecken-oder-mouches-volantes\/\",\"url\":\"https:\/\/medizentrum-eckert.de\/hno\/info\/lexikon-kieferorthopaedie-eckert__trashed\/muecken-oder-mouches-volantes\/\",\"name\":\"M\u00fccken oder mouches volantes - HNO\",\"isPartOf\":{\"@id\":\"https:\/\/medizentrum-eckert.de\/hno\/#website\"},\"datePublished\":\"2016-10-07T10:00:32+00:00\",\"dateModified\":\"2016-10-07T10:00:32+00:00\",\"breadcrumb\":{\"@id\":\"https:\/\/medizentrum-eckert.de\/hno\/info\/lexikon-kieferorthopaedie-eckert__trashed\/muecken-oder-mouches-volantes\/#breadcrumb\"},\"inLanguage\":\"de\",\"potentialAction\":[{\"@type\":\"ReadAction\",\"target\":[\"https:\/\/medizentrum-eckert.de\/hno\/info\/lexikon-kieferorthopaedie-eckert__trashed\/muecken-oder-mouches-volantes\/\"]}]},{\"@type\":\"BreadcrumbList\",\"@id\":\"https:\/\/medizentrum-eckert.de\/hno\/info\/lexikon-kieferorthopaedie-eckert__trashed\/muecken-oder-mouches-volantes\/#breadcrumb\",\"itemListElement\":[{\"@type\":\"ListItem\",\"position\":1,\"name\":\"Startseite\",\"item\":\"https:\/\/medizentrum-eckert.de\/hno\/\"},{\"@type\":\"ListItem\",\"position\":2,\"name\":\"Info\",\"item\":\"https:\/\/medizentrum-eckert.de\/hno\/info\/\"},{\"@type\":\"ListItem\",\"position\":3,\"name\":\"M\u00fccken oder mouches volantes\"}]},{\"@type\":\"WebSite\",\"@id\":\"https:\/\/medizentrum-eckert.de\/hno\/#website\",\"url\":\"https:\/\/medizentrum-eckert.de\/hno\/\",\"name\":\"HNO\",\"description\":\"\",\"potentialAction\":[{\"@type\":\"SearchAction\",\"target\":{\"@type\":\"EntryPoint\",\"urlTemplate\":\"https:\/\/medizentrum-eckert.de\/hno\/?s={search_term_string}\"},\"query-input\":\"required name=search_term_string\"}],\"inLanguage\":\"de\"}]}<\/script>\n<!-- \/ Yoast SEO plugin. -->","yoast_head_json":{"title":"M\u00fccken oder mouches volantes - HNO","robots":{"index":"index","follow":"follow","max-snippet":"max-snippet:-1","max-image-preview":"max-image-preview:large","max-video-preview":"max-video-preview:-1"},"canonical":"https:\/\/medizentrum-eckert.de\/hno\/info\/lexikon-kieferorthopaedie-eckert__trashed\/muecken-oder-mouches-volantes\/","og_locale":"de_DE","og_type":"article","og_title":"M\u00fccken oder mouches volantes - HNO","og_description":"Ich sehe oft, vor allem wenn ich ins Helle schaue schwarze Punkte, die umherfliegen. Ist das schlimm? Als &#8222;mouches volantes&#8220; oder fliegende M\u00fccken werden Symptome bezeichnet, die dem Bild von fliegenden M\u00fccken vor dem Auge entsprechen. In den meisten F\u00e4llen liegen diesem Bild Glask\u00f6rpertr\u00fcbungen zugrunde, die ungef\u00e4hrlich sind. Allerdings k\u00f6nnen solche Symptome auch Hinweise f\u00fcr&hellip;","og_url":"https:\/\/medizentrum-eckert.de\/hno\/info\/lexikon-kieferorthopaedie-eckert__trashed\/muecken-oder-mouches-volantes\/","og_site_name":"HNO","twitter_card":"summary_large_image","twitter_misc":{"Gesch\u00e4tzte Lesezeit":"1\u00a0Minute"},"schema":{"@context":"https:\/\/schema.org","@graph":[{"@type":"WebPage","@id":"https:\/\/medizentrum-eckert.de\/hno\/info\/lexikon-kieferorthopaedie-eckert__trashed\/muecken-oder-mouches-volantes\/","url":"https:\/\/medizentrum-eckert.de\/hno\/info\/lexikon-kieferorthopaedie-eckert__trashed\/muecken-oder-mouches-volantes\/","name":"M\u00fccken oder mouches volantes - HNO","isPartOf":{"@id":"https:\/\/medizentrum-eckert.de\/hno\/#website"},"datePublished":"2016-10-07T10:00:32+00:00","dateModified":"2016-10-07T10:00:32+00:00","breadcrumb":{"@id":"https:\/\/medizentrum-eckert.de\/hno\/info\/lexikon-kieferorthopaedie-eckert__trashed\/muecken-oder-mouches-volantes\/#breadcrumb"},"inLanguage":"de","potentialAction":[{"@type":"ReadAction","target":["https:\/\/medizentrum-eckert.de\/hno\/info\/lexikon-kieferorthopaedie-eckert__trashed\/muecken-oder-mouches-volantes\/"]}]},{"@type":"BreadcrumbList","@id":"https:\/\/medizentrum-eckert.de\/hno\/info\/lexikon-kieferorthopaedie-eckert__trashed\/muecken-oder-mouches-volantes\/#breadcrumb","itemListElement":[{"@type":"ListItem","position":1,"name":"Startseite","item":"https:\/\/medizentrum-eckert.de\/hno\/"},{"@type":"ListItem","position":2,"name":"Info","item":"https:\/\/medizentrum-eckert.de\/hno\/info\/"},{"@type":"ListItem","position":3,"name":"M\u00fccken oder mouches volantes"}]},{"@type":"WebSite","@id":"https:\/\/medizentrum-eckert.de\/hno\/#website","url":"https:\/\/medizentrum-eckert.de\/hno\/","name":"HNO","description":"","potentialAction":[{"@type":"SearchAction","target":{"@type":"EntryPoint","urlTemplate":"https:\/\/medizentrum-eckert.de\/hno\/?s={search_term_string}"},"query-input":"required name=search_term_string"}],"inLanguage":"de"}]}},"_links":{"self":[{"href":"https:\/\/medizentrum-eckert.de\/hno\/wp-json\/wp\/v2\/pages\/1950"}],"collection":[{"href":"https:\/\/medizentrum-eckert.de\/hno\/wp-json\/wp\/v2\/pages"}],"about":[{"href":"https:\/\/medizentrum-eckert.de\/hno\/wp-json\/wp\/v2\/types\/page"}],"author":[{"embeddable":true,"href":"https:\/\/medizentrum-eckert.de\/hno\/wp-json\/wp\/v2\/users\/1"}],"replies":[{"embeddable":true,"href":"https:\/\/medizentrum-eckert.de\/hno\/wp-json\/wp\/v2\/comments?post=1950"}],"version-history":[{"count":0,"href":"https:\/\/medizentrum-eckert.de\/hno\/wp-json\/wp\/v2\/pages\/1950\/revisions"}],"up":[{"embeddable":true,"href":"https:\/\/medizentrum-eckert.de\/hno\/wp-json\/wp\/v2\/pages\/16"}],"wp:attachment":[{"href":"https:\/\/medizentrum-eckert.de\/hno\/wp-json\/wp\/v2\/media?parent=1950"}],"curies":[{"name":"wp","href":"https:\/\/api.w.org\/{rel}","templated":true}]}}