{"id":1948,"date":"2016-10-07T11:59:42","date_gmt":"2016-10-07T09:59:42","guid":{"rendered":"http:\/\/wordpress.augenzentrum-eckert.de\/?page_id=1948"},"modified":"2016-10-07T11:59:42","modified_gmt":"2016-10-07T09:59:42","slug":"makuladegeneration-amd","status":"publish","type":"page","link":"https:\/\/medizentrum-eckert.de\/hno\/info\/makuladegeneration-amd\/","title":{"rendered":"Makuladegeneration (=AMD)"},"content":{"rendered":"<p>[vc_row][vc_column][vc_column_text]<strong>Was ist die AMD, von der immer alle sprechen?<\/strong><\/p>\n<p>Die altersabh\u00e4ngige Makuladegeneration ist der h\u00e4ufigste Grund f\u00fcr Blindheit im h\u00f6heren Lebensalter.<\/p>\n<p>Dabei spielt der Zeitpunkt der Diagnosestellung DIE entscheidende Rolle. Je fr\u00fcher desto besser. Am fr\u00fchesten und sichersten lassen sich Ver\u00e4nderungen in der Macula mit der OCT (=optische Coh\u00e4renz Tomographie) diagnostizieren. Mit dieser hochaufl\u00f6senden, lasergest\u00fctzten Spezialkamera lassen sich Ver\u00e4nderungen nachweisen, BEVOR Sie als Patient etwas merken.[\/vc_column_text][vc_column_text]<strong>So sehen Sie als Patient die Umwelt mit einer fortgeschrittenen Makuladegeneration:<\/strong>[\/vc_column_text][vc_row_inner][vc_column_inner width=&#8220;1\/2&#8243;][vc_single_image image=&#8220;2614&#8243; img_size=&#8220;full&#8220; image_hovers=&#8220;false&#8220;][\/vc_column_inner][vc_column_inner width=&#8220;1\/2&#8243;][vc_single_image image=&#8220;2615&#8243; img_size=&#8220;full&#8220; image_hovers=&#8220;false&#8220;][\/vc_column_inner][\/vc_row_inner][vc_column_text]Bei der Makuladegeneration unterscheidet man 2 Formen. Die trockene, die derzeit mit speziellen Nahrungserg\u00e4nzungsmitteln behandelt wird und die feuchte, die zus\u00e4tzlich regelm\u00e4\u00dfiger Medikamenteneingaben in den Glask\u00f6rper bedarf, um das Fortschreiten der AMD zu verhindern. Lesen Sie auch gerne die wissenschaftlichen Studien dazu:<\/p>\n<ul>\n<li><a href=\"http:\/\/augenspiegel.com\/zeitschrift.php\/auge\/blog\/catt-studie-gemeinsame-stellungnahme-von-dog-rg-und-bva\/\" target=\"_blank\" rel=\"noopener noreferrer\">http:\/\/augenspiegel.com\/zeitschrift.php\/auge\/blog\/catt-studie-gemeinsame-stellungnahme-von-dog-rg-und-bva\/<\/a><\/li>\n<li><a href=\"http:\/\/www.dog.org\/wp-content\/uploads\/2010\/01\/Home-DOG-Mikron%C3%A4hrstoffe-F.pdf\" target=\"_blank\" rel=\"noopener noreferrer\">http:\/\/www.dog.org\/wp-content\/uploads\/2010\/01\/Home-DOG-Mikron%C3%A4hrstoffe-F.pdf<\/a><\/li>\n<li><a href=\"http:\/\/de.wikipedia.org\/wiki\/AREDS\" target=\"_blank\" rel=\"noopener noreferrer\">http:\/\/de.wikipedia.org\/wiki\/AREDS<\/a><\/li>\n<\/ul>\n<p>Die derzeitige Studienlage sagt: Eine nicht behandelte AMD wird immer schlechter, die Spritzen stabilisieren die AMD in 90% der F\u00e4lle. In 40% der F\u00e4lle kommt es zu einer Sehverbesserung. Die Erblindungswahrscheinlichkeit wird um &gt; 70% reduziert.<\/p>\n<p>Fazit: Lassen Sie fr\u00fch und regelm\u00e4\u00dfig ein OCT machen! Wir beraten Sie auch gerne bez\u00fcglich Nahrungserg\u00e4nzungsmitteln in unserer Praxis.[\/vc_column_text][vc_column_text]<strong>Verlauf der Makuladegeneration:<\/strong>[\/vc_column_text][vc_single_image image=&#8220;2616&#8243; img_size=&#8220;full&#8220; image_hovers=&#8220;false&#8220; css=&#8220;.vc_custom_1479898069994{margin-bottom: 8px !important;}&#8220;][vc_column_text]Beginnende Makuladegeneration[\/vc_column_text][vc_single_image image=&#8220;2617&#8243; img_size=&#8220;full&#8220; image_hovers=&#8220;false&#8220; css=&#8220;.vc_custom_1479898104857{margin-bottom: 8px !important;}&#8220;][vc_column_text]Feuchte Makuladegeneration[\/vc_column_text][vc_single_image image=&#8220;2618&#8243; img_size=&#8220;full&#8220; image_hovers=&#8220;false&#8220; css=&#8220;.vc_custom_1479898144935{margin-bottom: 8px !important;}&#8220;][vc_column_text]Weit fortgeschrittene, feuchte Makuladegeneration[\/vc_column_text][\/vc_column][\/vc_row]<\/p>\n","protected":false},"excerpt":{"rendered":"<p>[vc_row][vc_column][vc_column_text]Was ist die AMD, von der immer alle sprechen? Die altersabh\u00e4ngige Makuladegeneration ist der h\u00e4ufigste Grund f\u00fcr Blindheit im h\u00f6heren Lebensalter. Dabei spielt der Zeitpunkt der Diagnosestellung DIE entscheidende Rolle. Je fr\u00fcher desto besser. Am fr\u00fchesten und sichersten lassen sich Ver\u00e4nderungen in der Macula mit der OCT (=optische Coh\u00e4renz Tomographie) diagnostizieren. Mit dieser hochaufl\u00f6senden, lasergest\u00fctzten&hellip;<\/p>\n","protected":false},"author":1,"featured_media":0,"parent":16,"menu_order":0,"comment_status":"closed","ping_status":"closed","template":"","meta":[],"yoast_head":"<!-- This site is optimized with the Yoast SEO plugin v20.2.1 - https:\/\/yoast.com\/wordpress\/plugins\/seo\/ -->\n<title>Makuladegeneration (=AMD) - HNO<\/title>\n<meta name=\"robots\" content=\"index, follow, max-snippet:-1, max-image-preview:large, max-video-preview:-1\" \/>\n<link rel=\"canonical\" href=\"https:\/\/medizentrum-eckert.de\/hno\/info\/lexikon-kieferorthopaedie-eckert__trashed\/makuladegeneration-amd\/\" \/>\n<meta property=\"og:locale\" content=\"de_DE\" \/>\n<meta property=\"og:type\" content=\"article\" \/>\n<meta property=\"og:title\" content=\"Makuladegeneration (=AMD) - HNO\" \/>\n<meta property=\"og:description\" content=\"[vc_row][vc_column][vc_column_text]Was ist die AMD, von der immer alle sprechen? Die altersabh\u00e4ngige Makuladegeneration ist der h\u00e4ufigste Grund f\u00fcr Blindheit im h\u00f6heren Lebensalter. Dabei spielt der Zeitpunkt der Diagnosestellung DIE entscheidende Rolle. Je fr\u00fcher desto besser. Am fr\u00fchesten und sichersten lassen sich Ver\u00e4nderungen in der Macula mit der OCT (=optische Coh\u00e4renz Tomographie) diagnostizieren. Mit dieser hochaufl\u00f6senden, lasergest\u00fctzten&hellip;\" \/>\n<meta property=\"og:url\" content=\"https:\/\/medizentrum-eckert.de\/hno\/info\/lexikon-kieferorthopaedie-eckert__trashed\/makuladegeneration-amd\/\" \/>\n<meta property=\"og:site_name\" content=\"HNO\" \/>\n<meta name=\"twitter:card\" content=\"summary_large_image\" \/>\n<meta name=\"twitter:label1\" content=\"Gesch\u00e4tzte Lesezeit\" \/>\n\t<meta name=\"twitter:data1\" content=\"2\u00a0Minuten\" \/>\n<script type=\"application\/ld+json\" class=\"yoast-schema-graph\">{\"@context\":\"https:\/\/schema.org\",\"@graph\":[{\"@type\":\"WebPage\",\"@id\":\"https:\/\/medizentrum-eckert.de\/hno\/info\/lexikon-kieferorthopaedie-eckert__trashed\/makuladegeneration-amd\/\",\"url\":\"https:\/\/medizentrum-eckert.de\/hno\/info\/lexikon-kieferorthopaedie-eckert__trashed\/makuladegeneration-amd\/\",\"name\":\"Makuladegeneration (=AMD) - HNO\",\"isPartOf\":{\"@id\":\"https:\/\/medizentrum-eckert.de\/hno\/#website\"},\"datePublished\":\"2016-10-07T09:59:42+00:00\",\"dateModified\":\"2016-10-07T09:59:42+00:00\",\"breadcrumb\":{\"@id\":\"https:\/\/medizentrum-eckert.de\/hno\/info\/lexikon-kieferorthopaedie-eckert__trashed\/makuladegeneration-amd\/#breadcrumb\"},\"inLanguage\":\"de\",\"potentialAction\":[{\"@type\":\"ReadAction\",\"target\":[\"https:\/\/medizentrum-eckert.de\/hno\/info\/lexikon-kieferorthopaedie-eckert__trashed\/makuladegeneration-amd\/\"]}]},{\"@type\":\"BreadcrumbList\",\"@id\":\"https:\/\/medizentrum-eckert.de\/hno\/info\/lexikon-kieferorthopaedie-eckert__trashed\/makuladegeneration-amd\/#breadcrumb\",\"itemListElement\":[{\"@type\":\"ListItem\",\"position\":1,\"name\":\"Startseite\",\"item\":\"https:\/\/medizentrum-eckert.de\/hno\/\"},{\"@type\":\"ListItem\",\"position\":2,\"name\":\"Info\",\"item\":\"https:\/\/medizentrum-eckert.de\/hno\/info\/\"},{\"@type\":\"ListItem\",\"position\":3,\"name\":\"Makuladegeneration (=AMD)\"}]},{\"@type\":\"WebSite\",\"@id\":\"https:\/\/medizentrum-eckert.de\/hno\/#website\",\"url\":\"https:\/\/medizentrum-eckert.de\/hno\/\",\"name\":\"HNO\",\"description\":\"\",\"potentialAction\":[{\"@type\":\"SearchAction\",\"target\":{\"@type\":\"EntryPoint\",\"urlTemplate\":\"https:\/\/medizentrum-eckert.de\/hno\/?s={search_term_string}\"},\"query-input\":\"required name=search_term_string\"}],\"inLanguage\":\"de\"}]}<\/script>\n<!-- \/ Yoast SEO plugin. -->","yoast_head_json":{"title":"Makuladegeneration (=AMD) - HNO","robots":{"index":"index","follow":"follow","max-snippet":"max-snippet:-1","max-image-preview":"max-image-preview:large","max-video-preview":"max-video-preview:-1"},"canonical":"https:\/\/medizentrum-eckert.de\/hno\/info\/lexikon-kieferorthopaedie-eckert__trashed\/makuladegeneration-amd\/","og_locale":"de_DE","og_type":"article","og_title":"Makuladegeneration (=AMD) - HNO","og_description":"[vc_row][vc_column][vc_column_text]Was ist die AMD, von der immer alle sprechen? Die altersabh\u00e4ngige Makuladegeneration ist der h\u00e4ufigste Grund f\u00fcr Blindheit im h\u00f6heren Lebensalter. Dabei spielt der Zeitpunkt der Diagnosestellung DIE entscheidende Rolle. Je fr\u00fcher desto besser. Am fr\u00fchesten und sichersten lassen sich Ver\u00e4nderungen in der Macula mit der OCT (=optische Coh\u00e4renz Tomographie) diagnostizieren. Mit dieser hochaufl\u00f6senden, lasergest\u00fctzten&hellip;","og_url":"https:\/\/medizentrum-eckert.de\/hno\/info\/lexikon-kieferorthopaedie-eckert__trashed\/makuladegeneration-amd\/","og_site_name":"HNO","twitter_card":"summary_large_image","twitter_misc":{"Gesch\u00e4tzte Lesezeit":"2\u00a0Minuten"},"schema":{"@context":"https:\/\/schema.org","@graph":[{"@type":"WebPage","@id":"https:\/\/medizentrum-eckert.de\/hno\/info\/lexikon-kieferorthopaedie-eckert__trashed\/makuladegeneration-amd\/","url":"https:\/\/medizentrum-eckert.de\/hno\/info\/lexikon-kieferorthopaedie-eckert__trashed\/makuladegeneration-amd\/","name":"Makuladegeneration (=AMD) - HNO","isPartOf":{"@id":"https:\/\/medizentrum-eckert.de\/hno\/#website"},"datePublished":"2016-10-07T09:59:42+00:00","dateModified":"2016-10-07T09:59:42+00:00","breadcrumb":{"@id":"https:\/\/medizentrum-eckert.de\/hno\/info\/lexikon-kieferorthopaedie-eckert__trashed\/makuladegeneration-amd\/#breadcrumb"},"inLanguage":"de","potentialAction":[{"@type":"ReadAction","target":["https:\/\/medizentrum-eckert.de\/hno\/info\/lexikon-kieferorthopaedie-eckert__trashed\/makuladegeneration-amd\/"]}]},{"@type":"BreadcrumbList","@id":"https:\/\/medizentrum-eckert.de\/hno\/info\/lexikon-kieferorthopaedie-eckert__trashed\/makuladegeneration-amd\/#breadcrumb","itemListElement":[{"@type":"ListItem","position":1,"name":"Startseite","item":"https:\/\/medizentrum-eckert.de\/hno\/"},{"@type":"ListItem","position":2,"name":"Info","item":"https:\/\/medizentrum-eckert.de\/hno\/info\/"},{"@type":"ListItem","position":3,"name":"Makuladegeneration (=AMD)"}]},{"@type":"WebSite","@id":"https:\/\/medizentrum-eckert.de\/hno\/#website","url":"https:\/\/medizentrum-eckert.de\/hno\/","name":"HNO","description":"","potentialAction":[{"@type":"SearchAction","target":{"@type":"EntryPoint","urlTemplate":"https:\/\/medizentrum-eckert.de\/hno\/?s={search_term_string}"},"query-input":"required name=search_term_string"}],"inLanguage":"de"}]}},"_links":{"self":[{"href":"https:\/\/medizentrum-eckert.de\/hno\/wp-json\/wp\/v2\/pages\/1948"}],"collection":[{"href":"https:\/\/medizentrum-eckert.de\/hno\/wp-json\/wp\/v2\/pages"}],"about":[{"href":"https:\/\/medizentrum-eckert.de\/hno\/wp-json\/wp\/v2\/types\/page"}],"author":[{"embeddable":true,"href":"https:\/\/medizentrum-eckert.de\/hno\/wp-json\/wp\/v2\/users\/1"}],"replies":[{"embeddable":true,"href":"https:\/\/medizentrum-eckert.de\/hno\/wp-json\/wp\/v2\/comments?post=1948"}],"version-history":[{"count":0,"href":"https:\/\/medizentrum-eckert.de\/hno\/wp-json\/wp\/v2\/pages\/1948\/revisions"}],"up":[{"embeddable":true,"href":"https:\/\/medizentrum-eckert.de\/hno\/wp-json\/wp\/v2\/pages\/16"}],"wp:attachment":[{"href":"https:\/\/medizentrum-eckert.de\/hno\/wp-json\/wp\/v2\/media?parent=1948"}],"curies":[{"name":"wp","href":"https:\/\/api.w.org\/{rel}","templated":true}]}}