{"id":1946,"date":"2016-10-07T11:57:58","date_gmt":"2016-10-07T09:57:58","guid":{"rendered":"http:\/\/wordpress.augenzentrum-eckert.de\/?page_id=1946"},"modified":"2016-10-07T11:57:58","modified_gmt":"2016-10-07T09:57:58","slug":"kontaktlinsen","status":"publish","type":"page","link":"https:\/\/medizentrum-eckert.de\/hno\/info\/kontaktlinsen\/","title":{"rendered":"Kontaktlinsen"},"content":{"rendered":"<p><strong>Was habe ich f\u00fcr Vorteile von Kontaktlinsen?<\/strong><\/p>\n<ul>\n<li>sinnvolle Alternative bei starker Fehlsichtigkeit<\/li>\n<li>keine Einschr\u00e4nkung der Sicht durch beschlagene Gl\u00e4ser<\/li>\n<li>bei sportlichen Aktivit\u00e4ten geringeres Verletzungsrisiko<\/li>\n<li>Kontaktlinsen erm\u00f6glichen Ihnen eine freiere Gestaltung Ihres \u00c4u\u00dferen<\/li>\n<li>Keine Bindung an aktuelle Modetrends<\/li>\n<li>st\u00f6ren nicht beim Tragen von Schutzbrillen (Schwei\u00dfbrille usw.)<\/li>\n<\/ul>\n<p>Die Oberfl\u00e4che der Hornhaut ver\u00e4ndert sich praktisch t\u00e4glich. Deshalb ist es wichtig, Kontaktlinsen zu tragen, die direkt auf Ihre Hornhaut ausgerichtet ist. Bei Kontaktlinsen, die nicht durch einen Augenarzt angepasst wurden, finden sich deutlich h\u00e4ufiger Unvertr\u00e4glichkeiten, wie z.B. Augenreizungen oder sogar dauerhafte Hornhautnarben.<\/p>\n<p><strong style=\"margin-top:30px\">Unser Rat:<\/strong>Lassen Sie sich die Kontaktlinsen von einem Augenarzt anpassen und auch regelm\u00e4\u00dfig kontrollieren. Dies ist m\u00f6glicherweise teurer wie sog. Billiglinsen, jedoch haben Sie die Sicherheit, dass die Linsen auch individuell zu Ihrem Auge passen.<\/p>\n<p>&gt;&gt;&gt; Sie haben nur 2 Augen- gehen Sie kein Risiko ein!<\/p>\n","protected":false},"excerpt":{"rendered":"<p>Was habe ich f\u00fcr Vorteile von Kontaktlinsen? sinnvolle Alternative bei starker Fehlsichtigkeit keine Einschr\u00e4nkung der Sicht durch beschlagene Gl\u00e4ser bei sportlichen Aktivit\u00e4ten geringeres Verletzungsrisiko Kontaktlinsen erm\u00f6glichen Ihnen eine freiere Gestaltung Ihres \u00c4u\u00dferen Keine Bindung an aktuelle Modetrends st\u00f6ren nicht beim Tragen von Schutzbrillen (Schwei\u00dfbrille usw.) Die Oberfl\u00e4che der Hornhaut ver\u00e4ndert sich praktisch t\u00e4glich. Deshalb ist&hellip;<\/p>\n","protected":false},"author":1,"featured_media":0,"parent":16,"menu_order":0,"comment_status":"closed","ping_status":"closed","template":"","meta":[],"yoast_head":"<!-- This site is optimized with the Yoast SEO plugin v20.2.1 - https:\/\/yoast.com\/wordpress\/plugins\/seo\/ -->\n<title>Kontaktlinsen - HNO<\/title>\n<meta name=\"robots\" content=\"index, follow, max-snippet:-1, max-image-preview:large, max-video-preview:-1\" \/>\n<link rel=\"canonical\" href=\"https:\/\/medizentrum-eckert.de\/hno\/info\/lexikon-kieferorthopaedie-eckert__trashed\/kontaktlinsen\/\" \/>\n<meta property=\"og:locale\" content=\"de_DE\" \/>\n<meta property=\"og:type\" content=\"article\" \/>\n<meta property=\"og:title\" content=\"Kontaktlinsen - HNO\" \/>\n<meta property=\"og:description\" content=\"Was habe ich f\u00fcr Vorteile von Kontaktlinsen? sinnvolle Alternative bei starker Fehlsichtigkeit keine Einschr\u00e4nkung der Sicht durch beschlagene Gl\u00e4ser bei sportlichen Aktivit\u00e4ten geringeres Verletzungsrisiko Kontaktlinsen erm\u00f6glichen Ihnen eine freiere Gestaltung Ihres \u00c4u\u00dferen Keine Bindung an aktuelle Modetrends st\u00f6ren nicht beim Tragen von Schutzbrillen (Schwei\u00dfbrille usw.) Die Oberfl\u00e4che der Hornhaut ver\u00e4ndert sich praktisch t\u00e4glich. Deshalb ist&hellip;\" \/>\n<meta property=\"og:url\" content=\"https:\/\/medizentrum-eckert.de\/hno\/info\/lexikon-kieferorthopaedie-eckert__trashed\/kontaktlinsen\/\" \/>\n<meta property=\"og:site_name\" content=\"HNO\" \/>\n<meta name=\"twitter:card\" content=\"summary_large_image\" \/>\n<meta name=\"twitter:label1\" content=\"Gesch\u00e4tzte Lesezeit\" \/>\n\t<meta name=\"twitter:data1\" content=\"1\u00a0Minute\" \/>\n<script type=\"application\/ld+json\" class=\"yoast-schema-graph\">{\"@context\":\"https:\/\/schema.org\",\"@graph\":[{\"@type\":\"WebPage\",\"@id\":\"https:\/\/medizentrum-eckert.de\/hno\/info\/lexikon-kieferorthopaedie-eckert__trashed\/kontaktlinsen\/\",\"url\":\"https:\/\/medizentrum-eckert.de\/hno\/info\/lexikon-kieferorthopaedie-eckert__trashed\/kontaktlinsen\/\",\"name\":\"Kontaktlinsen - HNO\",\"isPartOf\":{\"@id\":\"https:\/\/medizentrum-eckert.de\/hno\/#website\"},\"datePublished\":\"2016-10-07T09:57:58+00:00\",\"dateModified\":\"2016-10-07T09:57:58+00:00\",\"breadcrumb\":{\"@id\":\"https:\/\/medizentrum-eckert.de\/hno\/info\/lexikon-kieferorthopaedie-eckert__trashed\/kontaktlinsen\/#breadcrumb\"},\"inLanguage\":\"de\",\"potentialAction\":[{\"@type\":\"ReadAction\",\"target\":[\"https:\/\/medizentrum-eckert.de\/hno\/info\/lexikon-kieferorthopaedie-eckert__trashed\/kontaktlinsen\/\"]}]},{\"@type\":\"BreadcrumbList\",\"@id\":\"https:\/\/medizentrum-eckert.de\/hno\/info\/lexikon-kieferorthopaedie-eckert__trashed\/kontaktlinsen\/#breadcrumb\",\"itemListElement\":[{\"@type\":\"ListItem\",\"position\":1,\"name\":\"Startseite\",\"item\":\"https:\/\/medizentrum-eckert.de\/hno\/\"},{\"@type\":\"ListItem\",\"position\":2,\"name\":\"Info\",\"item\":\"https:\/\/medizentrum-eckert.de\/hno\/info\/\"},{\"@type\":\"ListItem\",\"position\":3,\"name\":\"Kontaktlinsen\"}]},{\"@type\":\"WebSite\",\"@id\":\"https:\/\/medizentrum-eckert.de\/hno\/#website\",\"url\":\"https:\/\/medizentrum-eckert.de\/hno\/\",\"name\":\"HNO\",\"description\":\"\",\"potentialAction\":[{\"@type\":\"SearchAction\",\"target\":{\"@type\":\"EntryPoint\",\"urlTemplate\":\"https:\/\/medizentrum-eckert.de\/hno\/?s={search_term_string}\"},\"query-input\":\"required name=search_term_string\"}],\"inLanguage\":\"de\"}]}<\/script>\n<!-- \/ Yoast SEO plugin. -->","yoast_head_json":{"title":"Kontaktlinsen - HNO","robots":{"index":"index","follow":"follow","max-snippet":"max-snippet:-1","max-image-preview":"max-image-preview:large","max-video-preview":"max-video-preview:-1"},"canonical":"https:\/\/medizentrum-eckert.de\/hno\/info\/lexikon-kieferorthopaedie-eckert__trashed\/kontaktlinsen\/","og_locale":"de_DE","og_type":"article","og_title":"Kontaktlinsen - HNO","og_description":"Was habe ich f\u00fcr Vorteile von Kontaktlinsen? sinnvolle Alternative bei starker Fehlsichtigkeit keine Einschr\u00e4nkung der Sicht durch beschlagene Gl\u00e4ser bei sportlichen Aktivit\u00e4ten geringeres Verletzungsrisiko Kontaktlinsen erm\u00f6glichen Ihnen eine freiere Gestaltung Ihres \u00c4u\u00dferen Keine Bindung an aktuelle Modetrends st\u00f6ren nicht beim Tragen von Schutzbrillen (Schwei\u00dfbrille usw.) Die Oberfl\u00e4che der Hornhaut ver\u00e4ndert sich praktisch t\u00e4glich. Deshalb ist&hellip;","og_url":"https:\/\/medizentrum-eckert.de\/hno\/info\/lexikon-kieferorthopaedie-eckert__trashed\/kontaktlinsen\/","og_site_name":"HNO","twitter_card":"summary_large_image","twitter_misc":{"Gesch\u00e4tzte Lesezeit":"1\u00a0Minute"},"schema":{"@context":"https:\/\/schema.org","@graph":[{"@type":"WebPage","@id":"https:\/\/medizentrum-eckert.de\/hno\/info\/lexikon-kieferorthopaedie-eckert__trashed\/kontaktlinsen\/","url":"https:\/\/medizentrum-eckert.de\/hno\/info\/lexikon-kieferorthopaedie-eckert__trashed\/kontaktlinsen\/","name":"Kontaktlinsen - HNO","isPartOf":{"@id":"https:\/\/medizentrum-eckert.de\/hno\/#website"},"datePublished":"2016-10-07T09:57:58+00:00","dateModified":"2016-10-07T09:57:58+00:00","breadcrumb":{"@id":"https:\/\/medizentrum-eckert.de\/hno\/info\/lexikon-kieferorthopaedie-eckert__trashed\/kontaktlinsen\/#breadcrumb"},"inLanguage":"de","potentialAction":[{"@type":"ReadAction","target":["https:\/\/medizentrum-eckert.de\/hno\/info\/lexikon-kieferorthopaedie-eckert__trashed\/kontaktlinsen\/"]}]},{"@type":"BreadcrumbList","@id":"https:\/\/medizentrum-eckert.de\/hno\/info\/lexikon-kieferorthopaedie-eckert__trashed\/kontaktlinsen\/#breadcrumb","itemListElement":[{"@type":"ListItem","position":1,"name":"Startseite","item":"https:\/\/medizentrum-eckert.de\/hno\/"},{"@type":"ListItem","position":2,"name":"Info","item":"https:\/\/medizentrum-eckert.de\/hno\/info\/"},{"@type":"ListItem","position":3,"name":"Kontaktlinsen"}]},{"@type":"WebSite","@id":"https:\/\/medizentrum-eckert.de\/hno\/#website","url":"https:\/\/medizentrum-eckert.de\/hno\/","name":"HNO","description":"","potentialAction":[{"@type":"SearchAction","target":{"@type":"EntryPoint","urlTemplate":"https:\/\/medizentrum-eckert.de\/hno\/?s={search_term_string}"},"query-input":"required name=search_term_string"}],"inLanguage":"de"}]}},"_links":{"self":[{"href":"https:\/\/medizentrum-eckert.de\/hno\/wp-json\/wp\/v2\/pages\/1946"}],"collection":[{"href":"https:\/\/medizentrum-eckert.de\/hno\/wp-json\/wp\/v2\/pages"}],"about":[{"href":"https:\/\/medizentrum-eckert.de\/hno\/wp-json\/wp\/v2\/types\/page"}],"author":[{"embeddable":true,"href":"https:\/\/medizentrum-eckert.de\/hno\/wp-json\/wp\/v2\/users\/1"}],"replies":[{"embeddable":true,"href":"https:\/\/medizentrum-eckert.de\/hno\/wp-json\/wp\/v2\/comments?post=1946"}],"version-history":[{"count":0,"href":"https:\/\/medizentrum-eckert.de\/hno\/wp-json\/wp\/v2\/pages\/1946\/revisions"}],"up":[{"embeddable":true,"href":"https:\/\/medizentrum-eckert.de\/hno\/wp-json\/wp\/v2\/pages\/16"}],"wp:attachment":[{"href":"https:\/\/medizentrum-eckert.de\/hno\/wp-json\/wp\/v2\/media?parent=1946"}],"curies":[{"name":"wp","href":"https:\/\/api.w.org\/{rel}","templated":true}]}}