{"id":1941,"date":"2016-10-07T11:56:06","date_gmt":"2016-10-07T09:56:06","guid":{"rendered":"http:\/\/wordpress.augenzentrum-eckert.de\/?page_id=1941"},"modified":"2016-10-07T11:56:06","modified_gmt":"2016-10-07T09:56:06","slug":"kinder-wann-muss-mein-kind-zum-augenarzt","status":"publish","type":"page","link":"https:\/\/medizentrum-eckert.de\/hno\/info\/kinder-wann-muss-mein-kind-zum-augenarzt\/","title":{"rendered":"Kinder- wann muss mein Kind zum Augenarzt?"},"content":{"rendered":"<p>Die grobe Faustregel aller auf Kinder spezialisierten Augen\u00e4rzte besagt:<br \/>\n4. Lebensmonat- 4. Lebensjahr- vor der Einschulung<\/p>\n<p><strong style=\"margin-top: 30px\">Wieso so oft?<\/strong><\/p>\n<p>Die Augen eines Kindes haben ein spezielles Zeitfenster, in dem sich das Sehen entwickelt. Wenn in diesem Zeitfenster das Sehen nicht erlernt wird, ist diese Entwicklung praktisch unumkehrbar. Nicht selten haben wir immer noch Jugendliche in der Praxis, die dann keinen F\u00fchrerschein machen k\u00f6nnen, weil es die Eltern vers\u00e4umt haben, das Kind einem Augenarzt vorzustellen.<br \/>\nKinder kompensieren eine Sehschw\u00e4che in jungen Jahren durch Unterdr\u00fcckung des schwachsichtigen Auges (=Amblyopie). Zur Aufdeckung einer solchen Schwachsichtigkeit ist eine genaue augenfach\u00e4rztliche Untersuchung und eine orthoptische Betreuung notwendig.<\/p>\n<p><img decoding=\"async\" loading=\"lazy\" class=\"alignnone size-medium wp-image-1942\" src=\"https:\/\/augenzentrum-eckert.de\/wp-content\/uploads\/2016\/10\/lachendes-kind-300x268.jpg\" alt=\"lachendes-kind\" width=\"300\" height=\"268\" srcset=\"https:\/\/medizentrum-eckert.de\/hno\/wp-content\/uploads\/sites\/5\/2016\/10\/lachendes-kind-300x268.jpg 300w, https:\/\/medizentrum-eckert.de\/hno\/wp-content\/uploads\/sites\/5\/2016\/10\/lachendes-kind.jpg 510w\" sizes=\"(max-width: 300px) 100vw, 300px\" \/><br \/>\n<strong>Fazit:<\/strong> Gehen Sie mit Ihrem Kind regelm\u00e4\u00dfig zum Augenarzt. In unserer Praxis wird Ihr Kind sowohl augen\u00e4rztlich als auch orthoptisch bestens versorgt.<\/p>\n","protected":false},"excerpt":{"rendered":"<p>Die grobe Faustregel aller auf Kinder spezialisierten Augen\u00e4rzte besagt: 4. Lebensmonat- 4. Lebensjahr- vor der Einschulung Wieso so oft? Die Augen eines Kindes haben ein spezielles Zeitfenster, in dem sich das Sehen entwickelt. Wenn in diesem Zeitfenster das Sehen nicht erlernt wird, ist diese Entwicklung praktisch unumkehrbar. Nicht selten haben wir immer noch Jugendliche in&hellip;<\/p>\n","protected":false},"author":1,"featured_media":0,"parent":16,"menu_order":0,"comment_status":"closed","ping_status":"closed","template":"","meta":[],"yoast_head":"<!-- This site is optimized with the Yoast SEO plugin v20.2.1 - https:\/\/yoast.com\/wordpress\/plugins\/seo\/ -->\n<title>Kinder- wann muss mein Kind zum Augenarzt? - HNO<\/title>\n<meta name=\"robots\" content=\"index, follow, max-snippet:-1, max-image-preview:large, max-video-preview:-1\" \/>\n<link rel=\"canonical\" href=\"https:\/\/medizentrum-eckert.de\/hno\/info\/lexikon-kieferorthopaedie-eckert__trashed\/kinder-wann-muss-mein-kind-zum-augenarzt\/\" \/>\n<meta property=\"og:locale\" content=\"de_DE\" \/>\n<meta property=\"og:type\" content=\"article\" \/>\n<meta property=\"og:title\" content=\"Kinder- wann muss mein Kind zum Augenarzt? - HNO\" \/>\n<meta property=\"og:description\" content=\"Die grobe Faustregel aller auf Kinder spezialisierten Augen\u00e4rzte besagt: 4. Lebensmonat- 4. Lebensjahr- vor der Einschulung Wieso so oft? Die Augen eines Kindes haben ein spezielles Zeitfenster, in dem sich das Sehen entwickelt. Wenn in diesem Zeitfenster das Sehen nicht erlernt wird, ist diese Entwicklung praktisch unumkehrbar. Nicht selten haben wir immer noch Jugendliche in&hellip;\" \/>\n<meta property=\"og:url\" content=\"https:\/\/medizentrum-eckert.de\/hno\/info\/lexikon-kieferorthopaedie-eckert__trashed\/kinder-wann-muss-mein-kind-zum-augenarzt\/\" \/>\n<meta property=\"og:site_name\" content=\"HNO\" \/>\n<meta property=\"og:image\" content=\"https:\/\/augenzentrum-eckert.de\/wp-content\/uploads\/2016\/10\/lachendes-kind-300x268.jpg\" \/>\n<meta name=\"twitter:card\" content=\"summary_large_image\" \/>\n<meta name=\"twitter:label1\" content=\"Gesch\u00e4tzte Lesezeit\" \/>\n\t<meta name=\"twitter:data1\" content=\"1\u00a0Minute\" \/>\n<script type=\"application\/ld+json\" class=\"yoast-schema-graph\">{\"@context\":\"https:\/\/schema.org\",\"@graph\":[{\"@type\":\"WebPage\",\"@id\":\"https:\/\/medizentrum-eckert.de\/hno\/info\/lexikon-kieferorthopaedie-eckert__trashed\/kinder-wann-muss-mein-kind-zum-augenarzt\/\",\"url\":\"https:\/\/medizentrum-eckert.de\/hno\/info\/lexikon-kieferorthopaedie-eckert__trashed\/kinder-wann-muss-mein-kind-zum-augenarzt\/\",\"name\":\"Kinder- wann muss mein Kind zum Augenarzt? - HNO\",\"isPartOf\":{\"@id\":\"https:\/\/medizentrum-eckert.de\/hno\/#website\"},\"datePublished\":\"2016-10-07T09:56:06+00:00\",\"dateModified\":\"2016-10-07T09:56:06+00:00\",\"breadcrumb\":{\"@id\":\"https:\/\/medizentrum-eckert.de\/hno\/info\/lexikon-kieferorthopaedie-eckert__trashed\/kinder-wann-muss-mein-kind-zum-augenarzt\/#breadcrumb\"},\"inLanguage\":\"de\",\"potentialAction\":[{\"@type\":\"ReadAction\",\"target\":[\"https:\/\/medizentrum-eckert.de\/hno\/info\/lexikon-kieferorthopaedie-eckert__trashed\/kinder-wann-muss-mein-kind-zum-augenarzt\/\"]}]},{\"@type\":\"BreadcrumbList\",\"@id\":\"https:\/\/medizentrum-eckert.de\/hno\/info\/lexikon-kieferorthopaedie-eckert__trashed\/kinder-wann-muss-mein-kind-zum-augenarzt\/#breadcrumb\",\"itemListElement\":[{\"@type\":\"ListItem\",\"position\":1,\"name\":\"Startseite\",\"item\":\"https:\/\/medizentrum-eckert.de\/hno\/\"},{\"@type\":\"ListItem\",\"position\":2,\"name\":\"Info\",\"item\":\"https:\/\/medizentrum-eckert.de\/hno\/info\/\"},{\"@type\":\"ListItem\",\"position\":3,\"name\":\"Kinder- wann muss mein Kind zum Augenarzt?\"}]},{\"@type\":\"WebSite\",\"@id\":\"https:\/\/medizentrum-eckert.de\/hno\/#website\",\"url\":\"https:\/\/medizentrum-eckert.de\/hno\/\",\"name\":\"HNO\",\"description\":\"\",\"potentialAction\":[{\"@type\":\"SearchAction\",\"target\":{\"@type\":\"EntryPoint\",\"urlTemplate\":\"https:\/\/medizentrum-eckert.de\/hno\/?s={search_term_string}\"},\"query-input\":\"required name=search_term_string\"}],\"inLanguage\":\"de\"}]}<\/script>\n<!-- \/ Yoast SEO plugin. -->","yoast_head_json":{"title":"Kinder- wann muss mein Kind zum Augenarzt? - HNO","robots":{"index":"index","follow":"follow","max-snippet":"max-snippet:-1","max-image-preview":"max-image-preview:large","max-video-preview":"max-video-preview:-1"},"canonical":"https:\/\/medizentrum-eckert.de\/hno\/info\/lexikon-kieferorthopaedie-eckert__trashed\/kinder-wann-muss-mein-kind-zum-augenarzt\/","og_locale":"de_DE","og_type":"article","og_title":"Kinder- wann muss mein Kind zum Augenarzt? - HNO","og_description":"Die grobe Faustregel aller auf Kinder spezialisierten Augen\u00e4rzte besagt: 4. Lebensmonat- 4. Lebensjahr- vor der Einschulung Wieso so oft? Die Augen eines Kindes haben ein spezielles Zeitfenster, in dem sich das Sehen entwickelt. Wenn in diesem Zeitfenster das Sehen nicht erlernt wird, ist diese Entwicklung praktisch unumkehrbar. Nicht selten haben wir immer noch Jugendliche in&hellip;","og_url":"https:\/\/medizentrum-eckert.de\/hno\/info\/lexikon-kieferorthopaedie-eckert__trashed\/kinder-wann-muss-mein-kind-zum-augenarzt\/","og_site_name":"HNO","og_image":[{"url":"https:\/\/augenzentrum-eckert.de\/wp-content\/uploads\/2016\/10\/lachendes-kind-300x268.jpg"}],"twitter_card":"summary_large_image","twitter_misc":{"Gesch\u00e4tzte Lesezeit":"1\u00a0Minute"},"schema":{"@context":"https:\/\/schema.org","@graph":[{"@type":"WebPage","@id":"https:\/\/medizentrum-eckert.de\/hno\/info\/lexikon-kieferorthopaedie-eckert__trashed\/kinder-wann-muss-mein-kind-zum-augenarzt\/","url":"https:\/\/medizentrum-eckert.de\/hno\/info\/lexikon-kieferorthopaedie-eckert__trashed\/kinder-wann-muss-mein-kind-zum-augenarzt\/","name":"Kinder- wann muss mein Kind zum Augenarzt? - HNO","isPartOf":{"@id":"https:\/\/medizentrum-eckert.de\/hno\/#website"},"datePublished":"2016-10-07T09:56:06+00:00","dateModified":"2016-10-07T09:56:06+00:00","breadcrumb":{"@id":"https:\/\/medizentrum-eckert.de\/hno\/info\/lexikon-kieferorthopaedie-eckert__trashed\/kinder-wann-muss-mein-kind-zum-augenarzt\/#breadcrumb"},"inLanguage":"de","potentialAction":[{"@type":"ReadAction","target":["https:\/\/medizentrum-eckert.de\/hno\/info\/lexikon-kieferorthopaedie-eckert__trashed\/kinder-wann-muss-mein-kind-zum-augenarzt\/"]}]},{"@type":"BreadcrumbList","@id":"https:\/\/medizentrum-eckert.de\/hno\/info\/lexikon-kieferorthopaedie-eckert__trashed\/kinder-wann-muss-mein-kind-zum-augenarzt\/#breadcrumb","itemListElement":[{"@type":"ListItem","position":1,"name":"Startseite","item":"https:\/\/medizentrum-eckert.de\/hno\/"},{"@type":"ListItem","position":2,"name":"Info","item":"https:\/\/medizentrum-eckert.de\/hno\/info\/"},{"@type":"ListItem","position":3,"name":"Kinder- wann muss mein Kind zum Augenarzt?"}]},{"@type":"WebSite","@id":"https:\/\/medizentrum-eckert.de\/hno\/#website","url":"https:\/\/medizentrum-eckert.de\/hno\/","name":"HNO","description":"","potentialAction":[{"@type":"SearchAction","target":{"@type":"EntryPoint","urlTemplate":"https:\/\/medizentrum-eckert.de\/hno\/?s={search_term_string}"},"query-input":"required name=search_term_string"}],"inLanguage":"de"}]}},"_links":{"self":[{"href":"https:\/\/medizentrum-eckert.de\/hno\/wp-json\/wp\/v2\/pages\/1941"}],"collection":[{"href":"https:\/\/medizentrum-eckert.de\/hno\/wp-json\/wp\/v2\/pages"}],"about":[{"href":"https:\/\/medizentrum-eckert.de\/hno\/wp-json\/wp\/v2\/types\/page"}],"author":[{"embeddable":true,"href":"https:\/\/medizentrum-eckert.de\/hno\/wp-json\/wp\/v2\/users\/1"}],"replies":[{"embeddable":true,"href":"https:\/\/medizentrum-eckert.de\/hno\/wp-json\/wp\/v2\/comments?post=1941"}],"version-history":[{"count":0,"href":"https:\/\/medizentrum-eckert.de\/hno\/wp-json\/wp\/v2\/pages\/1941\/revisions"}],"up":[{"embeddable":true,"href":"https:\/\/medizentrum-eckert.de\/hno\/wp-json\/wp\/v2\/pages\/16"}],"wp:attachment":[{"href":"https:\/\/medizentrum-eckert.de\/hno\/wp-json\/wp\/v2\/media?parent=1941"}],"curies":[{"name":"wp","href":"https:\/\/api.w.org\/{rel}","templated":true}]}}