{"id":1939,"date":"2016-10-07T11:54:25","date_gmt":"2016-10-07T09:54:25","guid":{"rendered":"http:\/\/wordpress.augenzentrum-eckert.de\/?page_id=1939"},"modified":"2016-10-07T11:54:25","modified_gmt":"2016-10-07T09:54:25","slug":"keratokonus","status":"publish","type":"page","link":"https:\/\/medizentrum-eckert.de\/hno\/info\/keratokonus\/","title":{"rendered":"Keratokonus"},"content":{"rendered":"<p>Keratokonus ist eine fortschreitende Ausd\u00fcnnung und  kegelf\u00f6rmige Verformung der Hornhaut des Auges (Kornea). Die Verformung tritt immer beidseits auf, kann aber auf jedem Auge unterschiedlich ausgepr\u00e4gt sein. Eine Brille oder Kontaktlinsen sind m\u00f6glich die Sehleistung zu verbessern, allerdings nicht vollst\u00e4ndig.<\/p>\n<p><strong style=\"margin-top:30px\">Bei der Erkrankung gibt es zwei verschiedene Eigenschaften:<\/strong><\/p>\n<ol>\n<li>Progression:  Hornhaut wird immer d\u00fcnner und spitzer<\/li>\n<li>Sehverschlechterung: die Sehleistung nimmt ab (meistens werden die Betroffenen kurzsichtig)<\/li>\n<\/ol>\n<p><strong style=\"margin-top:30px\">Symptome:<\/strong><\/p>\n<ul>\n<li>H\u00e4ufige Ver\u00e4nderung der Hornhautverkr\u00fcmmung<\/li>\n<li>Doppeltsehen von Gegenst\u00e4nden<\/li>\n<li>Zus\u00e4tzliche Schatten an Buchstaben<\/li>\n<li>Schlieren oder sternf\u00f6rmige Strahlen<\/li>\n<\/ul>\n","protected":false},"excerpt":{"rendered":"<p>Keratokonus ist eine fortschreitende Ausd\u00fcnnung und kegelf\u00f6rmige Verformung der Hornhaut des Auges (Kornea). Die Verformung tritt immer beidseits auf, kann aber auf jedem Auge unterschiedlich ausgepr\u00e4gt sein. Eine Brille oder Kontaktlinsen sind m\u00f6glich die Sehleistung zu verbessern, allerdings nicht vollst\u00e4ndig. Bei der Erkrankung gibt es zwei verschiedene Eigenschaften: Progression: Hornhaut wird immer d\u00fcnner und spitzer&hellip;<\/p>\n","protected":false},"author":1,"featured_media":0,"parent":16,"menu_order":0,"comment_status":"closed","ping_status":"closed","template":"","meta":[],"yoast_head":"<!-- This site is optimized with the Yoast SEO plugin v20.2.1 - https:\/\/yoast.com\/wordpress\/plugins\/seo\/ -->\n<title>Keratokonus - HNO<\/title>\n<meta name=\"robots\" content=\"index, follow, max-snippet:-1, max-image-preview:large, max-video-preview:-1\" \/>\n<link rel=\"canonical\" href=\"https:\/\/medizentrum-eckert.de\/hno\/info\/lexikon-kieferorthopaedie-eckert__trashed\/keratokonus\/\" \/>\n<meta property=\"og:locale\" content=\"de_DE\" \/>\n<meta property=\"og:type\" content=\"article\" \/>\n<meta property=\"og:title\" content=\"Keratokonus - HNO\" \/>\n<meta property=\"og:description\" content=\"Keratokonus ist eine fortschreitende Ausd\u00fcnnung und kegelf\u00f6rmige Verformung der Hornhaut des Auges (Kornea). Die Verformung tritt immer beidseits auf, kann aber auf jedem Auge unterschiedlich ausgepr\u00e4gt sein. Eine Brille oder Kontaktlinsen sind m\u00f6glich die Sehleistung zu verbessern, allerdings nicht vollst\u00e4ndig. Bei der Erkrankung gibt es zwei verschiedene Eigenschaften: Progression: Hornhaut wird immer d\u00fcnner und spitzer&hellip;\" \/>\n<meta property=\"og:url\" content=\"https:\/\/medizentrum-eckert.de\/hno\/info\/lexikon-kieferorthopaedie-eckert__trashed\/keratokonus\/\" \/>\n<meta property=\"og:site_name\" content=\"HNO\" \/>\n<meta name=\"twitter:card\" content=\"summary_large_image\" \/>\n<script type=\"application\/ld+json\" class=\"yoast-schema-graph\">{\"@context\":\"https:\/\/schema.org\",\"@graph\":[{\"@type\":\"WebPage\",\"@id\":\"https:\/\/medizentrum-eckert.de\/hno\/info\/lexikon-kieferorthopaedie-eckert__trashed\/keratokonus\/\",\"url\":\"https:\/\/medizentrum-eckert.de\/hno\/info\/lexikon-kieferorthopaedie-eckert__trashed\/keratokonus\/\",\"name\":\"Keratokonus - HNO\",\"isPartOf\":{\"@id\":\"https:\/\/medizentrum-eckert.de\/hno\/#website\"},\"datePublished\":\"2016-10-07T09:54:25+00:00\",\"dateModified\":\"2016-10-07T09:54:25+00:00\",\"breadcrumb\":{\"@id\":\"https:\/\/medizentrum-eckert.de\/hno\/info\/lexikon-kieferorthopaedie-eckert__trashed\/keratokonus\/#breadcrumb\"},\"inLanguage\":\"de\",\"potentialAction\":[{\"@type\":\"ReadAction\",\"target\":[\"https:\/\/medizentrum-eckert.de\/hno\/info\/lexikon-kieferorthopaedie-eckert__trashed\/keratokonus\/\"]}]},{\"@type\":\"BreadcrumbList\",\"@id\":\"https:\/\/medizentrum-eckert.de\/hno\/info\/lexikon-kieferorthopaedie-eckert__trashed\/keratokonus\/#breadcrumb\",\"itemListElement\":[{\"@type\":\"ListItem\",\"position\":1,\"name\":\"Startseite\",\"item\":\"https:\/\/medizentrum-eckert.de\/hno\/\"},{\"@type\":\"ListItem\",\"position\":2,\"name\":\"Info\",\"item\":\"https:\/\/medizentrum-eckert.de\/hno\/info\/\"},{\"@type\":\"ListItem\",\"position\":3,\"name\":\"Keratokonus\"}]},{\"@type\":\"WebSite\",\"@id\":\"https:\/\/medizentrum-eckert.de\/hno\/#website\",\"url\":\"https:\/\/medizentrum-eckert.de\/hno\/\",\"name\":\"HNO\",\"description\":\"\",\"potentialAction\":[{\"@type\":\"SearchAction\",\"target\":{\"@type\":\"EntryPoint\",\"urlTemplate\":\"https:\/\/medizentrum-eckert.de\/hno\/?s={search_term_string}\"},\"query-input\":\"required name=search_term_string\"}],\"inLanguage\":\"de\"}]}<\/script>\n<!-- \/ Yoast SEO plugin. -->","yoast_head_json":{"title":"Keratokonus - HNO","robots":{"index":"index","follow":"follow","max-snippet":"max-snippet:-1","max-image-preview":"max-image-preview:large","max-video-preview":"max-video-preview:-1"},"canonical":"https:\/\/medizentrum-eckert.de\/hno\/info\/lexikon-kieferorthopaedie-eckert__trashed\/keratokonus\/","og_locale":"de_DE","og_type":"article","og_title":"Keratokonus - HNO","og_description":"Keratokonus ist eine fortschreitende Ausd\u00fcnnung und kegelf\u00f6rmige Verformung der Hornhaut des Auges (Kornea). Die Verformung tritt immer beidseits auf, kann aber auf jedem Auge unterschiedlich ausgepr\u00e4gt sein. Eine Brille oder Kontaktlinsen sind m\u00f6glich die Sehleistung zu verbessern, allerdings nicht vollst\u00e4ndig. Bei der Erkrankung gibt es zwei verschiedene Eigenschaften: Progression: Hornhaut wird immer d\u00fcnner und spitzer&hellip;","og_url":"https:\/\/medizentrum-eckert.de\/hno\/info\/lexikon-kieferorthopaedie-eckert__trashed\/keratokonus\/","og_site_name":"HNO","twitter_card":"summary_large_image","schema":{"@context":"https:\/\/schema.org","@graph":[{"@type":"WebPage","@id":"https:\/\/medizentrum-eckert.de\/hno\/info\/lexikon-kieferorthopaedie-eckert__trashed\/keratokonus\/","url":"https:\/\/medizentrum-eckert.de\/hno\/info\/lexikon-kieferorthopaedie-eckert__trashed\/keratokonus\/","name":"Keratokonus - HNO","isPartOf":{"@id":"https:\/\/medizentrum-eckert.de\/hno\/#website"},"datePublished":"2016-10-07T09:54:25+00:00","dateModified":"2016-10-07T09:54:25+00:00","breadcrumb":{"@id":"https:\/\/medizentrum-eckert.de\/hno\/info\/lexikon-kieferorthopaedie-eckert__trashed\/keratokonus\/#breadcrumb"},"inLanguage":"de","potentialAction":[{"@type":"ReadAction","target":["https:\/\/medizentrum-eckert.de\/hno\/info\/lexikon-kieferorthopaedie-eckert__trashed\/keratokonus\/"]}]},{"@type":"BreadcrumbList","@id":"https:\/\/medizentrum-eckert.de\/hno\/info\/lexikon-kieferorthopaedie-eckert__trashed\/keratokonus\/#breadcrumb","itemListElement":[{"@type":"ListItem","position":1,"name":"Startseite","item":"https:\/\/medizentrum-eckert.de\/hno\/"},{"@type":"ListItem","position":2,"name":"Info","item":"https:\/\/medizentrum-eckert.de\/hno\/info\/"},{"@type":"ListItem","position":3,"name":"Keratokonus"}]},{"@type":"WebSite","@id":"https:\/\/medizentrum-eckert.de\/hno\/#website","url":"https:\/\/medizentrum-eckert.de\/hno\/","name":"HNO","description":"","potentialAction":[{"@type":"SearchAction","target":{"@type":"EntryPoint","urlTemplate":"https:\/\/medizentrum-eckert.de\/hno\/?s={search_term_string}"},"query-input":"required name=search_term_string"}],"inLanguage":"de"}]}},"_links":{"self":[{"href":"https:\/\/medizentrum-eckert.de\/hno\/wp-json\/wp\/v2\/pages\/1939"}],"collection":[{"href":"https:\/\/medizentrum-eckert.de\/hno\/wp-json\/wp\/v2\/pages"}],"about":[{"href":"https:\/\/medizentrum-eckert.de\/hno\/wp-json\/wp\/v2\/types\/page"}],"author":[{"embeddable":true,"href":"https:\/\/medizentrum-eckert.de\/hno\/wp-json\/wp\/v2\/users\/1"}],"replies":[{"embeddable":true,"href":"https:\/\/medizentrum-eckert.de\/hno\/wp-json\/wp\/v2\/comments?post=1939"}],"version-history":[{"count":0,"href":"https:\/\/medizentrum-eckert.de\/hno\/wp-json\/wp\/v2\/pages\/1939\/revisions"}],"up":[{"embeddable":true,"href":"https:\/\/medizentrum-eckert.de\/hno\/wp-json\/wp\/v2\/pages\/16"}],"wp:attachment":[{"href":"https:\/\/medizentrum-eckert.de\/hno\/wp-json\/wp\/v2\/media?parent=1939"}],"curies":[{"name":"wp","href":"https:\/\/api.w.org\/{rel}","templated":true}]}}