{"id":1930,"date":"2016-10-07T11:50:05","date_gmt":"2016-10-07T09:50:05","guid":{"rendered":"http:\/\/wordpress.augenzentrum-eckert.de\/?page_id=1930"},"modified":"2016-10-07T11:50:05","modified_gmt":"2016-10-07T09:50:05","slug":"gliose-oder-haeutchen-auf-der-netzhaut","status":"publish","type":"page","link":"https:\/\/medizentrum-eckert.de\/hno\/info\/gliose-oder-haeutchen-auf-der-netzhaut\/","title":{"rendered":"Gliose oder H\u00e4utchen auf der Netzhaut"},"content":{"rendered":"<p>Eine Gliose ist eine Ansammlung von Zellen des Pigmentepithels. Diese Zellen wandern vom unteren Bereich der Netzhaut in den oberen Bereich und lagern sich auf der Netzhautoberfl\u00e4che ab. Dieses H\u00e4utchen hat die Eigenschaft, dass es an der Netzhaut ziehen kann und dann zu unscharfem Sehen f\u00fchrt. Die einzige Untersuchung, mit der man Gliosen sicher und zuverl\u00e4ssig sehen kann, ist die OCT (=optische Coh\u00e4renz Tomographie). Damit ist es m\u00f6glich, die Gliose in Stadien einzuteilen und daraufhin auch die Indikation einer Operation zu stellen. Das H\u00e4utchen kann und muss dann mit einem netzhautchirurgischen Eingriff entfernt werden.<\/p>\n","protected":false},"excerpt":{"rendered":"<p>Eine Gliose ist eine Ansammlung von Zellen des Pigmentepithels. Diese Zellen wandern vom unteren Bereich der Netzhaut in den oberen Bereich und lagern sich auf der Netzhautoberfl\u00e4che ab. Dieses H\u00e4utchen hat die Eigenschaft, dass es an der Netzhaut ziehen kann und dann zu unscharfem Sehen f\u00fchrt. Die einzige Untersuchung, mit der man Gliosen sicher und&hellip;<\/p>\n","protected":false},"author":1,"featured_media":0,"parent":16,"menu_order":0,"comment_status":"closed","ping_status":"closed","template":"","meta":[],"yoast_head":"<!-- This site is optimized with the Yoast SEO plugin v20.2.1 - https:\/\/yoast.com\/wordpress\/plugins\/seo\/ -->\n<title>Gliose oder H\u00e4utchen auf der Netzhaut - HNO<\/title>\n<meta name=\"robots\" content=\"index, follow, max-snippet:-1, max-image-preview:large, max-video-preview:-1\" \/>\n<link rel=\"canonical\" href=\"https:\/\/medizentrum-eckert.de\/hno\/info\/lexikon-kieferorthopaedie-eckert__trashed\/gliose-oder-haeutchen-auf-der-netzhaut\/\" \/>\n<meta property=\"og:locale\" content=\"de_DE\" \/>\n<meta property=\"og:type\" content=\"article\" \/>\n<meta property=\"og:title\" content=\"Gliose oder H\u00e4utchen auf der Netzhaut - HNO\" \/>\n<meta property=\"og:description\" content=\"Eine Gliose ist eine Ansammlung von Zellen des Pigmentepithels. Diese Zellen wandern vom unteren Bereich der Netzhaut in den oberen Bereich und lagern sich auf der Netzhautoberfl\u00e4che ab. Dieses H\u00e4utchen hat die Eigenschaft, dass es an der Netzhaut ziehen kann und dann zu unscharfem Sehen f\u00fchrt. Die einzige Untersuchung, mit der man Gliosen sicher und&hellip;\" \/>\n<meta property=\"og:url\" content=\"https:\/\/medizentrum-eckert.de\/hno\/info\/lexikon-kieferorthopaedie-eckert__trashed\/gliose-oder-haeutchen-auf-der-netzhaut\/\" \/>\n<meta property=\"og:site_name\" content=\"HNO\" \/>\n<meta name=\"twitter:card\" content=\"summary_large_image\" \/>\n<meta name=\"twitter:label1\" content=\"Gesch\u00e4tzte Lesezeit\" \/>\n\t<meta name=\"twitter:data1\" content=\"1\u00a0Minute\" \/>\n<script type=\"application\/ld+json\" class=\"yoast-schema-graph\">{\"@context\":\"https:\/\/schema.org\",\"@graph\":[{\"@type\":\"WebPage\",\"@id\":\"https:\/\/medizentrum-eckert.de\/hno\/info\/lexikon-kieferorthopaedie-eckert__trashed\/gliose-oder-haeutchen-auf-der-netzhaut\/\",\"url\":\"https:\/\/medizentrum-eckert.de\/hno\/info\/lexikon-kieferorthopaedie-eckert__trashed\/gliose-oder-haeutchen-auf-der-netzhaut\/\",\"name\":\"Gliose oder H\u00e4utchen auf der Netzhaut - HNO\",\"isPartOf\":{\"@id\":\"https:\/\/medizentrum-eckert.de\/hno\/#website\"},\"datePublished\":\"2016-10-07T09:50:05+00:00\",\"dateModified\":\"2016-10-07T09:50:05+00:00\",\"breadcrumb\":{\"@id\":\"https:\/\/medizentrum-eckert.de\/hno\/info\/lexikon-kieferorthopaedie-eckert__trashed\/gliose-oder-haeutchen-auf-der-netzhaut\/#breadcrumb\"},\"inLanguage\":\"de\",\"potentialAction\":[{\"@type\":\"ReadAction\",\"target\":[\"https:\/\/medizentrum-eckert.de\/hno\/info\/lexikon-kieferorthopaedie-eckert__trashed\/gliose-oder-haeutchen-auf-der-netzhaut\/\"]}]},{\"@type\":\"BreadcrumbList\",\"@id\":\"https:\/\/medizentrum-eckert.de\/hno\/info\/lexikon-kieferorthopaedie-eckert__trashed\/gliose-oder-haeutchen-auf-der-netzhaut\/#breadcrumb\",\"itemListElement\":[{\"@type\":\"ListItem\",\"position\":1,\"name\":\"Startseite\",\"item\":\"https:\/\/medizentrum-eckert.de\/hno\/\"},{\"@type\":\"ListItem\",\"position\":2,\"name\":\"Info\",\"item\":\"https:\/\/medizentrum-eckert.de\/hno\/info\/\"},{\"@type\":\"ListItem\",\"position\":3,\"name\":\"Gliose oder H\u00e4utchen auf der Netzhaut\"}]},{\"@type\":\"WebSite\",\"@id\":\"https:\/\/medizentrum-eckert.de\/hno\/#website\",\"url\":\"https:\/\/medizentrum-eckert.de\/hno\/\",\"name\":\"HNO\",\"description\":\"\",\"potentialAction\":[{\"@type\":\"SearchAction\",\"target\":{\"@type\":\"EntryPoint\",\"urlTemplate\":\"https:\/\/medizentrum-eckert.de\/hno\/?s={search_term_string}\"},\"query-input\":\"required name=search_term_string\"}],\"inLanguage\":\"de\"}]}<\/script>\n<!-- \/ Yoast SEO plugin. -->","yoast_head_json":{"title":"Gliose oder H\u00e4utchen auf der Netzhaut - HNO","robots":{"index":"index","follow":"follow","max-snippet":"max-snippet:-1","max-image-preview":"max-image-preview:large","max-video-preview":"max-video-preview:-1"},"canonical":"https:\/\/medizentrum-eckert.de\/hno\/info\/lexikon-kieferorthopaedie-eckert__trashed\/gliose-oder-haeutchen-auf-der-netzhaut\/","og_locale":"de_DE","og_type":"article","og_title":"Gliose oder H\u00e4utchen auf der Netzhaut - HNO","og_description":"Eine Gliose ist eine Ansammlung von Zellen des Pigmentepithels. Diese Zellen wandern vom unteren Bereich der Netzhaut in den oberen Bereich und lagern sich auf der Netzhautoberfl\u00e4che ab. Dieses H\u00e4utchen hat die Eigenschaft, dass es an der Netzhaut ziehen kann und dann zu unscharfem Sehen f\u00fchrt. Die einzige Untersuchung, mit der man Gliosen sicher und&hellip;","og_url":"https:\/\/medizentrum-eckert.de\/hno\/info\/lexikon-kieferorthopaedie-eckert__trashed\/gliose-oder-haeutchen-auf-der-netzhaut\/","og_site_name":"HNO","twitter_card":"summary_large_image","twitter_misc":{"Gesch\u00e4tzte Lesezeit":"1\u00a0Minute"},"schema":{"@context":"https:\/\/schema.org","@graph":[{"@type":"WebPage","@id":"https:\/\/medizentrum-eckert.de\/hno\/info\/lexikon-kieferorthopaedie-eckert__trashed\/gliose-oder-haeutchen-auf-der-netzhaut\/","url":"https:\/\/medizentrum-eckert.de\/hno\/info\/lexikon-kieferorthopaedie-eckert__trashed\/gliose-oder-haeutchen-auf-der-netzhaut\/","name":"Gliose oder H\u00e4utchen auf der Netzhaut - HNO","isPartOf":{"@id":"https:\/\/medizentrum-eckert.de\/hno\/#website"},"datePublished":"2016-10-07T09:50:05+00:00","dateModified":"2016-10-07T09:50:05+00:00","breadcrumb":{"@id":"https:\/\/medizentrum-eckert.de\/hno\/info\/lexikon-kieferorthopaedie-eckert__trashed\/gliose-oder-haeutchen-auf-der-netzhaut\/#breadcrumb"},"inLanguage":"de","potentialAction":[{"@type":"ReadAction","target":["https:\/\/medizentrum-eckert.de\/hno\/info\/lexikon-kieferorthopaedie-eckert__trashed\/gliose-oder-haeutchen-auf-der-netzhaut\/"]}]},{"@type":"BreadcrumbList","@id":"https:\/\/medizentrum-eckert.de\/hno\/info\/lexikon-kieferorthopaedie-eckert__trashed\/gliose-oder-haeutchen-auf-der-netzhaut\/#breadcrumb","itemListElement":[{"@type":"ListItem","position":1,"name":"Startseite","item":"https:\/\/medizentrum-eckert.de\/hno\/"},{"@type":"ListItem","position":2,"name":"Info","item":"https:\/\/medizentrum-eckert.de\/hno\/info\/"},{"@type":"ListItem","position":3,"name":"Gliose oder H\u00e4utchen auf der Netzhaut"}]},{"@type":"WebSite","@id":"https:\/\/medizentrum-eckert.de\/hno\/#website","url":"https:\/\/medizentrum-eckert.de\/hno\/","name":"HNO","description":"","potentialAction":[{"@type":"SearchAction","target":{"@type":"EntryPoint","urlTemplate":"https:\/\/medizentrum-eckert.de\/hno\/?s={search_term_string}"},"query-input":"required name=search_term_string"}],"inLanguage":"de"}]}},"_links":{"self":[{"href":"https:\/\/medizentrum-eckert.de\/hno\/wp-json\/wp\/v2\/pages\/1930"}],"collection":[{"href":"https:\/\/medizentrum-eckert.de\/hno\/wp-json\/wp\/v2\/pages"}],"about":[{"href":"https:\/\/medizentrum-eckert.de\/hno\/wp-json\/wp\/v2\/types\/page"}],"author":[{"embeddable":true,"href":"https:\/\/medizentrum-eckert.de\/hno\/wp-json\/wp\/v2\/users\/1"}],"replies":[{"embeddable":true,"href":"https:\/\/medizentrum-eckert.de\/hno\/wp-json\/wp\/v2\/comments?post=1930"}],"version-history":[{"count":0,"href":"https:\/\/medizentrum-eckert.de\/hno\/wp-json\/wp\/v2\/pages\/1930\/revisions"}],"up":[{"embeddable":true,"href":"https:\/\/medizentrum-eckert.de\/hno\/wp-json\/wp\/v2\/pages\/16"}],"wp:attachment":[{"href":"https:\/\/medizentrum-eckert.de\/hno\/wp-json\/wp\/v2\/media?parent=1930"}],"curies":[{"name":"wp","href":"https:\/\/api.w.org\/{rel}","templated":true}]}}