{"id":1928,"date":"2016-10-07T11:49:50","date_gmt":"2016-10-07T09:49:50","guid":{"rendered":"http:\/\/wordpress.augenzentrum-eckert.de\/?page_id=1928"},"modified":"2016-10-07T11:49:50","modified_gmt":"2016-10-07T09:49:50","slug":"gelbsichtigkeit","status":"publish","type":"page","link":"https:\/\/medizentrum-eckert.de\/hno\/info\/gelbsichtigkeit\/","title":{"rendered":"Gelbsichtigkeit"},"content":{"rendered":"<p>Darunter versteht man die zunehmende Eintr\u00fcbung der Augenlinse, die begleitet ist von einer Sehminderung, die &#8211; logischerweise &#8211; durch eine Brille nicht korrigiert werden kann. Mit zunehmendem Lebensalter bekommen die allermeisten Mitmenschen einen grauen Star, also eine Eintr\u00fcbung der Augenlinse. Dieses Problem tritt verst\u00e4rkt in unser Bewusstsein, weil die Lebenserwartung von uns allen immer gr\u00f6\u00dfer wird.<\/p>\n","protected":false},"excerpt":{"rendered":"<p>Darunter versteht man die zunehmende Eintr\u00fcbung der Augenlinse, die begleitet ist von einer Sehminderung, die &#8211; logischerweise &#8211; durch eine Brille nicht korrigiert werden kann. Mit zunehmendem Lebensalter bekommen die allermeisten Mitmenschen einen grauen Star, also eine Eintr\u00fcbung der Augenlinse. Dieses Problem tritt verst\u00e4rkt in unser Bewusstsein, weil die Lebenserwartung von uns allen immer gr\u00f6\u00dfer&hellip;<\/p>\n","protected":false},"author":1,"featured_media":0,"parent":16,"menu_order":0,"comment_status":"closed","ping_status":"closed","template":"","meta":[],"yoast_head":"<!-- This site is optimized with the Yoast SEO plugin v20.2.1 - https:\/\/yoast.com\/wordpress\/plugins\/seo\/ -->\n<title>Gelbsichtigkeit - HNO<\/title>\n<meta name=\"robots\" content=\"index, follow, max-snippet:-1, max-image-preview:large, max-video-preview:-1\" \/>\n<link rel=\"canonical\" href=\"https:\/\/medizentrum-eckert.de\/hno\/info\/lexikon-kieferorthopaedie-eckert__trashed\/gelbsichtigkeit\/\" \/>\n<meta property=\"og:locale\" content=\"de_DE\" \/>\n<meta property=\"og:type\" content=\"article\" \/>\n<meta property=\"og:title\" content=\"Gelbsichtigkeit - HNO\" \/>\n<meta property=\"og:description\" content=\"Darunter versteht man die zunehmende Eintr\u00fcbung der Augenlinse, die begleitet ist von einer Sehminderung, die &#8211; logischerweise &#8211; durch eine Brille nicht korrigiert werden kann. Mit zunehmendem Lebensalter bekommen die allermeisten Mitmenschen einen grauen Star, also eine Eintr\u00fcbung der Augenlinse. Dieses Problem tritt verst\u00e4rkt in unser Bewusstsein, weil die Lebenserwartung von uns allen immer gr\u00f6\u00dfer&hellip;\" \/>\n<meta property=\"og:url\" content=\"https:\/\/medizentrum-eckert.de\/hno\/info\/lexikon-kieferorthopaedie-eckert__trashed\/gelbsichtigkeit\/\" \/>\n<meta property=\"og:site_name\" content=\"HNO\" \/>\n<meta name=\"twitter:card\" content=\"summary_large_image\" \/>\n<script type=\"application\/ld+json\" class=\"yoast-schema-graph\">{\"@context\":\"https:\/\/schema.org\",\"@graph\":[{\"@type\":\"WebPage\",\"@id\":\"https:\/\/medizentrum-eckert.de\/hno\/info\/lexikon-kieferorthopaedie-eckert__trashed\/gelbsichtigkeit\/\",\"url\":\"https:\/\/medizentrum-eckert.de\/hno\/info\/lexikon-kieferorthopaedie-eckert__trashed\/gelbsichtigkeit\/\",\"name\":\"Gelbsichtigkeit - HNO\",\"isPartOf\":{\"@id\":\"https:\/\/medizentrum-eckert.de\/hno\/#website\"},\"datePublished\":\"2016-10-07T09:49:50+00:00\",\"dateModified\":\"2016-10-07T09:49:50+00:00\",\"breadcrumb\":{\"@id\":\"https:\/\/medizentrum-eckert.de\/hno\/info\/lexikon-kieferorthopaedie-eckert__trashed\/gelbsichtigkeit\/#breadcrumb\"},\"inLanguage\":\"de\",\"potentialAction\":[{\"@type\":\"ReadAction\",\"target\":[\"https:\/\/medizentrum-eckert.de\/hno\/info\/lexikon-kieferorthopaedie-eckert__trashed\/gelbsichtigkeit\/\"]}]},{\"@type\":\"BreadcrumbList\",\"@id\":\"https:\/\/medizentrum-eckert.de\/hno\/info\/lexikon-kieferorthopaedie-eckert__trashed\/gelbsichtigkeit\/#breadcrumb\",\"itemListElement\":[{\"@type\":\"ListItem\",\"position\":1,\"name\":\"Startseite\",\"item\":\"https:\/\/medizentrum-eckert.de\/hno\/\"},{\"@type\":\"ListItem\",\"position\":2,\"name\":\"Info\",\"item\":\"https:\/\/medizentrum-eckert.de\/hno\/info\/\"},{\"@type\":\"ListItem\",\"position\":3,\"name\":\"Gelbsichtigkeit\"}]},{\"@type\":\"WebSite\",\"@id\":\"https:\/\/medizentrum-eckert.de\/hno\/#website\",\"url\":\"https:\/\/medizentrum-eckert.de\/hno\/\",\"name\":\"HNO\",\"description\":\"\",\"potentialAction\":[{\"@type\":\"SearchAction\",\"target\":{\"@type\":\"EntryPoint\",\"urlTemplate\":\"https:\/\/medizentrum-eckert.de\/hno\/?s={search_term_string}\"},\"query-input\":\"required name=search_term_string\"}],\"inLanguage\":\"de\"}]}<\/script>\n<!-- \/ Yoast SEO plugin. -->","yoast_head_json":{"title":"Gelbsichtigkeit - HNO","robots":{"index":"index","follow":"follow","max-snippet":"max-snippet:-1","max-image-preview":"max-image-preview:large","max-video-preview":"max-video-preview:-1"},"canonical":"https:\/\/medizentrum-eckert.de\/hno\/info\/lexikon-kieferorthopaedie-eckert__trashed\/gelbsichtigkeit\/","og_locale":"de_DE","og_type":"article","og_title":"Gelbsichtigkeit - HNO","og_description":"Darunter versteht man die zunehmende Eintr\u00fcbung der Augenlinse, die begleitet ist von einer Sehminderung, die &#8211; logischerweise &#8211; durch eine Brille nicht korrigiert werden kann. Mit zunehmendem Lebensalter bekommen die allermeisten Mitmenschen einen grauen Star, also eine Eintr\u00fcbung der Augenlinse. Dieses Problem tritt verst\u00e4rkt in unser Bewusstsein, weil die Lebenserwartung von uns allen immer gr\u00f6\u00dfer&hellip;","og_url":"https:\/\/medizentrum-eckert.de\/hno\/info\/lexikon-kieferorthopaedie-eckert__trashed\/gelbsichtigkeit\/","og_site_name":"HNO","twitter_card":"summary_large_image","schema":{"@context":"https:\/\/schema.org","@graph":[{"@type":"WebPage","@id":"https:\/\/medizentrum-eckert.de\/hno\/info\/lexikon-kieferorthopaedie-eckert__trashed\/gelbsichtigkeit\/","url":"https:\/\/medizentrum-eckert.de\/hno\/info\/lexikon-kieferorthopaedie-eckert__trashed\/gelbsichtigkeit\/","name":"Gelbsichtigkeit - HNO","isPartOf":{"@id":"https:\/\/medizentrum-eckert.de\/hno\/#website"},"datePublished":"2016-10-07T09:49:50+00:00","dateModified":"2016-10-07T09:49:50+00:00","breadcrumb":{"@id":"https:\/\/medizentrum-eckert.de\/hno\/info\/lexikon-kieferorthopaedie-eckert__trashed\/gelbsichtigkeit\/#breadcrumb"},"inLanguage":"de","potentialAction":[{"@type":"ReadAction","target":["https:\/\/medizentrum-eckert.de\/hno\/info\/lexikon-kieferorthopaedie-eckert__trashed\/gelbsichtigkeit\/"]}]},{"@type":"BreadcrumbList","@id":"https:\/\/medizentrum-eckert.de\/hno\/info\/lexikon-kieferorthopaedie-eckert__trashed\/gelbsichtigkeit\/#breadcrumb","itemListElement":[{"@type":"ListItem","position":1,"name":"Startseite","item":"https:\/\/medizentrum-eckert.de\/hno\/"},{"@type":"ListItem","position":2,"name":"Info","item":"https:\/\/medizentrum-eckert.de\/hno\/info\/"},{"@type":"ListItem","position":3,"name":"Gelbsichtigkeit"}]},{"@type":"WebSite","@id":"https:\/\/medizentrum-eckert.de\/hno\/#website","url":"https:\/\/medizentrum-eckert.de\/hno\/","name":"HNO","description":"","potentialAction":[{"@type":"SearchAction","target":{"@type":"EntryPoint","urlTemplate":"https:\/\/medizentrum-eckert.de\/hno\/?s={search_term_string}"},"query-input":"required name=search_term_string"}],"inLanguage":"de"}]}},"_links":{"self":[{"href":"https:\/\/medizentrum-eckert.de\/hno\/wp-json\/wp\/v2\/pages\/1928"}],"collection":[{"href":"https:\/\/medizentrum-eckert.de\/hno\/wp-json\/wp\/v2\/pages"}],"about":[{"href":"https:\/\/medizentrum-eckert.de\/hno\/wp-json\/wp\/v2\/types\/page"}],"author":[{"embeddable":true,"href":"https:\/\/medizentrum-eckert.de\/hno\/wp-json\/wp\/v2\/users\/1"}],"replies":[{"embeddable":true,"href":"https:\/\/medizentrum-eckert.de\/hno\/wp-json\/wp\/v2\/comments?post=1928"}],"version-history":[{"count":0,"href":"https:\/\/medizentrum-eckert.de\/hno\/wp-json\/wp\/v2\/pages\/1928\/revisions"}],"up":[{"embeddable":true,"href":"https:\/\/medizentrum-eckert.de\/hno\/wp-json\/wp\/v2\/pages\/16"}],"wp:attachment":[{"href":"https:\/\/medizentrum-eckert.de\/hno\/wp-json\/wp\/v2\/media?parent=1928"}],"curies":[{"name":"wp","href":"https:\/\/api.w.org\/{rel}","templated":true}]}}