{"id":1909,"date":"2016-10-07T11:44:44","date_gmt":"2016-10-07T09:44:44","guid":{"rendered":"http:\/\/wordpress.augenzentrum-eckert.de\/?page_id=1909"},"modified":"2016-10-07T11:44:44","modified_gmt":"2016-10-07T09:44:44","slug":"astigmatismus","status":"publish","type":"page","link":"https:\/\/medizentrum-eckert.de\/hno\/info\/astigmatismus\/","title":{"rendered":"Astigmatismus"},"content":{"rendered":"<p>Die Idealform der menschlichen Hornhautoberfl\u00e4che kann mit einer Halbkugel verglichen werden. Abweichungen von dieser Idealform werden als Hornhautverkr\u00fcmmung bezeichnet. Die verkr\u00fcmmte Hornhaut f\u00fchrt zu einem Abbildungsfehler in der Optik des Auges bei dem ein punktf\u00f6rmiges Objekt strich- bzw. stabf\u00f6rmig erscheint, daher die Bezeichnung Stabsichtigkeit (Astigmatismus). Je nach Ausma\u00df der Hornhautverkr\u00fcmmung ist ein verzerrtes und unscharfes Sehen die Folge. In den meisten F\u00e4llen tritt eine Hornhautverkr\u00fcmmung mit einer Kurz- oder Weitsichtigkeit auf.<\/p>\n<h2 style=\"margin-top:30px\">Man unterscheidet<\/h2>\n<p><strong>Regelm\u00e4\u00dfiger Astigmatismus<\/strong><br \/>\nDie Hornhaut weist nur zwei Kr\u00fcmmungen (Hauptschnitte) auf, die senkrecht zueinander stehen.<\/p>\n<p><strong>Unregelm\u00e4\u00dfiger Astigmatismus<\/strong><br \/>\nDie Hornhaut weit meistens zwei Kr\u00fcmmungen (Hauptschnitte) auf, die nicht senkrecht zueinander stehen. Eine krankhafte Hornhautver\u00e4nderung oder Narben nach einer Hornhautverletzung kann die Folge hierf\u00fcr sein.<\/p>\n","protected":false},"excerpt":{"rendered":"<p>Die Idealform der menschlichen Hornhautoberfl\u00e4che kann mit einer Halbkugel verglichen werden. Abweichungen von dieser Idealform werden als Hornhautverkr\u00fcmmung bezeichnet. Die verkr\u00fcmmte Hornhaut f\u00fchrt zu einem Abbildungsfehler in der Optik des Auges bei dem ein punktf\u00f6rmiges Objekt strich- bzw. stabf\u00f6rmig erscheint, daher die Bezeichnung Stabsichtigkeit (Astigmatismus). Je nach Ausma\u00df der Hornhautverkr\u00fcmmung ist ein verzerrtes und unscharfes&hellip;<\/p>\n","protected":false},"author":1,"featured_media":0,"parent":16,"menu_order":0,"comment_status":"closed","ping_status":"closed","template":"","meta":[],"yoast_head":"<!-- This site is optimized with the Yoast SEO plugin v20.2.1 - https:\/\/yoast.com\/wordpress\/plugins\/seo\/ -->\n<title>Astigmatismus - HNO<\/title>\n<meta name=\"robots\" content=\"index, follow, max-snippet:-1, max-image-preview:large, max-video-preview:-1\" \/>\n<link rel=\"canonical\" href=\"https:\/\/medizentrum-eckert.de\/hno\/info\/lexikon-kieferorthopaedie-eckert__trashed\/astigmatismus\/\" \/>\n<meta property=\"og:locale\" content=\"de_DE\" \/>\n<meta property=\"og:type\" content=\"article\" \/>\n<meta property=\"og:title\" content=\"Astigmatismus - HNO\" \/>\n<meta property=\"og:description\" content=\"Die Idealform der menschlichen Hornhautoberfl\u00e4che kann mit einer Halbkugel verglichen werden. Abweichungen von dieser Idealform werden als Hornhautverkr\u00fcmmung bezeichnet. Die verkr\u00fcmmte Hornhaut f\u00fchrt zu einem Abbildungsfehler in der Optik des Auges bei dem ein punktf\u00f6rmiges Objekt strich- bzw. stabf\u00f6rmig erscheint, daher die Bezeichnung Stabsichtigkeit (Astigmatismus). Je nach Ausma\u00df der Hornhautverkr\u00fcmmung ist ein verzerrtes und unscharfes&hellip;\" \/>\n<meta property=\"og:url\" content=\"https:\/\/medizentrum-eckert.de\/hno\/info\/lexikon-kieferorthopaedie-eckert__trashed\/astigmatismus\/\" \/>\n<meta property=\"og:site_name\" content=\"HNO\" \/>\n<meta name=\"twitter:card\" content=\"summary_large_image\" \/>\n<meta name=\"twitter:label1\" content=\"Gesch\u00e4tzte Lesezeit\" \/>\n\t<meta name=\"twitter:data1\" content=\"1\u00a0Minute\" \/>\n<script type=\"application\/ld+json\" class=\"yoast-schema-graph\">{\"@context\":\"https:\/\/schema.org\",\"@graph\":[{\"@type\":\"WebPage\",\"@id\":\"https:\/\/medizentrum-eckert.de\/hno\/info\/lexikon-kieferorthopaedie-eckert__trashed\/astigmatismus\/\",\"url\":\"https:\/\/medizentrum-eckert.de\/hno\/info\/lexikon-kieferorthopaedie-eckert__trashed\/astigmatismus\/\",\"name\":\"Astigmatismus - HNO\",\"isPartOf\":{\"@id\":\"https:\/\/medizentrum-eckert.de\/hno\/#website\"},\"datePublished\":\"2016-10-07T09:44:44+00:00\",\"dateModified\":\"2016-10-07T09:44:44+00:00\",\"breadcrumb\":{\"@id\":\"https:\/\/medizentrum-eckert.de\/hno\/info\/lexikon-kieferorthopaedie-eckert__trashed\/astigmatismus\/#breadcrumb\"},\"inLanguage\":\"de\",\"potentialAction\":[{\"@type\":\"ReadAction\",\"target\":[\"https:\/\/medizentrum-eckert.de\/hno\/info\/lexikon-kieferorthopaedie-eckert__trashed\/astigmatismus\/\"]}]},{\"@type\":\"BreadcrumbList\",\"@id\":\"https:\/\/medizentrum-eckert.de\/hno\/info\/lexikon-kieferorthopaedie-eckert__trashed\/astigmatismus\/#breadcrumb\",\"itemListElement\":[{\"@type\":\"ListItem\",\"position\":1,\"name\":\"Startseite\",\"item\":\"https:\/\/medizentrum-eckert.de\/hno\/\"},{\"@type\":\"ListItem\",\"position\":2,\"name\":\"Info\",\"item\":\"https:\/\/medizentrum-eckert.de\/hno\/info\/\"},{\"@type\":\"ListItem\",\"position\":3,\"name\":\"Astigmatismus\"}]},{\"@type\":\"WebSite\",\"@id\":\"https:\/\/medizentrum-eckert.de\/hno\/#website\",\"url\":\"https:\/\/medizentrum-eckert.de\/hno\/\",\"name\":\"HNO\",\"description\":\"\",\"potentialAction\":[{\"@type\":\"SearchAction\",\"target\":{\"@type\":\"EntryPoint\",\"urlTemplate\":\"https:\/\/medizentrum-eckert.de\/hno\/?s={search_term_string}\"},\"query-input\":\"required name=search_term_string\"}],\"inLanguage\":\"de\"}]}<\/script>\n<!-- \/ Yoast SEO plugin. -->","yoast_head_json":{"title":"Astigmatismus - HNO","robots":{"index":"index","follow":"follow","max-snippet":"max-snippet:-1","max-image-preview":"max-image-preview:large","max-video-preview":"max-video-preview:-1"},"canonical":"https:\/\/medizentrum-eckert.de\/hno\/info\/lexikon-kieferorthopaedie-eckert__trashed\/astigmatismus\/","og_locale":"de_DE","og_type":"article","og_title":"Astigmatismus - HNO","og_description":"Die Idealform der menschlichen Hornhautoberfl\u00e4che kann mit einer Halbkugel verglichen werden. Abweichungen von dieser Idealform werden als Hornhautverkr\u00fcmmung bezeichnet. Die verkr\u00fcmmte Hornhaut f\u00fchrt zu einem Abbildungsfehler in der Optik des Auges bei dem ein punktf\u00f6rmiges Objekt strich- bzw. stabf\u00f6rmig erscheint, daher die Bezeichnung Stabsichtigkeit (Astigmatismus). Je nach Ausma\u00df der Hornhautverkr\u00fcmmung ist ein verzerrtes und unscharfes&hellip;","og_url":"https:\/\/medizentrum-eckert.de\/hno\/info\/lexikon-kieferorthopaedie-eckert__trashed\/astigmatismus\/","og_site_name":"HNO","twitter_card":"summary_large_image","twitter_misc":{"Gesch\u00e4tzte Lesezeit":"1\u00a0Minute"},"schema":{"@context":"https:\/\/schema.org","@graph":[{"@type":"WebPage","@id":"https:\/\/medizentrum-eckert.de\/hno\/info\/lexikon-kieferorthopaedie-eckert__trashed\/astigmatismus\/","url":"https:\/\/medizentrum-eckert.de\/hno\/info\/lexikon-kieferorthopaedie-eckert__trashed\/astigmatismus\/","name":"Astigmatismus - HNO","isPartOf":{"@id":"https:\/\/medizentrum-eckert.de\/hno\/#website"},"datePublished":"2016-10-07T09:44:44+00:00","dateModified":"2016-10-07T09:44:44+00:00","breadcrumb":{"@id":"https:\/\/medizentrum-eckert.de\/hno\/info\/lexikon-kieferorthopaedie-eckert__trashed\/astigmatismus\/#breadcrumb"},"inLanguage":"de","potentialAction":[{"@type":"ReadAction","target":["https:\/\/medizentrum-eckert.de\/hno\/info\/lexikon-kieferorthopaedie-eckert__trashed\/astigmatismus\/"]}]},{"@type":"BreadcrumbList","@id":"https:\/\/medizentrum-eckert.de\/hno\/info\/lexikon-kieferorthopaedie-eckert__trashed\/astigmatismus\/#breadcrumb","itemListElement":[{"@type":"ListItem","position":1,"name":"Startseite","item":"https:\/\/medizentrum-eckert.de\/hno\/"},{"@type":"ListItem","position":2,"name":"Info","item":"https:\/\/medizentrum-eckert.de\/hno\/info\/"},{"@type":"ListItem","position":3,"name":"Astigmatismus"}]},{"@type":"WebSite","@id":"https:\/\/medizentrum-eckert.de\/hno\/#website","url":"https:\/\/medizentrum-eckert.de\/hno\/","name":"HNO","description":"","potentialAction":[{"@type":"SearchAction","target":{"@type":"EntryPoint","urlTemplate":"https:\/\/medizentrum-eckert.de\/hno\/?s={search_term_string}"},"query-input":"required name=search_term_string"}],"inLanguage":"de"}]}},"_links":{"self":[{"href":"https:\/\/medizentrum-eckert.de\/hno\/wp-json\/wp\/v2\/pages\/1909"}],"collection":[{"href":"https:\/\/medizentrum-eckert.de\/hno\/wp-json\/wp\/v2\/pages"}],"about":[{"href":"https:\/\/medizentrum-eckert.de\/hno\/wp-json\/wp\/v2\/types\/page"}],"author":[{"embeddable":true,"href":"https:\/\/medizentrum-eckert.de\/hno\/wp-json\/wp\/v2\/users\/1"}],"replies":[{"embeddable":true,"href":"https:\/\/medizentrum-eckert.de\/hno\/wp-json\/wp\/v2\/comments?post=1909"}],"version-history":[{"count":0,"href":"https:\/\/medizentrum-eckert.de\/hno\/wp-json\/wp\/v2\/pages\/1909\/revisions"}],"up":[{"embeddable":true,"href":"https:\/\/medizentrum-eckert.de\/hno\/wp-json\/wp\/v2\/pages\/16"}],"wp:attachment":[{"href":"https:\/\/medizentrum-eckert.de\/hno\/wp-json\/wp\/v2\/media?parent=1909"}],"curies":[{"name":"wp","href":"https:\/\/api.w.org\/{rel}","templated":true}]}}