{"id":18,"date":"2016-09-14T15:15:35","date_gmt":"2016-09-14T13:15:35","guid":{"rendered":"http:\/\/wordpress.augenzentrum-eckert.de\/?page_id=18"},"modified":"2019-09-02T14:44:33","modified_gmt":"2019-09-02T12:44:33","slug":"ueber-uns","status":"publish","type":"page","link":"https:\/\/medizentrum-eckert.de\/hno\/ueber-uns\/","title":{"rendered":"\u00dcber uns"},"content":{"rendered":"<p>[vc_row][vc_column][vc_column_text]<\/p>\n<h2>Willkommen im Medizentrum Eckert!<\/h2>\n<p>[\/vc_column_text][vc_column_text]Liebe Patientinnen, liebe Patienten,<\/p>\n<p>die Medizentren Eckert wurden mit der Intention gegr\u00fcndet, Ihnen als Patient eine bessere und ortsnahe Versorgung mit dem Einsatz von hochmoderner Technik zu bieten.<\/p>\n<p>Unsere \u00c4rzte und medizinischen Fachangestellten sind fachlich immer auf dem aktuellen Stand und unser Team steht f\u00fcr F\u00fcrsorge und Freundlichkeit. Derzeit befinden sich unsere Praxen in Baden-W\u00fcrttemberg.<\/p>\n<p>Sie finden auf unserer t\u00e4glich aktualisierten Homepage alles zum Thema Kieferorthop\u00e4die, insbesondere zum Thema Invisalign.<\/p>\n<p><strong>Sie als Patient stehen bei uns im Mittelpunkt.<\/strong>[\/vc_column_text][vc_separator align=&#8220;align_left&#8220; css=&#8220;.vc_custom_1474278281808{margin-bottom: 0px !important;}&#8220;][\/vc_column][\/vc_row]<\/p>\n","protected":false},"excerpt":{"rendered":"<p>[vc_row][vc_column][vc_column_text] Willkommen im Medizentrum Eckert! [\/vc_column_text][vc_column_text]Liebe Patientinnen, liebe Patienten, die Medizentren Eckert wurden mit der Intention gegr\u00fcndet, Ihnen als Patient eine bessere und ortsnahe Versorgung mit dem Einsatz von hochmoderner Technik zu bieten. Unsere \u00c4rzte und medizinischen Fachangestellten sind fachlich immer auf dem aktuellen Stand und unser Team steht f\u00fcr F\u00fcrsorge und Freundlichkeit. Derzeit befinden&hellip;<\/p>\n","protected":false},"author":1,"featured_media":0,"parent":0,"menu_order":0,"comment_status":"closed","ping_status":"closed","template":"","meta":[],"yoast_head":"<!-- This site is optimized with the Yoast SEO plugin v20.2.1 - https:\/\/yoast.com\/wordpress\/plugins\/seo\/ -->\n<title>\u00dcber uns - HNO<\/title>\n<meta name=\"description\" content=\"die Augenzentren Eckert wurden mit der Intention gegr\u00fcndet, Ihnen als Patient eine bessere und ortsnahe augen\u00e4rztliche Versorgung auf dem neuesten Stand der Technik zu bieten.\" \/>\n<meta name=\"robots\" content=\"index, follow, max-snippet:-1, max-image-preview:large, max-video-preview:-1\" \/>\n<link rel=\"canonical\" href=\"https:\/\/medizentrum-eckert.de\/hno\/ueber-uns\/\" \/>\n<meta property=\"og:locale\" content=\"de_DE\" \/>\n<meta property=\"og:type\" content=\"article\" \/>\n<meta property=\"og:title\" content=\"\u00dcber uns - HNO\" \/>\n<meta property=\"og:description\" content=\"die Augenzentren Eckert wurden mit der Intention gegr\u00fcndet, Ihnen als Patient eine bessere und ortsnahe augen\u00e4rztliche Versorgung auf dem neuesten Stand der Technik zu bieten.\" \/>\n<meta property=\"og:url\" content=\"https:\/\/medizentrum-eckert.de\/hno\/ueber-uns\/\" \/>\n<meta property=\"og:site_name\" content=\"HNO\" \/>\n<meta property=\"article:modified_time\" content=\"2019-09-02T12:44:33+00:00\" \/>\n<meta name=\"twitter:card\" content=\"summary_large_image\" \/>\n<meta name=\"twitter:label1\" content=\"Gesch\u00e4tzte Lesezeit\" \/>\n\t<meta name=\"twitter:data1\" content=\"1\u00a0Minute\" \/>\n<script type=\"application\/ld+json\" class=\"yoast-schema-graph\">{\"@context\":\"https:\/\/schema.org\",\"@graph\":[{\"@type\":\"WebPage\",\"@id\":\"https:\/\/medizentrum-eckert.de\/hno\/ueber-uns\/\",\"url\":\"https:\/\/medizentrum-eckert.de\/hno\/ueber-uns\/\",\"name\":\"\u00dcber uns - HNO\",\"isPartOf\":{\"@id\":\"https:\/\/medizentrum-eckert.de\/hno\/#website\"},\"datePublished\":\"2016-09-14T13:15:35+00:00\",\"dateModified\":\"2019-09-02T12:44:33+00:00\",\"description\":\"die Augenzentren Eckert wurden mit der Intention gegr\u00fcndet, Ihnen als Patient eine bessere und ortsnahe augen\u00e4rztliche Versorgung auf dem neuesten Stand der Technik zu bieten.\",\"breadcrumb\":{\"@id\":\"https:\/\/medizentrum-eckert.de\/hno\/ueber-uns\/#breadcrumb\"},\"inLanguage\":\"de\",\"potentialAction\":[{\"@type\":\"ReadAction\",\"target\":[\"https:\/\/medizentrum-eckert.de\/hno\/ueber-uns\/\"]}]},{\"@type\":\"BreadcrumbList\",\"@id\":\"https:\/\/medizentrum-eckert.de\/hno\/ueber-uns\/#breadcrumb\",\"itemListElement\":[{\"@type\":\"ListItem\",\"position\":1,\"name\":\"Startseite\",\"item\":\"https:\/\/medizentrum-eckert.de\/hno\/\"},{\"@type\":\"ListItem\",\"position\":2,\"name\":\"\u00dcber uns\"}]},{\"@type\":\"WebSite\",\"@id\":\"https:\/\/medizentrum-eckert.de\/hno\/#website\",\"url\":\"https:\/\/medizentrum-eckert.de\/hno\/\",\"name\":\"HNO\",\"description\":\"\",\"potentialAction\":[{\"@type\":\"SearchAction\",\"target\":{\"@type\":\"EntryPoint\",\"urlTemplate\":\"https:\/\/medizentrum-eckert.de\/hno\/?s={search_term_string}\"},\"query-input\":\"required name=search_term_string\"}],\"inLanguage\":\"de\"}]}<\/script>\n<!-- \/ Yoast SEO plugin. -->","yoast_head_json":{"title":"\u00dcber uns - HNO","description":"die Augenzentren Eckert wurden mit der Intention gegr\u00fcndet, Ihnen als Patient eine bessere und ortsnahe augen\u00e4rztliche Versorgung auf dem neuesten Stand der Technik zu bieten.","robots":{"index":"index","follow":"follow","max-snippet":"max-snippet:-1","max-image-preview":"max-image-preview:large","max-video-preview":"max-video-preview:-1"},"canonical":"https:\/\/medizentrum-eckert.de\/hno\/ueber-uns\/","og_locale":"de_DE","og_type":"article","og_title":"\u00dcber uns - HNO","og_description":"die Augenzentren Eckert wurden mit der Intention gegr\u00fcndet, Ihnen als Patient eine bessere und ortsnahe augen\u00e4rztliche Versorgung auf dem neuesten Stand der Technik zu bieten.","og_url":"https:\/\/medizentrum-eckert.de\/hno\/ueber-uns\/","og_site_name":"HNO","article_modified_time":"2019-09-02T12:44:33+00:00","twitter_card":"summary_large_image","twitter_misc":{"Gesch\u00e4tzte Lesezeit":"1\u00a0Minute"},"schema":{"@context":"https:\/\/schema.org","@graph":[{"@type":"WebPage","@id":"https:\/\/medizentrum-eckert.de\/hno\/ueber-uns\/","url":"https:\/\/medizentrum-eckert.de\/hno\/ueber-uns\/","name":"\u00dcber uns - HNO","isPartOf":{"@id":"https:\/\/medizentrum-eckert.de\/hno\/#website"},"datePublished":"2016-09-14T13:15:35+00:00","dateModified":"2019-09-02T12:44:33+00:00","description":"die Augenzentren Eckert wurden mit der Intention gegr\u00fcndet, Ihnen als Patient eine bessere und ortsnahe augen\u00e4rztliche Versorgung auf dem neuesten Stand der Technik zu bieten.","breadcrumb":{"@id":"https:\/\/medizentrum-eckert.de\/hno\/ueber-uns\/#breadcrumb"},"inLanguage":"de","potentialAction":[{"@type":"ReadAction","target":["https:\/\/medizentrum-eckert.de\/hno\/ueber-uns\/"]}]},{"@type":"BreadcrumbList","@id":"https:\/\/medizentrum-eckert.de\/hno\/ueber-uns\/#breadcrumb","itemListElement":[{"@type":"ListItem","position":1,"name":"Startseite","item":"https:\/\/medizentrum-eckert.de\/hno\/"},{"@type":"ListItem","position":2,"name":"\u00dcber uns"}]},{"@type":"WebSite","@id":"https:\/\/medizentrum-eckert.de\/hno\/#website","url":"https:\/\/medizentrum-eckert.de\/hno\/","name":"HNO","description":"","potentialAction":[{"@type":"SearchAction","target":{"@type":"EntryPoint","urlTemplate":"https:\/\/medizentrum-eckert.de\/hno\/?s={search_term_string}"},"query-input":"required name=search_term_string"}],"inLanguage":"de"}]}},"_links":{"self":[{"href":"https:\/\/medizentrum-eckert.de\/hno\/wp-json\/wp\/v2\/pages\/18"}],"collection":[{"href":"https:\/\/medizentrum-eckert.de\/hno\/wp-json\/wp\/v2\/pages"}],"about":[{"href":"https:\/\/medizentrum-eckert.de\/hno\/wp-json\/wp\/v2\/types\/page"}],"author":[{"embeddable":true,"href":"https:\/\/medizentrum-eckert.de\/hno\/wp-json\/wp\/v2\/users\/1"}],"replies":[{"embeddable":true,"href":"https:\/\/medizentrum-eckert.de\/hno\/wp-json\/wp\/v2\/comments?post=18"}],"version-history":[{"count":2,"href":"https:\/\/medizentrum-eckert.de\/hno\/wp-json\/wp\/v2\/pages\/18\/revisions"}],"predecessor-version":[{"id":9691,"href":"https:\/\/medizentrum-eckert.de\/hno\/wp-json\/wp\/v2\/pages\/18\/revisions\/9691"}],"wp:attachment":[{"href":"https:\/\/medizentrum-eckert.de\/hno\/wp-json\/wp\/v2\/media?parent=18"}],"curies":[{"name":"wp","href":"https:\/\/api.w.org\/{rel}","templated":true}]}}