{"id":116,"date":"2016-09-14T15:43:00","date_gmt":"2016-09-14T13:43:00","guid":{"rendered":"http:\/\/wordpress.augenzentrum-eckert.de\/?page_id=116"},"modified":"2020-01-16T15:40:46","modified_gmt":"2020-01-16T14:40:46","slug":"stellenangebote","status":"publish","type":"page","link":"https:\/\/medizentrum-eckert.de\/hno\/ueber-uns\/stellenangebote\/","title":{"rendered":"Stellenangebote"},"content":{"rendered":"<p>[vc_row][vc_column width=&#8220;1\/2&#8243;][vc_column_text css=&#8220;.vc_custom_1474469466863{margin-bottom: 16px !important;}&#8220;]<\/p>\n<h2>Wir suchen<\/h2>\n<p>[\/vc_column_text]<div class=\"uavc-list-icon uavc-list-icon-wrapper ult-adjust-bottom-margin   \"><ul class=\"uavc-list\"><li><div class=\"uavc-list-content\" id=\"list-icon-wrap-8527\">\n<div class=\"uavc-list-icon  \" data-animation=\"\" data-animation-delay=\"03\" style=\"margin-right:5px;\"><div class=\"ult-just-icon-wrapper  \"><div class=\"align-icon\" style=\"text-align:center;\">\n<div class=\"aio-icon none \"  style=\"color:#8d8c8f;font-size:16px;display:inline-block;\">\n\t<i class=\"Defaults-chevron-circle-right\"><\/i>\n<\/div><\/div><\/div>\n<\/div><span  data-ultimate-target='#list-icon-wrap-8527 .uavc-list-desc'  data-responsive-json-new='{\"font-size\":\"\",\"line-height\":\"\"}'  class=\"uavc-list-desc ult-responsive\" style=\"\">HNO-\u00c4rzte (m\/w\/d)<\/span><\/div><\/li><li><div class=\"uavc-list-content\" id=\"list-icon-wrap-5977\">\n<div class=\"uavc-list-icon  \" data-animation=\"\" data-animation-delay=\"03\" style=\"margin-right:5px;\"><div class=\"ult-just-icon-wrapper  \"><div class=\"align-icon\" style=\"text-align:center;\">\n<div class=\"aio-icon none \"  style=\"color:#8d8c8f;font-size:16px;display:inline-block;\">\n\t<i class=\"Defaults-chevron-circle-right\"><\/i>\n<\/div><\/div><\/div>\n<\/div><span  data-ultimate-target='#list-icon-wrap-5977 .uavc-list-desc'  data-responsive-json-new='{\"font-size\":\"\",\"line-height\":\"\"}'  class=\"uavc-list-desc ult-responsive\" style=\"\">Assistenz\u00e4rzte (m\/w\/d)<\/span><\/div><\/li><\/ul><\/div>[vc_column_text css=&#8220;.vc_custom_1474469490547{margin-bottom: 16px !important;}&#8220;]<\/p>\n<h3>Voraussetzung<\/h3>\n<p>[\/vc_column_text][vc_column_text]Zuverl\u00e4ssigkeit, Ehrlichkeit und immer ein L\u00e4cheln auf den Lippen. Bitte schicken Sie Ihre vollst\u00e4ndige Bewerbung an folgende E-Mail Adresse:\u00a0<a href=\"mailto:bewerbung@medizentrum-eckert.de\">bewerbung@medizentrum-eckert.de<\/a>, bei Fragen wenden Sie sich jederzeit gerne an Andrea Bernard, 0731 26207010.[\/vc_column_text][\/vc_column][vc_column width=&#8220;1\/2&#8243;][vc_column_text css=&#8220;.vc_custom_1474469470443{margin-bottom: 16px !important;}&#8220;]<\/p>\n<h2>Wir bieten<\/h2>\n<p>[\/vc_column_text]<div class=\"uavc-list-icon uavc-list-icon-wrapper ult-adjust-bottom-margin   \"><ul class=\"uavc-list\"><li><div class=\"uavc-list-content\" id=\"list-icon-wrap-8667\">\n<div class=\"uavc-list-icon  \" data-animation=\"\" data-animation-delay=\"03\" style=\"margin-right:5px;\"><div class=\"ult-just-icon-wrapper  \"><div class=\"align-icon\" style=\"text-align:center;\">\n<div class=\"aio-icon none \"  style=\"color:#8d8c8f;font-size:16px;display:inline-block;\">\n\t<i class=\"Defaults-chevron-circle-right\"><\/i>\n<\/div><\/div><\/div>\n<\/div><span  data-ultimate-target='#list-icon-wrap-8667 .uavc-list-desc'  data-responsive-json-new='{\"font-size\":\"\",\"line-height\":\"\"}'  class=\"uavc-list-desc ult-responsive\" style=\"\">Fortbildungen, Schulungen, Zugang zur Fachliteratur, Bibliotheken, Hospitationen in anderen Praxen und OPs, Praktika, Wet-labs und Vieles mehr<\/span><\/div><\/li><li><div class=\"uavc-list-content\" id=\"list-icon-wrap-3605\">\n<div class=\"uavc-list-icon  \" data-animation=\"\" data-animation-delay=\"03\" style=\"margin-right:5px;\"><div class=\"ult-just-icon-wrapper  \"><div class=\"align-icon\" style=\"text-align:center;\">\n<div class=\"aio-icon none \"  style=\"color:#8d8c8f;font-size:16px;display:inline-block;\">\n\t<i class=\"Defaults-chevron-circle-right\"><\/i>\n<\/div><\/div><\/div>\n<\/div><span  data-ultimate-target='#list-icon-wrap-3605 .uavc-list-desc'  data-responsive-json-new='{\"font-size\":\"\",\"line-height\":\"\"}'  class=\"uavc-list-desc ult-responsive\" style=\"\">Arbeitszeitmodelle &#8211; Familie und Beruf lassen sich bei uns sehr gut vereinbaren!<\/span><\/div><\/li><li><div class=\"uavc-list-content\" id=\"list-icon-wrap-6603\">\n<div class=\"uavc-list-icon  \" data-animation=\"\" data-animation-delay=\"03\" style=\"margin-right:5px;\"><div class=\"ult-just-icon-wrapper  \"><div class=\"align-icon\" style=\"text-align:center;\">\n<div class=\"aio-icon none \"  style=\"color:#8d8c8f;font-size:16px;display:inline-block;\">\n\t<i class=\"Defaults-chevron-circle-right\"><\/i>\n<\/div><\/div><\/div>\n<\/div><span  data-ultimate-target='#list-icon-wrap-6603 .uavc-list-desc'  data-responsive-json-new='{\"font-size\":\"\",\"line-height\":\"\"}'  class=\"uavc-list-desc ult-responsive\" style=\"\">Vermittlung von Doktorarbeiten<\/span><\/div><\/li><li><div class=\"uavc-list-content\" id=\"list-icon-wrap-5367\">\n<div class=\"uavc-list-icon  \" data-animation=\"\" data-animation-delay=\"03\" style=\"margin-right:5px;\"><div class=\"ult-just-icon-wrapper  \"><div class=\"align-icon\" style=\"text-align:center;\">\n<div class=\"aio-icon none \"  style=\"color:#8d8c8f;font-size:16px;display:inline-block;\">\n\t<i class=\"Defaults-chevron-circle-right\"><\/i>\n<\/div><\/div><\/div>\n<\/div><span  data-ultimate-target='#list-icon-wrap-5367 .uavc-list-desc'  data-responsive-json-new='{\"font-size\":\"\",\"line-height\":\"\"}'  class=\"uavc-list-desc ult-responsive\" style=\"\">Anlernen von operativer T\u00e4tigkeit<\/span><\/div><\/li><li><div class=\"uavc-list-content\" id=\"list-icon-wrap-9576\">\n<div class=\"uavc-list-icon  \" data-animation=\"\" data-animation-delay=\"03\" style=\"margin-right:5px;\"><div class=\"ult-just-icon-wrapper  \"><div class=\"align-icon\" style=\"text-align:center;\">\n<div class=\"aio-icon none \"  style=\"color:#8d8c8f;font-size:16px;display:inline-block;\">\n\t<i class=\"Defaults-chevron-circle-right\"><\/i>\n<\/div><\/div><\/div>\n<\/div><span  data-ultimate-target='#list-icon-wrap-9576 .uavc-list-desc'  data-responsive-json-new='{\"font-size\":\"\",\"line-height\":\"\"}'  class=\"uavc-list-desc ult-responsive\" style=\"\">ein super Team mit Menschen, die ihre Arbeit einfach gerne und erfolgreich machen \ud83d\ude42 !<\/span><\/div><\/li><\/ul><\/div>[\/vc_column][\/vc_row][vc_row][vc_column][vc_column_text]<span class=\"schluss-wort\">Kommen Sie zu uns auf die Sonnenseite in ein tolles Team.<br \/>\nWir freuen uns auf Sie!<\/span>[\/vc_column_text][\/vc_column][\/vc_row]<\/p>\n","protected":false},"excerpt":{"rendered":"<p>[vc_row][vc_column width=&#8220;1\/2&#8243;][vc_column_text css=&#8220;.vc_custom_1474469466863{margin-bottom: 16px !important;}&#8220;] Wir suchen [\/vc_column_text][vc_column_text css=&#8220;.vc_custom_1474469490547{margin-bottom: 16px !important;}&#8220;] Voraussetzung [\/vc_column_text][vc_column_text]Zuverl\u00e4ssigkeit, Ehrlichkeit und immer ein L\u00e4cheln auf den Lippen. Bitte schicken Sie Ihre vollst\u00e4ndige Bewerbung an folgende E-Mail Adresse:\u00a0bewerbung@medizentrum-eckert.de, bei Fragen wenden Sie sich jederzeit gerne an Andrea Bernard, 0731 26207010.[\/vc_column_text][\/vc_column][vc_column width=&#8220;1\/2&#8243;][vc_column_text css=&#8220;.vc_custom_1474469470443{margin-bottom: 16px !important;}&#8220;] Wir bieten [\/vc_column_text][\/vc_column][\/vc_row][vc_row][vc_column][vc_column_text]Kommen Sie zu uns auf die&hellip;<\/p>\n","protected":false},"author":1,"featured_media":0,"parent":18,"menu_order":0,"comment_status":"closed","ping_status":"closed","template":"","meta":[],"yoast_head":"<!-- This site is optimized with the Yoast SEO plugin v20.2.1 - https:\/\/yoast.com\/wordpress\/plugins\/seo\/ -->\n<title>Stellenangebote - HNO<\/title>\n<meta name=\"description\" content=\"Stellenangebote im Kieferorthop\u00e4diezentrum Eckert.\" \/>\n<meta name=\"robots\" content=\"index, follow, max-snippet:-1, max-image-preview:large, max-video-preview:-1\" \/>\n<link rel=\"canonical\" href=\"https:\/\/medizentrum-eckert.de\/hno\/ueber-uns\/stellenangebote\/\" \/>\n<meta property=\"og:locale\" content=\"de_DE\" \/>\n<meta property=\"og:type\" content=\"article\" \/>\n<meta property=\"og:title\" content=\"Stellenangebote - HNO\" \/>\n<meta property=\"og:description\" content=\"Stellenangebote im Kieferorthop\u00e4diezentrum Eckert.\" \/>\n<meta property=\"og:url\" content=\"https:\/\/medizentrum-eckert.de\/hno\/ueber-uns\/stellenangebote\/\" \/>\n<meta property=\"og:site_name\" content=\"HNO\" \/>\n<meta property=\"article:modified_time\" content=\"2020-01-16T14:40:46+00:00\" \/>\n<meta name=\"twitter:card\" content=\"summary_large_image\" \/>\n<meta name=\"twitter:label1\" content=\"Gesch\u00e4tzte Lesezeit\" \/>\n\t<meta name=\"twitter:data1\" content=\"2\u00a0Minuten\" \/>\n<script type=\"application\/ld+json\" class=\"yoast-schema-graph\">{\"@context\":\"https:\/\/schema.org\",\"@graph\":[{\"@type\":\"WebPage\",\"@id\":\"https:\/\/medizentrum-eckert.de\/hno\/ueber-uns\/stellenangebote\/\",\"url\":\"https:\/\/medizentrum-eckert.de\/hno\/ueber-uns\/stellenangebote\/\",\"name\":\"Stellenangebote - HNO\",\"isPartOf\":{\"@id\":\"https:\/\/medizentrum-eckert.de\/hno\/#website\"},\"datePublished\":\"2016-09-14T13:43:00+00:00\",\"dateModified\":\"2020-01-16T14:40:46+00:00\",\"description\":\"Stellenangebote im Kieferorthop\u00e4diezentrum Eckert.\",\"breadcrumb\":{\"@id\":\"https:\/\/medizentrum-eckert.de\/hno\/ueber-uns\/stellenangebote\/#breadcrumb\"},\"inLanguage\":\"de\",\"potentialAction\":[{\"@type\":\"ReadAction\",\"target\":[\"https:\/\/medizentrum-eckert.de\/hno\/ueber-uns\/stellenangebote\/\"]}]},{\"@type\":\"BreadcrumbList\",\"@id\":\"https:\/\/medizentrum-eckert.de\/hno\/ueber-uns\/stellenangebote\/#breadcrumb\",\"itemListElement\":[{\"@type\":\"ListItem\",\"position\":1,\"name\":\"Startseite\",\"item\":\"https:\/\/medizentrum-eckert.de\/hno\/\"},{\"@type\":\"ListItem\",\"position\":2,\"name\":\"\u00dcber uns\",\"item\":\"https:\/\/medizentrum-eckert.de\/hno\/ueber-uns\/\"},{\"@type\":\"ListItem\",\"position\":3,\"name\":\"Stellenangebote\"}]},{\"@type\":\"WebSite\",\"@id\":\"https:\/\/medizentrum-eckert.de\/hno\/#website\",\"url\":\"https:\/\/medizentrum-eckert.de\/hno\/\",\"name\":\"HNO\",\"description\":\"\",\"potentialAction\":[{\"@type\":\"SearchAction\",\"target\":{\"@type\":\"EntryPoint\",\"urlTemplate\":\"https:\/\/medizentrum-eckert.de\/hno\/?s={search_term_string}\"},\"query-input\":\"required name=search_term_string\"}],\"inLanguage\":\"de\"}]}<\/script>\n<!-- \/ Yoast SEO plugin. -->","yoast_head_json":{"title":"Stellenangebote - HNO","description":"Stellenangebote im Kieferorthop\u00e4diezentrum Eckert.","robots":{"index":"index","follow":"follow","max-snippet":"max-snippet:-1","max-image-preview":"max-image-preview:large","max-video-preview":"max-video-preview:-1"},"canonical":"https:\/\/medizentrum-eckert.de\/hno\/ueber-uns\/stellenangebote\/","og_locale":"de_DE","og_type":"article","og_title":"Stellenangebote - HNO","og_description":"Stellenangebote im Kieferorthop\u00e4diezentrum Eckert.","og_url":"https:\/\/medizentrum-eckert.de\/hno\/ueber-uns\/stellenangebote\/","og_site_name":"HNO","article_modified_time":"2020-01-16T14:40:46+00:00","twitter_card":"summary_large_image","twitter_misc":{"Gesch\u00e4tzte Lesezeit":"2\u00a0Minuten"},"schema":{"@context":"https:\/\/schema.org","@graph":[{"@type":"WebPage","@id":"https:\/\/medizentrum-eckert.de\/hno\/ueber-uns\/stellenangebote\/","url":"https:\/\/medizentrum-eckert.de\/hno\/ueber-uns\/stellenangebote\/","name":"Stellenangebote - HNO","isPartOf":{"@id":"https:\/\/medizentrum-eckert.de\/hno\/#website"},"datePublished":"2016-09-14T13:43:00+00:00","dateModified":"2020-01-16T14:40:46+00:00","description":"Stellenangebote im Kieferorthop\u00e4diezentrum Eckert.","breadcrumb":{"@id":"https:\/\/medizentrum-eckert.de\/hno\/ueber-uns\/stellenangebote\/#breadcrumb"},"inLanguage":"de","potentialAction":[{"@type":"ReadAction","target":["https:\/\/medizentrum-eckert.de\/hno\/ueber-uns\/stellenangebote\/"]}]},{"@type":"BreadcrumbList","@id":"https:\/\/medizentrum-eckert.de\/hno\/ueber-uns\/stellenangebote\/#breadcrumb","itemListElement":[{"@type":"ListItem","position":1,"name":"Startseite","item":"https:\/\/medizentrum-eckert.de\/hno\/"},{"@type":"ListItem","position":2,"name":"\u00dcber uns","item":"https:\/\/medizentrum-eckert.de\/hno\/ueber-uns\/"},{"@type":"ListItem","position":3,"name":"Stellenangebote"}]},{"@type":"WebSite","@id":"https:\/\/medizentrum-eckert.de\/hno\/#website","url":"https:\/\/medizentrum-eckert.de\/hno\/","name":"HNO","description":"","potentialAction":[{"@type":"SearchAction","target":{"@type":"EntryPoint","urlTemplate":"https:\/\/medizentrum-eckert.de\/hno\/?s={search_term_string}"},"query-input":"required name=search_term_string"}],"inLanguage":"de"}]}},"_links":{"self":[{"href":"https:\/\/medizentrum-eckert.de\/hno\/wp-json\/wp\/v2\/pages\/116"}],"collection":[{"href":"https:\/\/medizentrum-eckert.de\/hno\/wp-json\/wp\/v2\/pages"}],"about":[{"href":"https:\/\/medizentrum-eckert.de\/hno\/wp-json\/wp\/v2\/types\/page"}],"author":[{"embeddable":true,"href":"https:\/\/medizentrum-eckert.de\/hno\/wp-json\/wp\/v2\/users\/1"}],"replies":[{"embeddable":true,"href":"https:\/\/medizentrum-eckert.de\/hno\/wp-json\/wp\/v2\/comments?post=116"}],"version-history":[{"count":8,"href":"https:\/\/medizentrum-eckert.de\/hno\/wp-json\/wp\/v2\/pages\/116\/revisions"}],"predecessor-version":[{"id":9618,"href":"https:\/\/medizentrum-eckert.de\/hno\/wp-json\/wp\/v2\/pages\/116\/revisions\/9618"}],"up":[{"embeddable":true,"href":"https:\/\/medizentrum-eckert.de\/hno\/wp-json\/wp\/v2\/pages\/18"}],"wp:attachment":[{"href":"https:\/\/medizentrum-eckert.de\/hno\/wp-json\/wp\/v2\/media?parent=116"}],"curies":[{"name":"wp","href":"https:\/\/api.w.org\/{rel}","templated":true}]}}