{"id":114,"date":"2016-09-14T15:43:06","date_gmt":"2016-09-14T13:43:06","guid":{"rendered":"http:\/\/wordpress.augenzentrum-eckert.de\/?page_id=114"},"modified":"2016-09-14T15:43:06","modified_gmt":"2016-09-14T13:43:06","slug":"hilfsprojekte","status":"publish","type":"page","link":"https:\/\/medizentrum-eckert.de\/hno\/ueber-uns\/hilfsprojekte\/","title":{"rendered":"Hilfsprojekte"},"content":{"rendered":"<p>[vc_row type=&#8220;vc_default&#8220; equal_height=&#8220;yes&#8220; margin_bottom=&#8220;35&#8243; css=&#8220;.vc_custom_1475167440964{margin-top: 0px !important;margin-bottom: 15px !important;}&#8220; el_class=&#8220;remove-border-all-mobile mobile-margin-bottom-25&#8243;][vc_column width=&#8220;1\/2&#8243; css=&#8220;.vc_custom_1475167548911{border-right-width: 1px !important;padding-top: 10px !important;border-right-color: #e5e5e5 !important;border-right-style: solid !important;}&#8220; el_class=&#8220;remove-border-all-mobile mobile-margin-bottom-25&#8243;][vc_single_image image=&#8220;844&#8243; img_size=&#8220;full&#8220; onclick=&#8220;custom_link&#8220; image_hovers=&#8220;false&#8220; css=&#8220;.vc_custom_1474534090283{margin-bottom: 15px !important;}&#8220; link=&#8220;https:\/\/augenzentrum-eckert.de\/ueber-uns\/hilfsprojekte\/aethiopien\/&#8220;][vc_column_text css=&#8220;.vc_custom_1474485074360{margin-bottom: 15px !important;border-right-width: 0px !important;}&#8220;]<\/p>\n<h2>\u00c4thiopien<\/h2>\n<p>[\/vc_column_text][vc_column_text css=&#8220;.vc_custom_1474534112284{margin-bottom: 15px !important;border-right-width: 0px !important;border-right-color: #e5e5e5 !important;}&#8220;]\u00c4thiopien z\u00e4hlt zu den \u00e4rmsten L\u00e4ndern der Welt. Ca 50% der dort lebenden Menschen sind unterern\u00e4hrt.[\/vc_column_text][vc_btn title=&#8220;Mehr&#8220; style=&#8220;flat&#8220; shape=&#8220;round&#8220; color=&#8220;blue&#8220; size=&#8220;xs&#8220; i_align=&#8220;right&#8220; i_icon_fontawesome=&#8220;fa fa-chevron-right&#8220; link=&#8220;url:https%3A%2F%2Faugenzentrum-eckert.de%2Fueber-uns%2Fhilfsprojekte%2Faethiopien%2F|title:Hilfsprojekt%20%C3%84thiopien||&#8220; add_icon=&#8220;true&#8220;][\/vc_column][vc_column width=&#8220;1\/2&#8243; el_class=&#8220;remove-border-all-mobile mobile-margin-bottom-25&#8243; css=&#8220;.vc_custom_1475167542990{padding-top: 10px !important;}&#8220;][vc_single_image image=&#8220;825&#8243; img_size=&#8220;full&#8220; onclick=&#8220;custom_link&#8220; image_hovers=&#8220;false&#8220; css=&#8220;.vc_custom_1474534217959{margin-bottom: 15px !important;}&#8220; link=&#8220;https:\/\/augenzentrum-eckert.de\/ueber-uns\/hilfsprojekte\/indien-2012\/&#8220;][vc_column_text css=&#8220;.vc_custom_1474487610112{margin-bottom: 15px !important;border-right-width: 0px !important;}&#8220;]<\/p>\n<h2>Indien 2012<\/h2>\n<p>[\/vc_column_text][vc_column_text css=&#8220;.vc_custom_1474487592231{margin-bottom: 15px !important;border-right-width: 0px !important;border-right-color: #e5e5e5 !important;}&#8220;]Im Jahr 2012 waren wir f\u00fcr mehrere Wochen im Norden von Indien, in der N\u00e4he des Himalayas.[\/vc_column_text][vc_btn title=&#8220;Mehr&#8220; style=&#8220;flat&#8220; shape=&#8220;round&#8220; color=&#8220;blue&#8220; size=&#8220;xs&#8220; i_align=&#8220;right&#8220; i_icon_fontawesome=&#8220;fa fa-chevron-right&#8220; link=&#8220;url:https%3A%2F%2Faugenzentrum-eckert.de%2Fueber-uns%2Fhilfsprojekte%2Findien-2012%2F|title:Hilfsprojekt%20Indien%202012||&#8220; add_icon=&#8220;true&#8220;][\/vc_column][\/vc_row][vc_row type=&#8220;vc_default&#8220; margin_top=&#8220;15&#8243; margin_bottom=&#8220;15&#8243; css=&#8220;.vc_custom_1475144907572{margin-bottom: 15px !important;}&#8220; el_class=&#8220;remove-border-all-mobile mobile-margin-bottom-0&#8243;][vc_column width=&#8220;1\/2&#8243; offset=&#8220;vc_hidden-xs&#8220;][vc_separator align=&#8220;align_left&#8220; css=&#8220;.vc_custom_1474278094059{margin-bottom: 0px !important;}&#8220;][\/vc_column][vc_column width=&#8220;1\/2&#8243; offset=&#8220;vc_hidden-xs&#8220;][vc_separator align=&#8220;align_left&#8220; css=&#8220;.vc_custom_1474478401750{margin-bottom: 0px !important;}&#8220;][\/vc_column][\/vc_row][vc_row type=&#8220;vc_default&#8220; equal_height=&#8220;yes&#8220; margin_bottom=&#8220;35&#8243; el_class=&#8220;remove-border-all-mobile mobile-margin-bottom-25&#8243; css=&#8220;.vc_custom_1475144921204{margin-bottom: 15px !important;}&#8220;][vc_column width=&#8220;1\/2&#8243; css=&#8220;.vc_custom_1475167559532{border-right-width: 1px !important;padding-top: 10px !important;border-right-color: #e5e5e5 !important;border-right-style: solid !important;}&#8220; el_class=&#8220;remove-border-all-mobile mobile-margin-bottom-25&#8243;][vc_single_image image=&#8220;792&#8243; img_size=&#8220;full&#8220; onclick=&#8220;custom_link&#8220; image_hovers=&#8220;false&#8220; css=&#8220;.vc_custom_1474534174082{margin-bottom: 15px !important;}&#8220; link=&#8220;https:\/\/augenzentrum-eckert.de\/ueber-uns\/hilfsprojekte\/indien-2013\/&#8220;][vc_column_text css=&#8220;.vc_custom_1474485115389{margin-bottom: 15px !important;border-right-width: 0px !important;}&#8220;]<\/p>\n<h2>Indien 2013<\/h2>\n<p>[\/vc_column_text][vc_column_text css=&#8220;.vc_custom_1474485122921{margin-bottom: 15px !important;border-right-width: 0px !important;border-right-color: #e5e5e5 !important;}&#8220;]F\u00fcr 2 Monate- 7 Tage die Woche f\u00fcr die Patienten in Indien da![\/vc_column_text][vc_btn title=&#8220;Mehr&#8220; style=&#8220;flat&#8220; shape=&#8220;round&#8220; color=&#8220;blue&#8220; size=&#8220;xs&#8220; i_align=&#8220;right&#8220; i_icon_fontawesome=&#8220;fa fa-chevron-right&#8220; link=&#8220;url:https%3A%2F%2Faugenzentrum-eckert.de%2Fueber-uns%2Fhilfsprojekte%2Findien-2013%2F|title:Hilfsprojekt%20Indien%202013||&#8220; add_icon=&#8220;true&#8220;][\/vc_column][vc_column width=&#8220;1\/2&#8243; css=&#8220;.vc_custom_1475167564446{padding-top: 10px !important;}&#8220; el_class=&#8220;remove-border-all-mobile mobile-margin-bottom-25&#8243;][vc_single_image image=&#8220;725&#8243; img_size=&#8220;full&#8220; onclick=&#8220;custom_link&#8220; image_hovers=&#8220;false&#8220; css=&#8220;.vc_custom_1474475639783{margin-bottom: 15px !important;}&#8220; link=&#8220;https:\/\/augenzentrum-eckert.de\/ueber-uns\/hilfsprojekte\/nigeria\/&#8220;][vc_column_text css=&#8220;.vc_custom_1474475529285{margin-bottom: 15px !important;border-right-width: 0px !important;}&#8220;]<\/p>\n<h2>Hilfsprojekt Nigeria<\/h2>\n<p>[\/vc_column_text][vc_column_text css=&#8220;.vc_custom_1485363165124{margin-bottom: 15px !important;border-right-width: 0px !important;border-right-color: #e5e5e5 !important;}&#8220;]Frau Gabi Ayivi leitet das Projekt in Nigeria. Sie hat dort mit Augen\u00e4rzten vor Ort eine Augenklinik mit aufgebaut und hilft den Menschen, die sich keine Star-Operation dort leisten k\u00f6nnen.[\/vc_column_text][vc_btn title=&#8220;Mehr&#8220; style=&#8220;flat&#8220; shape=&#8220;round&#8220; color=&#8220;blue&#8220; size=&#8220;xs&#8220; i_align=&#8220;right&#8220; i_icon_fontawesome=&#8220;fa fa-chevron-right&#8220; link=&#8220;url:https%3A%2F%2Faugenzentrum-eckert.de%2Fueber-uns%2Fhilfsprojekte%2Fnigeria%2F|title:Hilfsprojekt%20Nigeria||&#8220; add_icon=&#8220;true&#8220;][\/vc_column][\/vc_row][vc_row margin_bottom=&#8220;15&#8243; css=&#8220;.vc_custom_1475144955264{margin-bottom: 35px !important;}&#8220; el_class=&#8220;remove-border-all-mobile mobile-margin-bottom-0&#8243;][vc_column width=&#8220;1\/2&#8243; offset=&#8220;vc_hidden-xs&#8220;][vc_separator align=&#8220;align_left&#8220; css=&#8220;.vc_custom_1474278094059{margin-bottom: 0px !important;}&#8220;][\/vc_column][vc_column width=&#8220;1\/2&#8243; offset=&#8220;vc_hidden-xs&#8220;][vc_separator align=&#8220;align_left&#8220; css=&#8220;.vc_custom_1474478401750{margin-bottom: 0px !important;}&#8220;][\/vc_column][\/vc_row][vc_row type=&#8220;vc_default&#8220; equal_height=&#8220;yes&#8220; css=&#8220;.vc_custom_1474903878881{margin-bottom: 40px !important;}&#8220; el_class=&#8220;remove-border-all-mobile mobile-margin-bottom-25&#8243;][vc_column width=&#8220;1\/2&#8243; css=&#8220;.vc_custom_1475167570572{border-right-width: 1px !important;padding-top: 10px !important;border-right-color: #e5e5e5 !important;border-right-style: solid !important;border-radius: 1px !important;}&#8220; el_class=&#8220;remove-border-all-mobile mobile-margin-bottom-25&#8243;][vc_single_image image=&#8220;764&#8243; img_size=&#8220;full&#8220; onclick=&#8220;custom_link&#8220; img_link_target=&#8220;_blank&#8220; image_hovers=&#8220;false&#8220; css=&#8220;.vc_custom_1497024163002{margin-bottom: 15px !important;}&#8220; link=&#8220;http:\/\/vision2020deutschland.de\/seiten\/presse.php&#8220;][vc_column_text css=&#8220;.vc_custom_1474478178010{margin-bottom: 15px !important;}&#8220;]<\/p>\n<h2>Vision 2020 Deutschland<\/h2>\n<p>[\/vc_column_text][vc_column_text css=&#8220;.vc_custom_1474478190027{margin-bottom: 15px !important;border-right-width: 0px !important;border-right-color: #e5e5e5 !important;}&#8220;]Dr. Eckert- Pressesprecher bei Vision 2020[\/vc_column_text][vc_btn title=&#8220;Mehr (extern)&#8220; style=&#8220;flat&#8220; shape=&#8220;round&#8220; color=&#8220;blue&#8220; size=&#8220;xs&#8220; i_align=&#8220;right&#8220; i_icon_fontawesome=&#8220;fa fa-chevron-right&#8220; link=&#8220;url:http%3A%2F%2Fvision2020deutschland.de%2Fseiten%2Fpresse.php|title:Vision%202020|target:%20_blank|&#8220; add_icon=&#8220;true&#8220;][\/vc_column][vc_column width=&#8220;1\/2&#8243; css=&#8220;.vc_custom_1475167575388{padding-top: 10px !important;}&#8220; el_class=&#8220;remove-border-all-mobile mobile-margin-bottom-25&#8243;][vc_single_image image=&#8220;759&#8243; img_size=&#8220;full&#8220; onclick=&#8220;custom_link&#8220; img_link_target=&#8220;_blank&#8220; image_hovers=&#8220;false&#8220; css=&#8220;.vc_custom_1497024154297{margin-bottom: 15px !important;}&#8220; link=&#8220;http:\/\/www.woche-des-sehens.de\/ueber-uns&#8220;][vc_column_text css=&#8220;.vc_custom_1474478005096{margin-bottom: 15px !important;}&#8220;]<\/p>\n<h2>Woche des Sehens<\/h2>\n<p>[\/vc_column_text][vc_btn title=&#8220;Mehr (extern)&#8220; style=&#8220;flat&#8220; shape=&#8220;round&#8220; color=&#8220;blue&#8220; size=&#8220;xs&#8220; i_align=&#8220;right&#8220; i_icon_fontawesome=&#8220;fa fa-chevron-right&#8220; link=&#8220;url:http%3A%2F%2Fwww.woche-des-sehens.de%2Fueber-uns|title:Woche%20des%20Sehens|target:%20_blank|&#8220; add_icon=&#8220;true&#8220;][\/vc_column][\/vc_row]<\/p>\n","protected":false},"excerpt":{"rendered":"<p>[vc_row type=&#8220;vc_default&#8220; equal_height=&#8220;yes&#8220; margin_bottom=&#8220;35&#8243; css=&#8220;.vc_custom_1475167440964{margin-top: 0px !important;margin-bottom: 15px !important;}&#8220; el_class=&#8220;remove-border-all-mobile mobile-margin-bottom-25&#8243;][vc_column width=&#8220;1\/2&#8243; css=&#8220;.vc_custom_1475167548911{border-right-width: 1px !important;padding-top: 10px !important;border-right-color: #e5e5e5 !important;border-right-style: solid !important;}&#8220; el_class=&#8220;remove-border-all-mobile mobile-margin-bottom-25&#8243;][vc_single_image image=&#8220;844&#8243; img_size=&#8220;full&#8220; onclick=&#8220;custom_link&#8220; image_hovers=&#8220;false&#8220; css=&#8220;.vc_custom_1474534090283{margin-bottom: 15px !important;}&#8220; link=&#8220;https:\/\/augenzentrum-eckert.de\/ueber-uns\/hilfsprojekte\/aethiopien\/&#8220;][vc_column_text css=&#8220;.vc_custom_1474485074360{margin-bottom: 15px !important;border-right-width: 0px !important;}&#8220;] \u00c4thiopien [\/vc_column_text][vc_column_text css=&#8220;.vc_custom_1474534112284{margin-bottom: 15px !important;border-right-width: 0px !important;border-right-color: #e5e5e5 !important;}&#8220;]\u00c4thiopien z\u00e4hlt zu den \u00e4rmsten L\u00e4ndern der Welt. Ca 50% der&hellip;<\/p>\n","protected":false},"author":1,"featured_media":0,"parent":18,"menu_order":0,"comment_status":"closed","ping_status":"closed","template":"","meta":[],"yoast_head":"<!-- This site is optimized with the Yoast SEO plugin v20.2.1 - https:\/\/yoast.com\/wordpress\/plugins\/seo\/ -->\n<title>Hilfsprojekte - Augenzentrum Eckert<\/title>\n<meta name=\"description\" content=\"Hilfsprojekte: \u00c4thiopien, Indien 2012, Indien 2013, Hilfsprojekt Nigeria, Vision 2020 Deutschland, Woche des Sehens\" \/>\n<meta name=\"robots\" content=\"index, follow, max-snippet:-1, max-image-preview:large, max-video-preview:-1\" \/>\n<link rel=\"canonical\" href=\"https:\/\/medizentrum-eckert.de\/hno\/ueber-uns\/hilfsprojekte\/\" \/>\n<meta property=\"og:locale\" content=\"de_DE\" \/>\n<meta property=\"og:type\" content=\"article\" \/>\n<meta property=\"og:title\" content=\"Hilfsprojekte - Augenzentrum Eckert\" \/>\n<meta property=\"og:description\" content=\"Hilfsprojekte: \u00c4thiopien, Indien 2012, Indien 2013, Hilfsprojekt Nigeria, Vision 2020 Deutschland, Woche des Sehens\" \/>\n<meta property=\"og:url\" content=\"https:\/\/medizentrum-eckert.de\/hno\/ueber-uns\/hilfsprojekte\/\" \/>\n<meta property=\"og:site_name\" content=\"HNO\" \/>\n<meta name=\"twitter:card\" content=\"summary_large_image\" \/>\n<meta name=\"twitter:label1\" content=\"Gesch\u00e4tzte Lesezeit\" \/>\n\t<meta name=\"twitter:data1\" content=\"5\u00a0Minuten\" \/>\n<script type=\"application\/ld+json\" class=\"yoast-schema-graph\">{\"@context\":\"https:\/\/schema.org\",\"@graph\":[{\"@type\":\"WebPage\",\"@id\":\"https:\/\/medizentrum-eckert.de\/hno\/ueber-uns\/hilfsprojekte\/\",\"url\":\"https:\/\/medizentrum-eckert.de\/hno\/ueber-uns\/hilfsprojekte\/\",\"name\":\"Hilfsprojekte - Augenzentrum Eckert\",\"isPartOf\":{\"@id\":\"https:\/\/medizentrum-eckert.de\/hno\/#website\"},\"datePublished\":\"2016-09-14T13:43:06+00:00\",\"dateModified\":\"2016-09-14T13:43:06+00:00\",\"description\":\"Hilfsprojekte: \u00c4thiopien, Indien 2012, Indien 2013, Hilfsprojekt Nigeria, Vision 2020 Deutschland, Woche des Sehens\",\"breadcrumb\":{\"@id\":\"https:\/\/medizentrum-eckert.de\/hno\/ueber-uns\/hilfsprojekte\/#breadcrumb\"},\"inLanguage\":\"de\",\"potentialAction\":[{\"@type\":\"ReadAction\",\"target\":[\"https:\/\/medizentrum-eckert.de\/hno\/ueber-uns\/hilfsprojekte\/\"]}]},{\"@type\":\"BreadcrumbList\",\"@id\":\"https:\/\/medizentrum-eckert.de\/hno\/ueber-uns\/hilfsprojekte\/#breadcrumb\",\"itemListElement\":[{\"@type\":\"ListItem\",\"position\":1,\"name\":\"Startseite\",\"item\":\"https:\/\/medizentrum-eckert.de\/hno\/\"},{\"@type\":\"ListItem\",\"position\":2,\"name\":\"\u00dcber uns\",\"item\":\"https:\/\/medizentrum-eckert.de\/hno\/ueber-uns\/\"},{\"@type\":\"ListItem\",\"position\":3,\"name\":\"Hilfsprojekte\"}]},{\"@type\":\"WebSite\",\"@id\":\"https:\/\/medizentrum-eckert.de\/hno\/#website\",\"url\":\"https:\/\/medizentrum-eckert.de\/hno\/\",\"name\":\"HNO\",\"description\":\"\",\"potentialAction\":[{\"@type\":\"SearchAction\",\"target\":{\"@type\":\"EntryPoint\",\"urlTemplate\":\"https:\/\/medizentrum-eckert.de\/hno\/?s={search_term_string}\"},\"query-input\":\"required name=search_term_string\"}],\"inLanguage\":\"de\"}]}<\/script>\n<!-- \/ Yoast SEO plugin. -->","yoast_head_json":{"title":"Hilfsprojekte - Augenzentrum Eckert","description":"Hilfsprojekte: \u00c4thiopien, Indien 2012, Indien 2013, Hilfsprojekt Nigeria, Vision 2020 Deutschland, Woche des Sehens","robots":{"index":"index","follow":"follow","max-snippet":"max-snippet:-1","max-image-preview":"max-image-preview:large","max-video-preview":"max-video-preview:-1"},"canonical":"https:\/\/medizentrum-eckert.de\/hno\/ueber-uns\/hilfsprojekte\/","og_locale":"de_DE","og_type":"article","og_title":"Hilfsprojekte - Augenzentrum Eckert","og_description":"Hilfsprojekte: \u00c4thiopien, Indien 2012, Indien 2013, Hilfsprojekt Nigeria, Vision 2020 Deutschland, Woche des Sehens","og_url":"https:\/\/medizentrum-eckert.de\/hno\/ueber-uns\/hilfsprojekte\/","og_site_name":"HNO","twitter_card":"summary_large_image","twitter_misc":{"Gesch\u00e4tzte Lesezeit":"5\u00a0Minuten"},"schema":{"@context":"https:\/\/schema.org","@graph":[{"@type":"WebPage","@id":"https:\/\/medizentrum-eckert.de\/hno\/ueber-uns\/hilfsprojekte\/","url":"https:\/\/medizentrum-eckert.de\/hno\/ueber-uns\/hilfsprojekte\/","name":"Hilfsprojekte - Augenzentrum Eckert","isPartOf":{"@id":"https:\/\/medizentrum-eckert.de\/hno\/#website"},"datePublished":"2016-09-14T13:43:06+00:00","dateModified":"2016-09-14T13:43:06+00:00","description":"Hilfsprojekte: \u00c4thiopien, Indien 2012, Indien 2013, Hilfsprojekt Nigeria, Vision 2020 Deutschland, Woche des Sehens","breadcrumb":{"@id":"https:\/\/medizentrum-eckert.de\/hno\/ueber-uns\/hilfsprojekte\/#breadcrumb"},"inLanguage":"de","potentialAction":[{"@type":"ReadAction","target":["https:\/\/medizentrum-eckert.de\/hno\/ueber-uns\/hilfsprojekte\/"]}]},{"@type":"BreadcrumbList","@id":"https:\/\/medizentrum-eckert.de\/hno\/ueber-uns\/hilfsprojekte\/#breadcrumb","itemListElement":[{"@type":"ListItem","position":1,"name":"Startseite","item":"https:\/\/medizentrum-eckert.de\/hno\/"},{"@type":"ListItem","position":2,"name":"\u00dcber uns","item":"https:\/\/medizentrum-eckert.de\/hno\/ueber-uns\/"},{"@type":"ListItem","position":3,"name":"Hilfsprojekte"}]},{"@type":"WebSite","@id":"https:\/\/medizentrum-eckert.de\/hno\/#website","url":"https:\/\/medizentrum-eckert.de\/hno\/","name":"HNO","description":"","potentialAction":[{"@type":"SearchAction","target":{"@type":"EntryPoint","urlTemplate":"https:\/\/medizentrum-eckert.de\/hno\/?s={search_term_string}"},"query-input":"required name=search_term_string"}],"inLanguage":"de"}]}},"_links":{"self":[{"href":"https:\/\/medizentrum-eckert.de\/hno\/wp-json\/wp\/v2\/pages\/114"}],"collection":[{"href":"https:\/\/medizentrum-eckert.de\/hno\/wp-json\/wp\/v2\/pages"}],"about":[{"href":"https:\/\/medizentrum-eckert.de\/hno\/wp-json\/wp\/v2\/types\/page"}],"author":[{"embeddable":true,"href":"https:\/\/medizentrum-eckert.de\/hno\/wp-json\/wp\/v2\/users\/1"}],"replies":[{"embeddable":true,"href":"https:\/\/medizentrum-eckert.de\/hno\/wp-json\/wp\/v2\/comments?post=114"}],"version-history":[{"count":0,"href":"https:\/\/medizentrum-eckert.de\/hno\/wp-json\/wp\/v2\/pages\/114\/revisions"}],"up":[{"embeddable":true,"href":"https:\/\/medizentrum-eckert.de\/hno\/wp-json\/wp\/v2\/pages\/18"}],"wp:attachment":[{"href":"https:\/\/medizentrum-eckert.de\/hno\/wp-json\/wp\/v2\/media?parent=114"}],"curies":[{"name":"wp","href":"https:\/\/api.w.org\/{rel}","templated":true}]}}